{"id":99898,"date":"2024-12-15T11:11:27","date_gmt":"2024-12-15T11:11:27","guid":{"rendered":"https:\/\/www.otiumhome.fi\/?p=99898"},"modified":"2025-06-06T15:43:48","modified_gmt":"2025-06-06T15:43:48","slug":"konsolipoyta-musta-lasinen-poytalevy-98x30x81-cm-teras","status":"publish","type":"product","link":"https:\/\/www.otiumhome.fi\/index.php\/tuote\/konsolipoyta-musta-lasinen-poytalevy-98x30x81-cm-teras\/","title":{"rendered":"Konsolip\u00f6yt\u00e4 musta lasinen p\u00f6yt\u00e4levy 98x30x81 cm ter\u00e4s"},"content":{"rendered":"<p>Toiminnallisuuden ja kauneuden yhdist\u00e4v\u00e4 konsolip\u00f6yt\u00e4 on huoneesi keskipiste.<\/p>\n<\/p>\n<ul>\n<li>Lasinen p\u00f6yt\u00e4levy: Sohvap\u00f6yd\u00e4n p\u00f6yt\u00e4levy tarjoaa n\u00e4kyv\u00e4n ja reilun pinnan maljakoiden, ruukkukasvien tai muiden koristeiden sijoittamiseen.<\/li>\n<li>Tukeva ja vakaa runko: Eteisen p\u00f6yd\u00e4n ruostumaton ter\u00e4srunko takaa sen tukevuuden ja vakauden.<\/li>\n<li>Helppo hoitaa: Tahroja hylkivill\u00e4 pinnoilla varustettu eteisen p\u00f6yt\u00e4 on helppo pyyhki\u00e4 puhtaaksi ja voit vaivattomasti pit\u00e4\u00e4 p\u00f6yd\u00e4n upean n\u00e4k\u00f6isen\u00e4.<\/li>\n<li>Yksinkertainen muotoilu: Eteisen konsolip\u00f6yd\u00e4ss\u00e4 on yksinkertainen ja moderni muotoilu, joka t\u00e4ydent\u00e4\u00e4 mink\u00e4 tahansa huoneen sisustusta.<\/li>\n<\/ul>\n<p>Varoitus:<\/p>\n<ul>\n<li>Kaatumisen est\u00e4miseksi t\u00e4t\u00e4 tuotetta on k\u00e4ytett\u00e4v\u00e4 mukana toimitetun sein\u00e4kiinnityslaitteen kanssa.<\/li>\n<\/ul>\n<ul>\n<li>V\u00e4ri: Musta lasi<\/li>\n<li>Materiaali: Ter\u00e4s ja lasi<\/li>\n<li>Mitat: 98 x 30 x 81 cm (P x L x K)<\/li>\n<li>Asennus vaaditaan: Kyll\u00e4<\/li>\n<li>Legal Documents:\n<p><span>Lis\u00e4tietoja huonekalujesi kaatumisen est\u00e4misest\u00e4 voit l\u00f6yt\u00e4\u00e4 <span style=\"text-decoration: underline\"><strong><a title=\"https:\/\/bit.ly\/3bVwkQp\" href=\"https:\/\/bit.ly\/3bVwkQp\" target=\"_blank\">t\u00e4\u00e4lt\u00e4<\/a><\/strong><\/span><\/span><\/p>\n<\/li>\n<\/ul>\n","protected":false},"excerpt":{"rendered":"<ul>\n<li>V\u00e4ri: Musta lasi<\/li>\n<li>Materiaali: Ter\u00e4s ja lasi<\/li>\n<li>Mitat: 98 x 30 x 81 cm (P x L x K)<\/li>\n<li>Asennus vaaditaan: Kyll\u00e4<\/li>\n<li>Legal Documents:\n<p><span>Lis\u00e4tietoja huonekalujesi kaatumisen est\u00e4misest\u00e4 voit l\u00f6yt\u00e4\u00e4 <span style=\"text-decoration: underline\"><strong><a title=\"https:\/\/bit.ly\/3bVwkQp\" href=\"https:\/\/bit.ly\/3bVwkQp\" target=\"_blank\">t\u00e4\u00e4lt\u00e4<\/a><\/strong><\/span><\/span><\/p>\n<\/li>\n<\/ul>\n","protected":false},"featured_media":10000099898,"comment_status":"closed","ping_status":"closed","template":"","meta":[],"product_brand":[],"product_cat":[84,8559,8533],"product_tag":[],"class_list":{"0":"post-99898","1":"product","2":"type-product","3":"status-publish","4":"has-post-thumbnail","6":"product_cat-huonekalut","7":"product_cat-konsolipoydat","8":"product_cat-sivupoydat","10":"first","11":"instock","12":"taxable","13":"shipping-taxable","14":"purchasable","15":"product-type-simple"},"_links":{"self":[{"href":"https:\/\/www.otiumhome.fi\/index.php\/wp-json\/wp\/v2\/product\/99898","targetHints":{"allow":["GET"]}}],"collection":[{"href":"https:\/\/www.otiumhome.fi\/index.php\/wp-json\/wp\/v2\/product"}],"about":[{"href":"https:\/\/www.otiumhome.fi\/index.php\/wp-json\/wp\/v2\/types\/product"}],"replies":[{"embeddable":true,"href":"https:\/\/www.otiumhome.fi\/index.php\/wp-json\/wp\/v2\/comments?post=99898"}],"wp:featuredmedia":[{"embeddable":true,"href":"https:\/\/www.otiumhome.fi\/index.php\/wp-json\/"}],"wp:attachment":[{"href":"https:\/\/www.otiumhome.fi\/index.php\/wp-json\/wp\/v2\/media?parent=99898"}],"wp:term":[{"taxonomy":"product_brand","embeddable":true,"href":"https:\/\/www.otiumhome.fi\/index.php\/wp-json\/wp\/v2\/product_brand?post=99898"},{"taxonomy":"product_cat","embeddable":true,"href":"https:\/\/www.otiumhome.fi\/index.php\/wp-json\/wp\/v2\/product_cat?post=99898"},{"taxonomy":"product_tag","embeddable":true,"href":"https:\/\/www.otiumhome.fi\/index.php\/wp-json\/wp\/v2\/product_tag?post=99898"}],"curies":[{"name":"wp","href":"https:\/\/api.w.org\/{rel}","templated":true}]}}