{"id":99872,"date":"2024-12-15T11:11:24","date_gmt":"2024-12-15T11:11:24","guid":{"rendered":"https:\/\/www.otiumhome.fi\/?p=99872"},"modified":"2025-06-06T15:43:45","modified_gmt":"2025-06-06T15:43:45","slug":"konsolipoyta-hopea-ruostumaton-teras-ja-kierratetty-tayspuu","status":"publish","type":"product","link":"https:\/\/www.otiumhome.fi\/index.php\/tuote\/konsolipoyta-hopea-ruostumaton-teras-ja-kierratetty-tayspuu\/","title":{"rendered":"Konsolip\u00f6yt\u00e4 hopea ruostumaton ter\u00e4s ja kierr\u00e4tetty t\u00e4yspuu"},"content":{"rendered":"<p>Toiminnallisuuden ja kauneuden yhdist\u00e4v\u00e4 konsolip\u00f6yt\u00e4 on huoneesi keskipiste.<\/p>\n<\/p>\n<ul>\n<li> Kierr\u00e4tetty t\u00e4yspuinen p\u00f6yt\u00e4levy: Sohvap\u00f6yd\u00e4n p\u00f6yt\u00e4levy tarjoaa n\u00e4kyv\u00e4n ja reilun pinnan maljakoiden, ruukkukasvien tai muiden koristeiden sijoittamiseen. <\/li>\n<li>Tukeva ja vakaa runko: Eteisen p\u00f6yd\u00e4n ruostumaton ter\u00e4srunko takaa sen tukevuuden ja vakauden. <\/li>\n<li>Helppo hoitaa: Tahroja hylkivill\u00e4 pinnoilla varustettu eteisen p\u00f6yt\u00e4 on helppo pyyhki\u00e4 puhtaaksi ja voit vaivattomasti pit\u00e4\u00e4 p\u00f6yd\u00e4n upean n\u00e4k\u00f6isen\u00e4. <\/li>\n<li>Yksinkertainen muotoilu: Eteisen konsolip\u00f6yd\u00e4ss\u00e4 on yksinkertainen ja moderni muotoilu, joka t\u00e4ydent\u00e4\u00e4 mink\u00e4 tahansa huoneen sisustusta.<\/li>\n<\/ul>\n<ul>\n<li>Rungon v\u00e4ri: Hopea<\/li>\n<li>Materiaali: Ruostumaton ter\u00e4s, kierr\u00e4tetty t\u00e4yspuu<\/li>\n<li>Mitat: 110 x 35 x 70 cm (P x L x K)<\/li>\n<li>P\u00f6yt\u00e4levyn paksuus: 15 mm<\/li>\n<li>Asennus vaaditaan: Kyll\u00e4<\/li>\n<\/ul>\n","protected":false},"excerpt":{"rendered":"<ul>\n<li>Rungon v\u00e4ri: Hopea<\/li>\n<li>Materiaali: Ruostumaton ter\u00e4s, kierr\u00e4tetty t\u00e4yspuu<\/li>\n<li>Mitat: 110 x 35 x 70 cm (P x L x K)<\/li>\n<li>P\u00f6yt\u00e4levyn paksuus: 15 mm<\/li>\n<li>Asennus vaaditaan: Kyll\u00e4<\/li>\n<\/ul>\n","protected":false},"featured_media":10000099872,"comment_status":"closed","ping_status":"closed","template":"","meta":[],"product_brand":[],"product_cat":[84,8559,8533],"product_tag":[],"class_list":{"0":"post-99872","1":"product","2":"type-product","3":"status-publish","4":"has-post-thumbnail","6":"product_cat-huonekalut","7":"product_cat-konsolipoydat","8":"product_cat-sivupoydat","10":"first","11":"instock","12":"taxable","13":"shipping-taxable","14":"purchasable","15":"product-type-simple"},"_links":{"self":[{"href":"https:\/\/www.otiumhome.fi\/index.php\/wp-json\/wp\/v2\/product\/99872","targetHints":{"allow":["GET"]}}],"collection":[{"href":"https:\/\/www.otiumhome.fi\/index.php\/wp-json\/wp\/v2\/product"}],"about":[{"href":"https:\/\/www.otiumhome.fi\/index.php\/wp-json\/wp\/v2\/types\/product"}],"replies":[{"embeddable":true,"href":"https:\/\/www.otiumhome.fi\/index.php\/wp-json\/wp\/v2\/comments?post=99872"}],"wp:featuredmedia":[{"embeddable":true,"href":"https:\/\/www.otiumhome.fi\/index.php\/wp-json\/"}],"wp:attachment":[{"href":"https:\/\/www.otiumhome.fi\/index.php\/wp-json\/wp\/v2\/media?parent=99872"}],"wp:term":[{"taxonomy":"product_brand","embeddable":true,"href":"https:\/\/www.otiumhome.fi\/index.php\/wp-json\/wp\/v2\/product_brand?post=99872"},{"taxonomy":"product_cat","embeddable":true,"href":"https:\/\/www.otiumhome.fi\/index.php\/wp-json\/wp\/v2\/product_cat?post=99872"},{"taxonomy":"product_tag","embeddable":true,"href":"https:\/\/www.otiumhome.fi\/index.php\/wp-json\/wp\/v2\/product_tag?post=99872"}],"curies":[{"name":"wp","href":"https:\/\/api.w.org\/{rel}","templated":true}]}}