{"id":99868,"date":"2024-12-15T11:11:24","date_gmt":"2024-12-15T11:11:24","guid":{"rendered":"https:\/\/www.otiumhome.fi\/?p=99868"},"modified":"2025-12-14T06:21:40","modified_gmt":"2025-12-14T06:21:40","slug":"jakkarat-2-kpl-hunajanruskea-40x40x75-cm-taysi-manty","status":"publish","type":"product","link":"https:\/\/www.otiumhome.fi\/index.php\/tuote\/jakkarat-2-kpl-hunajanruskea-40x40x75-cm-taysi-manty\/","title":{"rendered":"Jakkarat 2 kpl hunajanruskea 40x40x75 cm t\u00e4ysi m\u00e4nty"},"content":{"rendered":"<p>N\u00e4m\u00e4 rustiikkiset puujakkarat ovat erinomainen lis\u00e4 huoneesi sisustukseen!<\/p>\n<\/p>\n<ul>\n<li>T\u00e4ysi m\u00e4nty: N\u00e4m\u00e4 tuolit on valmistettu t\u00e4ydest\u00e4 m\u00e4nnyst\u00e4, joka on kaunis luonnon materiaali. M\u00e4nnyll\u00e4 on suorat puunsyyt ja sen oksanpaikat antavat materiaalille sen ominaisen rustiikkisen ilmeen.<\/li>\n<li>K\u00e4yt\u00e4nn\u00f6llinen muotoilu: N\u00e4iss\u00e4 baarijakkaroissa ei ole selk\u00e4nojia, joten voit istua jakkaroiden jokaisella puolella ja s\u00e4ilytt\u00e4\u00e4 niit\u00e4 ty\u00f6tason alla, kun ne eiv\u00e4t ole k\u00e4yt\u00f6ss\u00e4.<\/li>\n<li>Laaja k\u00e4ytt\u00f6: N\u00e4iss\u00e4 monitoimisissa baarituoleissa on t\u00e4ydelliset muodot, joka sopii talosi mihin tahansa huoneeseen. Niit\u00e4 voidaan k\u00e4ytt\u00e4\u00e4 keitti\u00f6ss\u00e4, ruokasalissa, olohuoneessa, jne,<\/li>\n<\/ul>\n<p>Huomioi:<\/p>\n<ul>\n<li>Jokaisen tuotteen mukana on laatikossa kokoonpano-ohje helppoa asennusta varten.<\/li>\n<\/ul>\n<ul>\n<li>V\u00e4ri: Hunajanruskea<\/li>\n<li>Materiaali: T\u00e4ysi m\u00e4nty<\/li>\n<li>Mitat: 40 x 40 x 75 cm (L x S x K)<\/li>\n<li>Maksimikantavuus (per istuin): 110 kg<\/li>\n<li><strong>Toimitus sis\u00e4lt\u00e4\u00e4<\/strong><\/li>\n<li>2 x jakkara<\/li>\n<li> <\/li>\n<\/ul>\n","protected":false},"excerpt":{"rendered":"<ul>\n<li>V\u00e4ri: Hunajanruskea<\/li>\n<li>Materiaali: T\u00e4ysi m\u00e4nty<\/li>\n<li>Mitat: 40 x 40 x 75 cm (L x S x K)<\/li>\n<li>Maksimikantavuus (per istuin): 110 kg<\/li>\n<li><strong>Toimitus sis\u00e4lt\u00e4\u00e4<\/strong><\/li>\n<li>2 x jakkara<\/li>\n<li> <\/li>\n<\/ul>\n","protected":false},"featured_media":10000099868,"comment_status":"closed","ping_status":"closed","template":"","meta":[],"product_brand":[],"product_cat":[84,8558],"product_tag":[],"class_list":{"0":"post-99868","1":"product","2":"type-product","3":"status-publish","4":"has-post-thumbnail","6":"product_cat-huonekalut","7":"product_cat-kokoontaitettavat-tuolit-jakkarat","9":"first","10":"instock","11":"taxable","12":"shipping-taxable","13":"purchasable","14":"product-type-simple"},"_links":{"self":[{"href":"https:\/\/www.otiumhome.fi\/index.php\/wp-json\/wp\/v2\/product\/99868","targetHints":{"allow":["GET"]}}],"collection":[{"href":"https:\/\/www.otiumhome.fi\/index.php\/wp-json\/wp\/v2\/product"}],"about":[{"href":"https:\/\/www.otiumhome.fi\/index.php\/wp-json\/wp\/v2\/types\/product"}],"replies":[{"embeddable":true,"href":"https:\/\/www.otiumhome.fi\/index.php\/wp-json\/wp\/v2\/comments?post=99868"}],"wp:featuredmedia":[{"embeddable":true,"href":"https:\/\/www.otiumhome.fi\/index.php\/wp-json\/"}],"wp:attachment":[{"href":"https:\/\/www.otiumhome.fi\/index.php\/wp-json\/wp\/v2\/media?parent=99868"}],"wp:term":[{"taxonomy":"product_brand","embeddable":true,"href":"https:\/\/www.otiumhome.fi\/index.php\/wp-json\/wp\/v2\/product_brand?post=99868"},{"taxonomy":"product_cat","embeddable":true,"href":"https:\/\/www.otiumhome.fi\/index.php\/wp-json\/wp\/v2\/product_cat?post=99868"},{"taxonomy":"product_tag","embeddable":true,"href":"https:\/\/www.otiumhome.fi\/index.php\/wp-json\/wp\/v2\/product_tag?post=99868"}],"curies":[{"name":"wp","href":"https:\/\/api.w.org\/{rel}","templated":true}]}}