{"id":99838,"date":"2024-12-15T11:11:20","date_gmt":"2024-12-15T11:11:20","guid":{"rendered":"https:\/\/www.otiumhome.fi\/?p=99838"},"modified":"2025-12-14T06:21:39","modified_gmt":"2025-12-14T06:21:39","slug":"jakkara-taysi-suar-puu-ja-polyesterihartsi","status":"publish","type":"product","link":"https:\/\/www.otiumhome.fi\/index.php\/tuote\/jakkara-taysi-suar-puu-ja-polyesterihartsi\/","title":{"rendered":"Jakkara t\u00e4ysi suar-puu ja polyesterihartsi"},"content":{"rendered":"<p>Vankka jakkara on ajaton lis\u00e4 kodin sisustukseen.<\/p>\n<\/p>\n<p>Kompaktia jakkaraa voidaan k\u00e4ytt\u00e4\u00e4 moniin eri tarkoituksiin, kuten kylpyhuoneessa peseytymiseen, olohuoneessa kirjojen ja aikakauslehtien s\u00e4ilytt\u00e4miseen tai makuuhuoneessa erottuvana y\u00f6p\u00f6yt\u00e4n\u00e4. Siin\u00e4 on lis\u00e4ksi vakaa pinta, jolle voi asettaa juomat, maljakot, hedelm\u00e4korit tai muut koriste-esineet. Jakkara on valmistettu t\u00e4ydest\u00e4 suar-puusta, tehden siit\u00e4 eritt\u00e4in vakaan ja kest\u00e4v\u00e4n. Hartsikoristelu lis\u00e4\u00e4 sen ylellist\u00e4 ulkon\u00e4k\u00f6\u00e4. Valmistusprosessin jokainen vaihe on suoritettu erityist\u00e4 huolta noudattamalla.<\/p>\n<\/p>\n<p>T\u00e4rke\u00e4 huomio: V\u00e4rit ja puun pintakuviot saattavat vaihdella kappaleesta toiseen, tehden jokaisesta kappaleesta ainutlaatuisen ja hieman erilaisen kuin muut. Toimitus on satunnainen, t\u00e4m\u00e4 takaa tuotteesi ainutlaatuisuuden ja yksil\u00f6llisyyden.<\/p>\n<ul>\n<li>Materiaali: t\u00e4ysi suar-puu ja polyesterihartsi murskatulla lasilla<\/li>\n<li>Mitat: 50 x 30 x 45 cm (P x L x K)<\/li>\n<li>Istuimen korkeus maasta: 44 cm<\/li>\n<li>Istuimen paksuus: 5 cm<\/li>\n<li>T\u00e4ysin k\u00e4sintehty<\/li>\n<\/ul>\n","protected":false},"excerpt":{"rendered":"<ul>\n<li>Materiaali: t\u00e4ysi suar-puu ja polyesterihartsi murskatulla lasilla<\/li>\n<li>Mitat: 50 x 30 x 45 cm (P x L x K)<\/li>\n<li>Istuimen korkeus maasta: 44 cm<\/li>\n<li>Istuimen paksuus: 5 cm<\/li>\n<li>T\u00e4ysin k\u00e4sintehty<\/li>\n<\/ul>\n","protected":false},"featured_media":10000099838,"comment_status":"closed","ping_status":"closed","template":"","meta":[],"product_brand":[],"product_cat":[84,8558],"product_tag":[],"class_list":{"0":"post-99838","1":"product","2":"type-product","3":"status-publish","4":"has-post-thumbnail","6":"product_cat-huonekalut","7":"product_cat-kokoontaitettavat-tuolit-jakkarat","9":"first","10":"instock","11":"taxable","12":"shipping-taxable","13":"purchasable","14":"product-type-simple"},"_links":{"self":[{"href":"https:\/\/www.otiumhome.fi\/index.php\/wp-json\/wp\/v2\/product\/99838","targetHints":{"allow":["GET"]}}],"collection":[{"href":"https:\/\/www.otiumhome.fi\/index.php\/wp-json\/wp\/v2\/product"}],"about":[{"href":"https:\/\/www.otiumhome.fi\/index.php\/wp-json\/wp\/v2\/types\/product"}],"replies":[{"embeddable":true,"href":"https:\/\/www.otiumhome.fi\/index.php\/wp-json\/wp\/v2\/comments?post=99838"}],"wp:featuredmedia":[{"embeddable":true,"href":"https:\/\/www.otiumhome.fi\/index.php\/wp-json\/"}],"wp:attachment":[{"href":"https:\/\/www.otiumhome.fi\/index.php\/wp-json\/wp\/v2\/media?parent=99838"}],"wp:term":[{"taxonomy":"product_brand","embeddable":true,"href":"https:\/\/www.otiumhome.fi\/index.php\/wp-json\/wp\/v2\/product_brand?post=99838"},{"taxonomy":"product_cat","embeddable":true,"href":"https:\/\/www.otiumhome.fi\/index.php\/wp-json\/wp\/v2\/product_cat?post=99838"},{"taxonomy":"product_tag","embeddable":true,"href":"https:\/\/www.otiumhome.fi\/index.php\/wp-json\/wp\/v2\/product_tag?post=99838"}],"curies":[{"name":"wp","href":"https:\/\/api.w.org\/{rel}","templated":true}]}}