{"id":99837,"date":"2024-12-15T11:11:20","date_gmt":"2024-12-15T11:11:20","guid":{"rendered":"https:\/\/www.otiumhome.fi\/?p=99837"},"modified":"2025-12-19T15:53:45","modified_gmt":"2025-12-19T15:53:45","slug":"jakkarat-4-kpl-ruskea-40x40x45-cm-taysi-tiikkipuu","status":"publish","type":"product","link":"https:\/\/www.otiumhome.fi\/index.php\/tuote\/jakkarat-4-kpl-ruskea-40x40x45-cm-taysi-tiikkipuu\/","title":{"rendered":"Jakkarat 4 kpl ruskea 40x40x45 cm t\u00e4ysi tiikkipuu"},"content":{"rendered":"<p>T\u00e4m\u00e4 ainutlaatuinen 4:n jakkaran sarja, joka on valmistettu t\u00e4ydest\u00e4 tiikist\u00e4, huokuu maalaischarmia ja on todellinen katseenvangitsija. Jakkaroita voidaan k\u00e4ytt\u00e4\u00e4 rahina, sivup\u00f6yt\u00e4n\u00e4, jne. Voit yhdist\u00e4\u00e4 2, 4, tai 6 jakkaraa kahvip\u00f6yd\u00e4n tekemiseksi.<\/p>\n<\/p>\n<p>Jakkarat on t\u00e4ysin k\u00e4sintehty ja ammattitaidon j\u00e4lki antaa lis\u00e4ns\u00e4 upealle retro- ja luonnontyylille.<\/p>\n<\/p>\n<p>Toimitus sis\u00e4lt\u00e4\u00e4 4 jakkaraa.<\/p>\n<\/p>\n<p>T\u00e4rke\u00e4 huomio: Koska puu on luonnontuote, sen v\u00e4rit ja pintakuvio vaihtelevat jokaisen ty\u00f6kappaleen v\u00e4lill\u00e4, tehden jokaisesta jakkarastamme ainutlaatuisen ja erilaisen toisistaan; toimitettavan kappaleen valinta on sattumanvaraista.<\/p>\n<ul>\n<li>V\u00e4ri: ruskea<\/li>\n<li>Materiaali: t\u00e4ysi tiikki<\/li>\n<li>Mitat: 40 x 40 x 45 cm (P x L x K)<\/li>\n<li>T\u00e4ysin k\u00e4sintehty<\/li>\n<li>Toimitus sis\u00e4lt\u00e4\u00e4 4 jakkaraa.<\/li>\n<li>Voidaan k\u00e4ytt\u00e4\u00e4 kahvip\u00f6yt\u00e4n\u00e4, jonka koko on 80 x 80 x 45 cm (P x L x K)<\/li>\n<\/ul>\n","protected":false},"excerpt":{"rendered":"<ul>\n<li>V\u00e4ri: ruskea<\/li>\n<li>Materiaali: t\u00e4ysi tiikki<\/li>\n<li>Mitat: 40 x 40 x 45 cm (P x L x K)<\/li>\n<li>T\u00e4ysin k\u00e4sintehty<\/li>\n<li>Toimitus sis\u00e4lt\u00e4\u00e4 4 jakkaraa.<\/li>\n<li>Voidaan k\u00e4ytt\u00e4\u00e4 kahvip\u00f6yt\u00e4n\u00e4, jonka koko on 80 x 80 x 45 cm (P x L x K)<\/li>\n<\/ul>\n","protected":false},"featured_media":10000099837,"comment_status":"closed","ping_status":"closed","template":"","meta":[],"product_brand":[],"product_cat":[84,8558],"product_tag":[],"class_list":{"0":"post-99837","1":"product","2":"type-product","3":"status-publish","4":"has-post-thumbnail","6":"product_cat-huonekalut","7":"product_cat-kokoontaitettavat-tuolit-jakkarat","9":"first","10":"instock","11":"taxable","12":"shipping-taxable","13":"purchasable","14":"product-type-simple"},"_links":{"self":[{"href":"https:\/\/www.otiumhome.fi\/index.php\/wp-json\/wp\/v2\/product\/99837","targetHints":{"allow":["GET"]}}],"collection":[{"href":"https:\/\/www.otiumhome.fi\/index.php\/wp-json\/wp\/v2\/product"}],"about":[{"href":"https:\/\/www.otiumhome.fi\/index.php\/wp-json\/wp\/v2\/types\/product"}],"replies":[{"embeddable":true,"href":"https:\/\/www.otiumhome.fi\/index.php\/wp-json\/wp\/v2\/comments?post=99837"}],"wp:featuredmedia":[{"embeddable":true,"href":"https:\/\/www.otiumhome.fi\/index.php\/wp-json\/"}],"wp:attachment":[{"href":"https:\/\/www.otiumhome.fi\/index.php\/wp-json\/wp\/v2\/media?parent=99837"}],"wp:term":[{"taxonomy":"product_brand","embeddable":true,"href":"https:\/\/www.otiumhome.fi\/index.php\/wp-json\/wp\/v2\/product_brand?post=99837"},{"taxonomy":"product_cat","embeddable":true,"href":"https:\/\/www.otiumhome.fi\/index.php\/wp-json\/wp\/v2\/product_cat?post=99837"},{"taxonomy":"product_tag","embeddable":true,"href":"https:\/\/www.otiumhome.fi\/index.php\/wp-json\/wp\/v2\/product_tag?post=99837"}],"curies":[{"name":"wp","href":"https:\/\/api.w.org\/{rel}","templated":true}]}}