{"id":99834,"date":"2024-12-15T11:11:20","date_gmt":"2024-12-15T11:11:20","guid":{"rendered":"https:\/\/www.otiumhome.fi\/?p=99834"},"modified":"2025-12-14T06:21:39","modified_gmt":"2025-12-14T06:21:39","slug":"kokoontaittuva-nojatuoli-ristiinpunottu-ruskea-aito-nahka","status":"publish","type":"product","link":"https:\/\/www.otiumhome.fi\/index.php\/tuote\/kokoontaittuva-nojatuoli-ristiinpunottu-ruskea-aito-nahka\/","title":{"rendered":"Kokoontaittuva nojatuoli ristiinpunottu ruskea aito nahka"},"content":{"rendered":"<p>Pehme\u00e4n ja mukavan aitonahkaisen tuolin muotoilu on maalaistyylinen, joka onkin t\u00e4ll\u00e4 hetkell\u00e4 erityisen suosittua. Se n\u00e4ytt\u00e4\u00e4 hyv\u00e4lt\u00e4 olohuoneessa, mutta se sopii erinomaisesti my\u00f6s ulkotiloihin.<\/p>\n<\/p>\n<p>Aitonahkainen istuin ja selk\u00e4noja ovat todella mukavia ja kosketukselle pehmeit\u00e4, kun taas kiinte\u00e4 akaasiapuurunko tekee tuoleista kest\u00e4v\u00e4t. Kokoontaitettavan suunnittelun ansiosta, t\u00e4m\u00e4 nojatuoli on helppo varastoida, kun se ei ole k\u00e4yt\u00f6ss\u00e4. Tuote on valmiiksi koottu; ei vaadi kokoonpanoa.<\/p>\n<\/p>\n<p>T\u00e4rke\u00e4 huomio: nahan kuviot voivat vaihdella kappaleiden v\u00e4lill\u00e4, mik\u00e4 tekee jokaisesta tuolista ainutlaatuisen. Toimitus on satunnainen.<\/p>\n<ul>\n<li>V\u00e4ri: ruskea<\/li>\n<li>Materiaali: aidosta vuohennahasta valmistetut istuin ja selk\u00e4noja + kiinte\u00e4 akaasiapuurunko<\/li>\n<li>Mitat: 59 x 72 x 79 cm (L x S x K)<\/li>\n<li>Istuimen leveys: 52 cm<\/li>\n<li>Istuimen syvyys: 43 cm<\/li>\n<li>Istuimen korkeus maasta: 42 cm<\/li>\n<li>Kokoontaitettava<\/li>\n<li>Ristiraidallinen muotoilu<\/li>\n<li>Hiottu, maalattu ja lakattu<\/li>\n<li>Valmiiksi koottu<\/li>\n<li>Tekstiili: Nahka: 100%<\/li>\n<\/ul>\n","protected":false},"excerpt":{"rendered":"<ul>\n<li>V\u00e4ri: ruskea<\/li>\n<li>Materiaali: aidosta vuohennahasta valmistetut istuin ja selk\u00e4noja + kiinte\u00e4 akaasiapuurunko<\/li>\n<li>Mitat: 59 x 72 x 79 cm (L x S x K)<\/li>\n<li>Istuimen leveys: 52 cm<\/li>\n<li>Istuimen syvyys: 43 cm<\/li>\n<li>Istuimen korkeus maasta: 42 cm<\/li>\n<li>Kokoontaitettava<\/li>\n<li>Ristiraidallinen muotoilu<\/li>\n<li>Hiottu, maalattu ja lakattu<\/li>\n<li>Valmiiksi koottu<\/li>\n<li>Tekstiili: Nahka: 100%<\/li>\n<\/ul>\n","protected":false},"featured_media":10000099834,"comment_status":"closed","ping_status":"closed","template":"","meta":[],"product_brand":[],"product_cat":[84,8558],"product_tag":[],"class_list":{"0":"post-99834","1":"product","2":"type-product","3":"status-publish","4":"has-post-thumbnail","6":"product_cat-huonekalut","7":"product_cat-kokoontaitettavat-tuolit-jakkarat","9":"first","10":"instock","11":"taxable","12":"shipping-taxable","13":"purchasable","14":"product-type-simple"},"_links":{"self":[{"href":"https:\/\/www.otiumhome.fi\/index.php\/wp-json\/wp\/v2\/product\/99834","targetHints":{"allow":["GET"]}}],"collection":[{"href":"https:\/\/www.otiumhome.fi\/index.php\/wp-json\/wp\/v2\/product"}],"about":[{"href":"https:\/\/www.otiumhome.fi\/index.php\/wp-json\/wp\/v2\/types\/product"}],"replies":[{"embeddable":true,"href":"https:\/\/www.otiumhome.fi\/index.php\/wp-json\/wp\/v2\/comments?post=99834"}],"wp:featuredmedia":[{"embeddable":true,"href":"https:\/\/www.otiumhome.fi\/index.php\/wp-json\/"}],"wp:attachment":[{"href":"https:\/\/www.otiumhome.fi\/index.php\/wp-json\/wp\/v2\/media?parent=99834"}],"wp:term":[{"taxonomy":"product_brand","embeddable":true,"href":"https:\/\/www.otiumhome.fi\/index.php\/wp-json\/wp\/v2\/product_brand?post=99834"},{"taxonomy":"product_cat","embeddable":true,"href":"https:\/\/www.otiumhome.fi\/index.php\/wp-json\/wp\/v2\/product_cat?post=99834"},{"taxonomy":"product_tag","embeddable":true,"href":"https:\/\/www.otiumhome.fi\/index.php\/wp-json\/wp\/v2\/product_tag?post=99834"}],"curies":[{"name":"wp","href":"https:\/\/api.w.org\/{rel}","templated":true}]}}