{"id":99830,"date":"2024-12-15T11:11:20","date_gmt":"2024-12-15T11:11:20","guid":{"rendered":"https:\/\/www.otiumhome.fi\/?p=99830"},"modified":"2025-06-06T15:43:43","modified_gmt":"2025-06-06T15:43:43","slug":"lentajan-jakkara-taysi-uusiokaytetty-puu","status":"publish","type":"product","link":"https:\/\/www.otiumhome.fi\/index.php\/tuote\/lentajan-jakkara-taysi-uusiokaytetty-puu\/","title":{"rendered":"Lent\u00e4j\u00e4n jakkara t\u00e4ysi uusiok\u00e4ytetty puu"},"content":{"rendered":"<p>T\u00e4m\u00e4 antiikkityylinen puujakkara on ainutlaatuinen lis\u00e4 keitti\u00f6\u00f6si tai ruokailuhuoneeseesi.<\/p>\n<\/p>\n<p>T\u00e4m\u00e4 vintagetyylinen sivup\u00f6yt\u00e4 on valmistettu t\u00e4ydest\u00e4 kierr\u00e4tyspuusta, mik\u00e4 tekee jokaisesta huonekalusta ainutlaatuisen ja hieman erilaisen toisistaan. Kierr\u00e4tetyst\u00e4 puusta valmistetussa huonekalussa on eri puiden, kuten tiikin, mangopuun ja akaasian ominaisuuksia. Kierr\u00e4tyspuu on lujatekoista, vakaata, kest\u00e4v\u00e4\u00e4 ja kaunista. Kulumisen j\u00e4ljet ja n\u00e4kyv\u00e4t pintakuviot antavat jokaiselle kappaleelle oman historian ja ainutlaatuisen ulkon\u00e4\u00f6n.<\/p>\n<\/p>\n<p>Jakkaran p\u00e4\u00e4llys on k\u00e4sin tehty ja k\u00e4sity\u00f6n j\u00e4lki antaa sille oman mahtavan retrotyylin. Jokainen ty\u00f6n vaihe on tehty huolella, oli se sitten kiillotus, maalaus tai lakkaus.<\/p>\n<\/p>\n<p>Tyylikk\u00e4\u00e4ll\u00e4 jakkaralla on mukava istua, jonka lis\u00e4ksi se on todella koristeellinen upean, lentokonetyylisen alumiinijalustansa ansiosta. Sit\u00e4 voi lis\u00e4ksi k\u00e4ytt\u00e4\u00e4 sivup\u00f6yt\u00e4n\u00e4 ruoille ja juomille tai koriste-esineille kuten valokuvakehyksille tai ruukkukasveille. T\u00e4rke\u00e4 huomio: v\u00e4rit vaihtelevat kappaleittain, joten jokainen jakkara on ainutlaatuinen. Toimitettava tuote valitaan sattumanvaraisesti.<\/p>\n<ul>\n<li>V\u00e4ri: ruskea<\/li>\n<li>Materiaali: t\u00e4ysi uusiok\u00e4ytetty puu yl\u00e4osana + alumiininen lentokonetyylinen jalusta<\/li>\n<li>Mitat: 36 x 44 cm (Halkaisija x K)<\/li>\n<li>Jalustan halkaisija: 22 cm<\/li>\n<li>Kiillotettu, osittain maalattu ja lakattu<\/li>\n<\/ul>\n<p> Enint\u00e4\u00e4n 110 kg per istuin.<\/p>\n","protected":false},"excerpt":{"rendered":"<ul>\n<li>V\u00e4ri: ruskea<\/li>\n<li>Materiaali: t\u00e4ysi uusiok\u00e4ytetty puu yl\u00e4osana + alumiininen lentokonetyylinen jalusta<\/li>\n<li>Mitat: 36 x 44 cm (Halkaisija x K)<\/li>\n<li>Jalustan halkaisija: 22 cm<\/li>\n<li>Kiillotettu, osittain maalattu ja lakattu<\/li>\n<\/ul>\n","protected":false},"featured_media":10000099830,"comment_status":"closed","ping_status":"closed","template":"","meta":[],"product_brand":[],"product_cat":[84,8558],"product_tag":[],"class_list":{"0":"post-99830","1":"product","2":"type-product","3":"status-publish","4":"has-post-thumbnail","6":"product_cat-huonekalut","7":"product_cat-kokoontaitettavat-tuolit-jakkarat","9":"first","10":"outofstock","11":"taxable","12":"shipping-taxable","13":"purchasable","14":"product-type-simple"},"_links":{"self":[{"href":"https:\/\/www.otiumhome.fi\/index.php\/wp-json\/wp\/v2\/product\/99830","targetHints":{"allow":["GET"]}}],"collection":[{"href":"https:\/\/www.otiumhome.fi\/index.php\/wp-json\/wp\/v2\/product"}],"about":[{"href":"https:\/\/www.otiumhome.fi\/index.php\/wp-json\/wp\/v2\/types\/product"}],"replies":[{"embeddable":true,"href":"https:\/\/www.otiumhome.fi\/index.php\/wp-json\/wp\/v2\/comments?post=99830"}],"wp:featuredmedia":[{"embeddable":true,"href":"https:\/\/www.otiumhome.fi\/index.php\/wp-json\/"}],"wp:attachment":[{"href":"https:\/\/www.otiumhome.fi\/index.php\/wp-json\/wp\/v2\/media?parent=99830"}],"wp:term":[{"taxonomy":"product_brand","embeddable":true,"href":"https:\/\/www.otiumhome.fi\/index.php\/wp-json\/wp\/v2\/product_brand?post=99830"},{"taxonomy":"product_cat","embeddable":true,"href":"https:\/\/www.otiumhome.fi\/index.php\/wp-json\/wp\/v2\/product_cat?post=99830"},{"taxonomy":"product_tag","embeddable":true,"href":"https:\/\/www.otiumhome.fi\/index.php\/wp-json\/wp\/v2\/product_tag?post=99830"}],"curies":[{"name":"wp","href":"https:\/\/api.w.org\/{rel}","templated":true}]}}