{"id":99823,"date":"2024-12-15T11:11:19","date_gmt":"2024-12-15T11:11:19","guid":{"rendered":"https:\/\/www.otiumhome.fi\/?p=99823"},"modified":"2025-12-14T06:21:38","modified_gmt":"2025-12-14T06:21:38","slug":"jakkara-taysi-tiikki-ja-hartsi","status":"publish","type":"product","link":"https:\/\/www.otiumhome.fi\/index.php\/tuote\/jakkara-taysi-tiikki-ja-hartsi\/","title":{"rendered":"Jakkara t\u00e4ysi tiikki ja hartsi"},"content":{"rendered":"<p>T\u00e4m\u00e4 tyrm\u00e4\u00e4v\u00e4 tiikist\u00e4 ja l\u00e4pikuultavasta hartsikoristeesta valmistettu puujakkara huokuu rustiikkista charmia, ja se on todellinen katseenvangitsija. Jakkaraa voidaan k\u00e4ytt\u00e4\u00e4 my\u00f6s rahina, sivup\u00f6yt\u00e4n\u00e4, jne.<\/p>\n<\/p>\n<p>Jakkara on t\u00e4ysin k\u00e4sintehty ja ammattitaidon j\u00e4lki antaa lis\u00e4ns\u00e4 sen ylelliselle ulkon\u00e4\u00f6lle.<\/p>\n<\/p>\n<p>T\u00e4rke\u00e4 huomio: Koska puu on luonnontuote, sen v\u00e4rit ja pintakuvio vaihtelevat jokaisen ty\u00f6kappaleen v\u00e4lill\u00e4, tehden jokaisesta jakkarastamme ainutlaatuisen ja erilaisen toisistaan; toimitettavan kappaleen valinta on sattumanvaraista.<\/p>\n<ul>\n<li>V\u00e4ri: moniv\u00e4rinen<\/li>\n<li>Materiaali: T\u00e4ytt\u00e4 tiikki\u00e4 kirkkaalla lakkapinnalla, l\u00e4pikuultavaa hartsia murskatulla lasilla, vaneri<\/li>\n<li>Mitat: 30 x 30 x 40 cm (P x L x K)<\/li>\n<li>T\u00e4ysin k\u00e4sintehty<\/li>\n<\/ul>\n","protected":false},"excerpt":{"rendered":"<ul>\n<li>V\u00e4ri: moniv\u00e4rinen<\/li>\n<li>Materiaali: T\u00e4ytt\u00e4 tiikki\u00e4 kirkkaalla lakkapinnalla, l\u00e4pikuultavaa hartsia murskatulla lasilla, vaneri<\/li>\n<li>Mitat: 30 x 30 x 40 cm (P x L x K)<\/li>\n<li>T\u00e4ysin k\u00e4sintehty<\/li>\n<\/ul>\n","protected":false},"featured_media":10000099823,"comment_status":"closed","ping_status":"closed","template":"","meta":[],"product_brand":[],"product_cat":[84,8558],"product_tag":[],"class_list":{"0":"post-99823","1":"product","2":"type-product","3":"status-publish","4":"has-post-thumbnail","6":"product_cat-huonekalut","7":"product_cat-kokoontaitettavat-tuolit-jakkarat","9":"first","10":"instock","11":"taxable","12":"shipping-taxable","13":"purchasable","14":"product-type-simple"},"_links":{"self":[{"href":"https:\/\/www.otiumhome.fi\/index.php\/wp-json\/wp\/v2\/product\/99823","targetHints":{"allow":["GET"]}}],"collection":[{"href":"https:\/\/www.otiumhome.fi\/index.php\/wp-json\/wp\/v2\/product"}],"about":[{"href":"https:\/\/www.otiumhome.fi\/index.php\/wp-json\/wp\/v2\/types\/product"}],"replies":[{"embeddable":true,"href":"https:\/\/www.otiumhome.fi\/index.php\/wp-json\/wp\/v2\/comments?post=99823"}],"wp:featuredmedia":[{"embeddable":true,"href":"https:\/\/www.otiumhome.fi\/index.php\/wp-json\/"}],"wp:attachment":[{"href":"https:\/\/www.otiumhome.fi\/index.php\/wp-json\/wp\/v2\/media?parent=99823"}],"wp:term":[{"taxonomy":"product_brand","embeddable":true,"href":"https:\/\/www.otiumhome.fi\/index.php\/wp-json\/wp\/v2\/product_brand?post=99823"},{"taxonomy":"product_cat","embeddable":true,"href":"https:\/\/www.otiumhome.fi\/index.php\/wp-json\/wp\/v2\/product_cat?post=99823"},{"taxonomy":"product_tag","embeddable":true,"href":"https:\/\/www.otiumhome.fi\/index.php\/wp-json\/wp\/v2\/product_tag?post=99823"}],"curies":[{"name":"wp","href":"https:\/\/api.w.org\/{rel}","templated":true}]}}