{"id":99817,"date":"2024-12-15T11:11:18","date_gmt":"2024-12-15T11:11:18","guid":{"rendered":"https:\/\/www.otiumhome.fi\/?p=99817"},"modified":"2025-12-14T06:21:38","modified_gmt":"2025-12-14T06:21:38","slug":"2-portainen-jakkara-40x38x50-cm-taysi-akasiapuu","status":"publish","type":"product","link":"https:\/\/www.otiumhome.fi\/index.php\/tuote\/2-portainen-jakkara-40x38x50-cm-taysi-akasiapuu\/","title":{"rendered":"2-portainen jakkara 40x38x50 cm t\u00e4ysi akasiapuu"},"content":{"rendered":"<p>T\u00e4m\u00e4 puinen porrasjakkara huokuu rustiikkista vieh\u00e4tysvoimaa ja on k\u00e4yt\u00e4nn\u00f6llinen lis\u00e4varuste keitti\u00f6\u00f6n, olohuoneeseen tai mihin tahansa tilaan.<\/p>\n<\/p>\n<ul>\n<li>T\u00e4ysi akaasiapuu: T\u00e4ysi akasiapuu on kaunis luonnonmateriaali. Akasiapuu on tihe\u00e4syinen, tukeva ja kest\u00e4v\u00e4 trooppinen lehtipuu.<\/li>\n<li>Laaja k\u00e4ytt\u00f6: Porrasjakkaran avulla lapset voivat yletty\u00e4 pesualtaaseen ja he voivat ottaa tavaroita itse. T\u00e4m\u00e4 kehitt\u00e4\u00e4 heid\u00e4n itsen\u00e4ist\u00e4 toimintakyky\u00e4\u00e4n. My\u00f6s aikuiset voivat k\u00e4ytt\u00e4\u00e4 jakkaraa tavaroiden ottamiseen korkealta. Se sopii my\u00f6s kasvitelineeksi, sek\u00e4 kylpyhuonejakkaraksi, jne.<\/li>\n<li>Kaarevat reunat: Keitti\u00f6jakkarassa on kaarevat reunat, jotka v\u00e4hent\u00e4v\u00e4t t\u00f6rm\u00e4yksest\u00e4 aiheutuneita vammoja.<\/li>\n<\/ul>\n<p>Huomioi:<\/p>\n<ul>\n<li>V\u00e4rit saattavat vaihdella kappaleesta toiseen, tehden jokaisesta kappaleesta ainutlaatuisen ja hieman erilaisen kuin muut. Toimitus on satunnainen, joka takaa tuotteesi ainutlaatuisuuden ja yksil\u00f6llisyyden.<\/li>\n<li>Jokaisen tuotteen mukana on laatikossa kokoonpano-ohje helppoa asennusta varten.<\/li>\n<\/ul>\n<ul>\n<li>Materiaali: \u00f6ljytty akaasiapuu<\/li>\n<li>Mitat: 40 x 38 x 50 cm (L x S x K)<\/li>\n<li>Yl\u00e4tason koko: 36 x 24 cm (P x L)<\/li>\n<li>Suurin kantavuus: 160 kg<\/li>\n<\/ul>\n","protected":false},"excerpt":{"rendered":"<ul>\n<li>Materiaali: \u00f6ljytty akaasiapuu<\/li>\n<li>Mitat: 40 x 38 x 50 cm (L x S x K)<\/li>\n<li>Yl\u00e4tason koko: 36 x 24 cm (P x L)<\/li>\n<li>Suurin kantavuus: 160 kg<\/li>\n<\/ul>\n","protected":false},"featured_media":10000099817,"comment_status":"closed","ping_status":"closed","template":"","meta":[],"product_brand":[],"product_cat":[84,8558],"product_tag":[],"class_list":{"0":"post-99817","1":"product","2":"type-product","3":"status-publish","4":"has-post-thumbnail","6":"product_cat-huonekalut","7":"product_cat-kokoontaitettavat-tuolit-jakkarat","9":"first","10":"instock","11":"taxable","12":"shipping-taxable","13":"purchasable","14":"product-type-simple"},"_links":{"self":[{"href":"https:\/\/www.otiumhome.fi\/index.php\/wp-json\/wp\/v2\/product\/99817","targetHints":{"allow":["GET"]}}],"collection":[{"href":"https:\/\/www.otiumhome.fi\/index.php\/wp-json\/wp\/v2\/product"}],"about":[{"href":"https:\/\/www.otiumhome.fi\/index.php\/wp-json\/wp\/v2\/types\/product"}],"replies":[{"embeddable":true,"href":"https:\/\/www.otiumhome.fi\/index.php\/wp-json\/wp\/v2\/comments?post=99817"}],"wp:featuredmedia":[{"embeddable":true,"href":"https:\/\/www.otiumhome.fi\/index.php\/wp-json\/"}],"wp:attachment":[{"href":"https:\/\/www.otiumhome.fi\/index.php\/wp-json\/wp\/v2\/media?parent=99817"}],"wp:term":[{"taxonomy":"product_brand","embeddable":true,"href":"https:\/\/www.otiumhome.fi\/index.php\/wp-json\/wp\/v2\/product_brand?post=99817"},{"taxonomy":"product_cat","embeddable":true,"href":"https:\/\/www.otiumhome.fi\/index.php\/wp-json\/wp\/v2\/product_cat?post=99817"},{"taxonomy":"product_tag","embeddable":true,"href":"https:\/\/www.otiumhome.fi\/index.php\/wp-json\/wp\/v2\/product_tag?post=99817"}],"curies":[{"name":"wp","href":"https:\/\/api.w.org\/{rel}","templated":true}]}}