{"id":99816,"date":"2024-12-15T11:11:18","date_gmt":"2024-12-15T11:11:18","guid":{"rendered":"https:\/\/www.otiumhome.fi\/?p=99816"},"modified":"2025-12-14T06:21:38","modified_gmt":"2025-12-14T06:21:38","slug":"jakkara-38x26x22-cm-taysi-akasiapuu","status":"publish","type":"product","link":"https:\/\/www.otiumhome.fi\/index.php\/tuote\/jakkara-38x26x22-cm-taysi-akasiapuu\/","title":{"rendered":"Jakkara 38x26x22 cm t\u00e4ysi akasiapuu"},"content":{"rendered":"<p>T\u00e4m\u00e4 puinen jalkajakkara huokuu rustiikkista vieh\u00e4tysvoimaa ja on k\u00e4yt\u00e4nn\u00f6llinen lis\u00e4varuste keitti\u00f6\u00f6n, olohuoneeseen tai mihin tahansa tilaan.<\/p>\n<\/p>\n<ul>\n<li>T\u00e4ysi akaasiapuu: T\u00e4ysi akasiapuu on kaunis luonnonmateriaali. Akasiapuu on tihe\u00e4syinen, tukeva ja kest\u00e4v\u00e4 trooppinen lehtipuu.<\/li>\n<li>Laaja k\u00e4ytt\u00f6: Jakkara sopii erilaisiin tilanteisiin. Sit\u00e4 voidaan k\u00e4ytt\u00e4\u00e4 tavaroiden ottamiseen korkeilta paikoilta, korokkeena lapsille, jotta he ylt\u00e4v\u00e4t pesualtaaseen, tai apurina ik\u00e4ihmisten vuoteeseen menoon ja sielt\u00e4 nousuun. Se toimii my\u00f6s kasvitelineen\u00e4, jalkatukena jalkojen lepuuttamiseen, jne.<\/li>\n<li>Turvallinen muotoilu: T\u00e4ss\u00e4 jalkatuessa ei ole ter\u00e4vi\u00e4 reunoja, mik\u00e4 on turvallista sek\u00e4 lapsille ett\u00e4 aikuisille est\u00e4en k\u00e4ytt\u00e4j\u00e4\u00e4 satuttamasta itse\u00e4\u00e4n.<\/li>\n<\/ul>\n<p>Huomioi:<\/p>\n<ul>\n<li>V\u00e4rit saattavat vaihdella kappaleesta toiseen, tehden jokaisesta kappaleesta ainutlaatuisen ja hieman erilaisen kuin muut. Toimitus on satunnainen, joka takaa tuotteesi ainutlaatuisuuden ja yksil\u00f6llisyyden.<\/li>\n<li>Jokaisen tuotteen mukana on laatikossa kokoonpano-ohje helppoa asennusta varten.<\/li>\n<\/ul>\n<ul>\n<li>Materiaali: \u00f6ljytty akaasiapuu<\/li>\n<li>Mitat: 38 x 26 x 22 cm (L x S x K)<\/li>\n<li>Suurin kantavuus: 160 kg<\/li>\n<\/ul>\n","protected":false},"excerpt":{"rendered":"<ul>\n<li>Materiaali: \u00f6ljytty akaasiapuu<\/li>\n<li>Mitat: 38 x 26 x 22 cm (L x S x K)<\/li>\n<li>Suurin kantavuus: 160 kg<\/li>\n<\/ul>\n","protected":false},"featured_media":10000099816,"comment_status":"closed","ping_status":"closed","template":"","meta":[],"product_brand":[],"product_cat":[84,8558],"product_tag":[],"class_list":{"0":"post-99816","1":"product","2":"type-product","3":"status-publish","4":"has-post-thumbnail","6":"product_cat-huonekalut","7":"product_cat-kokoontaitettavat-tuolit-jakkarat","9":"first","10":"instock","11":"taxable","12":"shipping-taxable","13":"purchasable","14":"product-type-simple"},"_links":{"self":[{"href":"https:\/\/www.otiumhome.fi\/index.php\/wp-json\/wp\/v2\/product\/99816","targetHints":{"allow":["GET"]}}],"collection":[{"href":"https:\/\/www.otiumhome.fi\/index.php\/wp-json\/wp\/v2\/product"}],"about":[{"href":"https:\/\/www.otiumhome.fi\/index.php\/wp-json\/wp\/v2\/types\/product"}],"replies":[{"embeddable":true,"href":"https:\/\/www.otiumhome.fi\/index.php\/wp-json\/wp\/v2\/comments?post=99816"}],"wp:featuredmedia":[{"embeddable":true,"href":"https:\/\/www.otiumhome.fi\/index.php\/wp-json\/"}],"wp:attachment":[{"href":"https:\/\/www.otiumhome.fi\/index.php\/wp-json\/wp\/v2\/media?parent=99816"}],"wp:term":[{"taxonomy":"product_brand","embeddable":true,"href":"https:\/\/www.otiumhome.fi\/index.php\/wp-json\/wp\/v2\/product_brand?post=99816"},{"taxonomy":"product_cat","embeddable":true,"href":"https:\/\/www.otiumhome.fi\/index.php\/wp-json\/wp\/v2\/product_cat?post=99816"},{"taxonomy":"product_tag","embeddable":true,"href":"https:\/\/www.otiumhome.fi\/index.php\/wp-json\/wp\/v2\/product_tag?post=99816"}],"curies":[{"name":"wp","href":"https:\/\/api.w.org\/{rel}","templated":true}]}}