{"id":99815,"date":"2024-12-15T11:11:18","date_gmt":"2024-12-15T11:11:18","guid":{"rendered":"https:\/\/www.otiumhome.fi\/?p=99815"},"modified":"2025-12-24T23:47:42","modified_gmt":"2025-12-24T23:47:42","slug":"jakkara-ruskea-38x38x45-cm-pyorea-taysi-akasiapuu","status":"publish","type":"product","link":"https:\/\/www.otiumhome.fi\/index.php\/tuote\/jakkara-ruskea-38x38x45-cm-pyorea-taysi-akasiapuu\/","title":{"rendered":"Jakkara ruskea 38x38x45 cm py\u00f6re\u00e4 t\u00e4ysi akasiapuu"},"content":{"rendered":"<p>T\u00e4m\u00e4 klassinen puinen jakkara huokuu maalaischarmia ja se on erinomainen lis\u00e4 kotisi sisustukseen.<\/p>\n<\/p>\n<ul>\n<li>T\u00e4ysi akaasiapuu: T\u00e4ysi akasiapuu on kaunis luonnonmateriaali. Akasiapuu on tihe\u00e4syinen, tukeva ja kest\u00e4v\u00e4 trooppinen lehtipuu.<\/li>\n<li>Laaja k\u00e4ytt\u00f6: Keitti\u00f6jakkaraa voidaan k\u00e4ytt\u00e4\u00e4 kasvitelineen\u00e4, suihkujakkarana, tai pienen\u00e4 sivup\u00f6yt\u00e4n\u00e4, joten se sopii sis\u00e4- ja ulkotiloihin.<\/li>\n<li>Turvallinen muotoilu: T\u00e4ss\u00e4 jalkajakkarassa ei ole ter\u00e4vi\u00e4 reunoja, mik\u00e4 on turvallista sek\u00e4 lapsille ett\u00e4 aikuisille est\u00e4en k\u00e4ytt\u00e4j\u00e4\u00e4 satuttamasta itse\u00e4\u00e4n.<\/li>\n<\/ul>\n<p>Huomioi:<\/p>\n<ul>\n<li>V\u00e4rit saattavat vaihdella kappaleesta toiseen, tehden jokaisesta kappaleesta ainutlaatuisen ja hieman erilaisen kuin muut. Toimitus on satunnainen, joka takaa tuotteesi ainutlaatuisuuden ja yksil\u00f6llisyyden.<\/li>\n<li>Jokaisen tuotteen mukana on laatikossa kokoonpano-ohje helppoa asennusta varten.<\/li>\n<\/ul>\n<ul>\n<li>V\u00e4ri: ruskea<\/li>\n<li>Materiaali: \u00f6ljytty akaasiapuu<\/li>\n<li>Mitat: 38 x 38 x 45 cm (L x S x K)<\/li>\n<li>Suurin kantavuus: 160 kg<\/li>\n<\/ul>\n","protected":false},"excerpt":{"rendered":"<ul>\n<li>V\u00e4ri: ruskea<\/li>\n<li>Materiaali: \u00f6ljytty akaasiapuu<\/li>\n<li>Mitat: 38 x 38 x 45 cm (L x S x K)<\/li>\n<li>Suurin kantavuus: 160 kg<\/li>\n<\/ul>\n","protected":false},"featured_media":10000099815,"comment_status":"closed","ping_status":"closed","template":"","meta":[],"product_brand":[],"product_cat":[84,8558],"product_tag":[],"class_list":{"0":"post-99815","1":"product","2":"type-product","3":"status-publish","4":"has-post-thumbnail","6":"product_cat-huonekalut","7":"product_cat-kokoontaitettavat-tuolit-jakkarat","9":"first","10":"instock","11":"taxable","12":"shipping-taxable","13":"purchasable","14":"product-type-simple"},"_links":{"self":[{"href":"https:\/\/www.otiumhome.fi\/index.php\/wp-json\/wp\/v2\/product\/99815","targetHints":{"allow":["GET"]}}],"collection":[{"href":"https:\/\/www.otiumhome.fi\/index.php\/wp-json\/wp\/v2\/product"}],"about":[{"href":"https:\/\/www.otiumhome.fi\/index.php\/wp-json\/wp\/v2\/types\/product"}],"replies":[{"embeddable":true,"href":"https:\/\/www.otiumhome.fi\/index.php\/wp-json\/wp\/v2\/comments?post=99815"}],"wp:featuredmedia":[{"embeddable":true,"href":"https:\/\/www.otiumhome.fi\/index.php\/wp-json\/"}],"wp:attachment":[{"href":"https:\/\/www.otiumhome.fi\/index.php\/wp-json\/wp\/v2\/media?parent=99815"}],"wp:term":[{"taxonomy":"product_brand","embeddable":true,"href":"https:\/\/www.otiumhome.fi\/index.php\/wp-json\/wp\/v2\/product_brand?post=99815"},{"taxonomy":"product_cat","embeddable":true,"href":"https:\/\/www.otiumhome.fi\/index.php\/wp-json\/wp\/v2\/product_cat?post=99815"},{"taxonomy":"product_tag","embeddable":true,"href":"https:\/\/www.otiumhome.fi\/index.php\/wp-json\/wp\/v2\/product_tag?post=99815"}],"curies":[{"name":"wp","href":"https:\/\/api.w.org\/{rel}","templated":true}]}}