{"id":99812,"date":"2024-12-15T11:11:18","date_gmt":"2024-12-15T11:11:18","guid":{"rendered":"https:\/\/www.otiumhome.fi\/?p=99812"},"modified":"2025-06-06T15:43:43","modified_gmt":"2025-06-06T15:43:43","slug":"kokoontaitettava-baaripoyta-78-cm-kuusi","status":"publish","type":"product","link":"https:\/\/www.otiumhome.fi\/index.php\/tuote\/kokoontaitettava-baaripoyta-78-cm-kuusi\/","title":{"rendered":"Kokoontaitettava baarip\u00f6yt\u00e4 78 cm kuusi"},"content":{"rendered":"<p>Siemaile lempiviini\u00e4si perheesi tai yst\u00e4viesi kanssa t\u00e4m\u00e4n kauniin, t\u00e4ydest\u00e4 kuusesta valmistetun puisen baarip\u00f6yd\u00e4n ymp\u00e4rill\u00e4. T\u00e4m\u00e4 puinen bistrop\u00f6yt\u00e4 tuo rustiikkista tunnelmaa ulko- tai sis\u00e4tilaasi.<\/p>\n<\/p>\n<p>Korkea baarip\u00f6yt\u00e4 on valmistettu kuusesta, joka on vakaa, kest\u00e4v\u00e4 ja s\u00e4\u00e4nkest\u00e4v\u00e4 materiaali. Baarip\u00f6yt\u00e4 on kokoontaitettava, mik\u00e4 tekee siit\u00e4 tilaa s\u00e4\u00e4st\u00e4v\u00e4n, kun sit\u00e4 ei k\u00e4ytet\u00e4. Voit s\u00e4ilytt\u00e4\u00e4 sen luonnollisen v\u00e4rin, mutta voit my\u00f6s maalata tai lakata sen haluamallasi tavalla. Baarip\u00f6yt\u00e4 on helppo koota<\/p>\n<ul>\n<li>Materiaali: kuusi<\/li>\n<li>Mitat (avattuna): 78 x 109 cm (halkaisija x K)<\/li>\n<li>Mitat (kokoontaitettuna): 77 x 161,3 cm (L x K)<\/li>\n<li>Paino: 9,6 kg<\/li>\n<li>Taitettava malli<\/li>\n<\/ul>\n","protected":false},"excerpt":{"rendered":"<ul>\n<li>Materiaali: kuusi<\/li>\n<li>Mitat (avattuna): 78 x 109 cm (halkaisija x K)<\/li>\n<li>Mitat (kokoontaitettuna): 77 x 161,3 cm (L x K)<\/li>\n<li>Paino: 9,6 kg<\/li>\n<li>Taitettava malli<\/li>\n<\/ul>\n","protected":false},"featured_media":10000099812,"comment_status":"closed","ping_status":"closed","template":"","meta":[],"product_brand":[],"product_cat":[84,8557],"product_tag":[],"class_list":{"0":"post-99812","1":"product","2":"type-product","3":"status-publish","4":"has-post-thumbnail","6":"product_cat-huonekalut","7":"product_cat-kokoontaitettavat-poydat","9":"first","10":"instock","11":"taxable","12":"shipping-taxable","13":"purchasable","14":"product-type-simple"},"_links":{"self":[{"href":"https:\/\/www.otiumhome.fi\/index.php\/wp-json\/wp\/v2\/product\/99812","targetHints":{"allow":["GET"]}}],"collection":[{"href":"https:\/\/www.otiumhome.fi\/index.php\/wp-json\/wp\/v2\/product"}],"about":[{"href":"https:\/\/www.otiumhome.fi\/index.php\/wp-json\/wp\/v2\/types\/product"}],"replies":[{"embeddable":true,"href":"https:\/\/www.otiumhome.fi\/index.php\/wp-json\/wp\/v2\/comments?post=99812"}],"wp:featuredmedia":[{"embeddable":true,"href":"https:\/\/www.otiumhome.fi\/index.php\/wp-json\/"}],"wp:attachment":[{"href":"https:\/\/www.otiumhome.fi\/index.php\/wp-json\/wp\/v2\/media?parent=99812"}],"wp:term":[{"taxonomy":"product_brand","embeddable":true,"href":"https:\/\/www.otiumhome.fi\/index.php\/wp-json\/wp\/v2\/product_brand?post=99812"},{"taxonomy":"product_cat","embeddable":true,"href":"https:\/\/www.otiumhome.fi\/index.php\/wp-json\/wp\/v2\/product_cat?post=99812"},{"taxonomy":"product_tag","embeddable":true,"href":"https:\/\/www.otiumhome.fi\/index.php\/wp-json\/wp\/v2\/product_tag?post=99812"}],"curies":[{"name":"wp","href":"https:\/\/api.w.org\/{rel}","templated":true}]}}