{"id":99810,"date":"2024-12-15T11:11:17","date_gmt":"2024-12-15T11:11:17","guid":{"rendered":"https:\/\/www.otiumhome.fi\/?p=99810"},"modified":"2025-06-06T15:43:43","modified_gmt":"2025-06-06T15:43:43","slug":"kokoontaitettava-tarjotinpoyta-60x40x68-cm-bambu","status":"publish","type":"product","link":"https:\/\/www.otiumhome.fi\/index.php\/tuote\/kokoontaitettava-tarjotinpoyta-60x40x68-cm-bambu\/","title":{"rendered":"Kokoontaitettava tarjotinp\u00f6yt\u00e4 60x40x68 cm bambu"},"content":{"rendered":"<p>T\u00e4m\u00e4 moderni, kokoontaittuva bambu tarjotinp\u00f6yt\u00e4, puhtaan yksinkertaisilla linjoilla, on erinomainen valinta puutarhaasi, terassille tai muuhun ulkotilaan.<\/p>\n<\/p>\n<ul>\n<li>Kest\u00e4v\u00e4 materiaali: Bambu tunnetaan joustavuudestaan ja kovuudestaan. Bambukalusteet ovat hyv\u00e4 vaihtoehto, kun haluat tukevia luonnonmateriaaleista valmistettuja kalusteita.<\/li>\n<li>Taitettava ja kannettava: T\u00e4m\u00e4 tarjotinp\u00f6yt\u00e4 voidaan helposti taittaa kokoon s\u00e4ilytyst\u00e4 ja kuljetusta varten.<\/li>\n<li>Tuuletettu: P\u00f6yd\u00e4n s\u00e4lemuotoilu mahdollistaa veden valumisen, joten se ei lahoa helposti ja tarjoaa pitk\u00e4ik\u00e4isen palvelusajan.<\/li>\n<li>Tukeva p\u00f6yt\u00e4levy: Sivup\u00f6yd\u00e4n tukeva p\u00f6yt\u00e4levy tarjoaa turvallisen pinnan, jolle voit asettaa juomat, maljakot, hedelm\u00e4kulhot tai koristeet.<\/li>\n<li>Useita k\u00e4ytt\u00f6tarkoituksia: T\u00e4m\u00e4 vintage-tyylinen p\u00f6yt\u00e4 sopii sek\u00e4 sis\u00e4- ett\u00e4 ulkotiloihin, mukaan lukien olo- ja makuuhuoneet, k\u00e4yt\u00e4v\u00e4t, toimistot, parvekkeet, terassit ja kuistit.<\/li>\n<\/ul>\n<p>Hyv\u00e4 tiet\u00e4\u00e4:<\/p>\n<ul>\n<li>Jotta ulkokalusteesi pysyisiv\u00e4t kauniina, suosittelemme peitt\u00e4m\u00e4\u00e4n ne vedenpit\u00e4v\u00e4ll\u00e4 suojalla.<\/li>\n<\/ul>\n<ul>\n<li>Materiaali: Luonnollisesti viimeistelty bambu<\/li>\n<li>Kokonaismitat: 60 x 40 x 68 cm (P x L x K)<\/li>\n<li>Asennus vaaditaan: Kyll\u00e4<\/li>\n<\/ul>\n","protected":false},"excerpt":{"rendered":"<ul>\n<li>Materiaali: Luonnollisesti viimeistelty bambu<\/li>\n<li>Kokonaismitat: 60 x 40 x 68 cm (P x L x K)<\/li>\n<li>Asennus vaaditaan: Kyll\u00e4<\/li>\n<\/ul>\n","protected":false},"featured_media":10000099810,"comment_status":"closed","ping_status":"closed","template":"","meta":[],"product_brand":[],"product_cat":[84,8557],"product_tag":[],"class_list":{"0":"post-99810","1":"product","2":"type-product","3":"status-publish","4":"has-post-thumbnail","6":"product_cat-huonekalut","7":"product_cat-kokoontaitettavat-poydat","9":"first","10":"instock","11":"taxable","12":"shipping-taxable","13":"purchasable","14":"product-type-simple"},"_links":{"self":[{"href":"https:\/\/www.otiumhome.fi\/index.php\/wp-json\/wp\/v2\/product\/99810","targetHints":{"allow":["GET"]}}],"collection":[{"href":"https:\/\/www.otiumhome.fi\/index.php\/wp-json\/wp\/v2\/product"}],"about":[{"href":"https:\/\/www.otiumhome.fi\/index.php\/wp-json\/wp\/v2\/types\/product"}],"replies":[{"embeddable":true,"href":"https:\/\/www.otiumhome.fi\/index.php\/wp-json\/wp\/v2\/comments?post=99810"}],"wp:featuredmedia":[{"embeddable":true,"href":"https:\/\/www.otiumhome.fi\/index.php\/wp-json\/"}],"wp:attachment":[{"href":"https:\/\/www.otiumhome.fi\/index.php\/wp-json\/wp\/v2\/media?parent=99810"}],"wp:term":[{"taxonomy":"product_brand","embeddable":true,"href":"https:\/\/www.otiumhome.fi\/index.php\/wp-json\/wp\/v2\/product_brand?post=99810"},{"taxonomy":"product_cat","embeddable":true,"href":"https:\/\/www.otiumhome.fi\/index.php\/wp-json\/wp\/v2\/product_cat?post=99810"},{"taxonomy":"product_tag","embeddable":true,"href":"https:\/\/www.otiumhome.fi\/index.php\/wp-json\/wp\/v2\/product_tag?post=99810"}],"curies":[{"name":"wp","href":"https:\/\/api.w.org\/{rel}","templated":true}]}}