{"id":99803,"date":"2024-12-15T11:11:17","date_gmt":"2024-12-15T11:11:17","guid":{"rendered":"https:\/\/www.otiumhome.fi\/?p=99803"},"modified":"2025-06-06T15:43:42","modified_gmt":"2025-06-06T15:43:42","slug":"klaffipoyta-seinalle-betoninharmaa-100x60x56-cm-tekninen-puu","status":"publish","type":"product","link":"https:\/\/www.otiumhome.fi\/index.php\/tuote\/klaffipoyta-seinalle-betoninharmaa-100x60x56-cm-tekninen-puu\/","title":{"rendered":"Klaffip\u00f6yt\u00e4 sein\u00e4lle betoninharmaa 100x60x56 cm tekninen puu"},"content":{"rendered":"<p>T\u00e4m\u00e4 tyylik\u00e4s ja toimiva sein\u00e4kiinnitett\u00e4v\u00e4 p\u00f6yt\u00e4 voidaan taittaa litte\u00e4ksi ja se sopii mihin tahansa huoneeseen sein\u00e4p\u00f6yd\u00e4ksi, keitti\u00f6n p\u00f6yd\u00e4ksi, PC p\u00f6yd\u00e4ksi, kirjoitusp\u00f6yd\u00e4ksi, baarip\u00f6yd\u00e4ksi, jne.<\/p>\n<\/p>\n<ul>\n<li>Kest\u00e4v\u00e4 materiaali: Tekninen puu on poikkeuksellisen laadukasta ja sile\u00e4pintaista. Se on luja, vakaa ja kosteudelle vastustuskykyinen.<\/li>\n<li>Taitettava muotoilu: T\u00e4ss\u00e4 keitti\u00f6n p\u00f6yd\u00e4ss\u00e4 on kolmion muotoinen 90 asteen runko, joka voidaan taittaa kokoon tilan s\u00e4\u00e4st\u00e4miseksi, kun sit\u00e4 ei k\u00e4ytet\u00e4. Se sopii eritt\u00e4in hyvin mihin tahansa huoneeseen, erityisesti pienikokoisiin huoneisiin. <\/li>\n<li>Sein\u00e4lle asennettava malli: T\u00e4m\u00e4 p\u00f6yt\u00e4 voidaan kiinnitt\u00e4\u00e4 sein\u00e4\u00e4n haluamallesi korkeudelle.<\/li>\n<\/ul>\n<p>Huomioi:<\/p>\n<ul>\n<li>Jokaisen tuotteen mukana on laatikossa kokoonpano-ohje helppoa asennusta varten.<\/li>\n<li>Sein\u00e4\u00e4n kiinnitett\u00e4v\u00e4t ruuvit ja tulpat eiv\u00e4t sis\u00e4lly toimitukseen. Etsi ja k\u00e4yt\u00e4 sein\u00e4\u00e4si sopivia ruuveja ja tulppia. Jos olet ep\u00e4varma, kysy ammattilaisen neuvoa. Lue ja seuraa asennusohjeiden jokaista vaihetta huolella.<\/li>\n<\/ul>\n<ul>\n<li>V\u00e4ri: betoninharmaa<\/li>\n<li>Materiaali: tekninen puu<\/li>\n<li>Mitat avattuna: 100 x 60 x 56 cm (P x L x K)<\/li>\n<li>Et\u00e4isyys sein\u00e4st\u00e4 kokoontaitettuna: 8 cm<\/li>\n<li>Maksimi kantavuus: 20 kg<\/li>\n<li>Kolmioteline tuki<\/li>\n<\/ul>\n","protected":false},"excerpt":{"rendered":"<ul>\n<li>V\u00e4ri: betoninharmaa<\/li>\n<li>Materiaali: tekninen puu<\/li>\n<li>Mitat avattuna: 100 x 60 x 56 cm (P x L x K)<\/li>\n<li>Et\u00e4isyys sein\u00e4st\u00e4 kokoontaitettuna: 8 cm<\/li>\n<li>Maksimi kantavuus: 20 kg<\/li>\n<li>Kolmioteline tuki<\/li>\n<\/ul>\n","protected":false},"featured_media":10000099803,"comment_status":"closed","ping_status":"closed","template":"","meta":[],"product_brand":[],"product_cat":[84,8557],"product_tag":[],"class_list":{"0":"post-99803","1":"product","2":"type-product","3":"status-publish","4":"has-post-thumbnail","6":"product_cat-huonekalut","7":"product_cat-kokoontaitettavat-poydat","9":"first","10":"instock","11":"taxable","12":"shipping-taxable","13":"purchasable","14":"product-type-simple"},"_links":{"self":[{"href":"https:\/\/www.otiumhome.fi\/index.php\/wp-json\/wp\/v2\/product\/99803","targetHints":{"allow":["GET"]}}],"collection":[{"href":"https:\/\/www.otiumhome.fi\/index.php\/wp-json\/wp\/v2\/product"}],"about":[{"href":"https:\/\/www.otiumhome.fi\/index.php\/wp-json\/wp\/v2\/types\/product"}],"replies":[{"embeddable":true,"href":"https:\/\/www.otiumhome.fi\/index.php\/wp-json\/wp\/v2\/comments?post=99803"}],"wp:featuredmedia":[{"embeddable":true,"href":"https:\/\/www.otiumhome.fi\/index.php\/wp-json\/"}],"wp:attachment":[{"href":"https:\/\/www.otiumhome.fi\/index.php\/wp-json\/wp\/v2\/media?parent=99803"}],"wp:term":[{"taxonomy":"product_brand","embeddable":true,"href":"https:\/\/www.otiumhome.fi\/index.php\/wp-json\/wp\/v2\/product_brand?post=99803"},{"taxonomy":"product_cat","embeddable":true,"href":"https:\/\/www.otiumhome.fi\/index.php\/wp-json\/wp\/v2\/product_cat?post=99803"},{"taxonomy":"product_tag","embeddable":true,"href":"https:\/\/www.otiumhome.fi\/index.php\/wp-json\/wp\/v2\/product_tag?post=99803"}],"curies":[{"name":"wp","href":"https:\/\/api.w.org\/{rel}","templated":true}]}}