{"id":99798,"date":"2024-12-15T11:11:16","date_gmt":"2024-12-15T11:11:16","guid":{"rendered":"https:\/\/www.otiumhome.fi\/?p=99798"},"modified":"2025-06-06T15:43:42","modified_gmt":"2025-06-06T15:43:42","slug":"taittuva-tapetointipoyta-mdf-ja-alumiini-200x60x78-cm","status":"publish","type":"product","link":"https:\/\/www.otiumhome.fi\/index.php\/tuote\/taittuva-tapetointipoyta-mdf-ja-alumiini-200x60x78-cm\/","title":{"rendered":"Taittuva tapetointip\u00f6yt\u00e4 MDF ja alumiini 200x60x78 cm"},"content":{"rendered":"<p>Taittuvassa tapetointip\u00f6yd\u00e4ss\u00e4 on k\u00e4tev\u00e4t mittamerkinn\u00e4t. P\u00f6yt\u00e4 sopii t\u00e4ydellisesti monenlaiseen k\u00e4ytt\u00f6tarkoitukseen kuten tapettien liister\u00f6intiin, kodin sisustamiseen, askarteluprojekteihin, materiaalien mittaukseen ja moneen muuhun!<\/p>\n<\/p>\n<p>Tapetointip\u00f6yd\u00e4n runko on valmistettu vahvasta ja kevyest\u00e4 alumiinista ja p\u00f6yt\u00e4levy helposti puhdistettavasta MDF-levyst\u00e4, jonka enimm\u00e4iskantavuus on 20 kg. P\u00f6yd\u00e4ss\u00e4 on W-muotoiset ter\u00e4sputkijalat, jotka parantavat sen vahvuutta ja kest\u00e4vyytt\u00e4. Se voidaan vaivattomasti taittaa kokoon s\u00e4ilytyst\u00e4 ja kuljetusta varten.<\/p>\n<\/p>\n<p>Tuote toimitetaan valmiiksi koottuna.<\/p>\n<ul>\n<li>V\u00e4ri: musta<\/li>\n<li>Materiaali: alumiinirunko + ter\u00e4sputkijalat + MDF-p\u00f6yt\u00e4levy<\/li>\n<li>Mitat (levitettyn\u00e4): 200 x 60 x 78 cm (P x L x K)<\/li>\n<li>Mitat (taitettuna): 100 x 60 x 5 cm (P x L x K)<\/li>\n<li>Maksimi kantavuus: 20 kg<\/li>\n<li>Valmiiksi koottu<\/li>\n<\/ul>\n","protected":false},"excerpt":{"rendered":"<ul>\n<li>V\u00e4ri: musta<\/li>\n<li>Materiaali: alumiinirunko + ter\u00e4sputkijalat + MDF-p\u00f6yt\u00e4levy<\/li>\n<li>Mitat (levitettyn\u00e4): 200 x 60 x 78 cm (P x L x K)<\/li>\n<li>Mitat (taitettuna): 100 x 60 x 5 cm (P x L x K)<\/li>\n<li>Maksimi kantavuus: 20 kg<\/li>\n<li>Valmiiksi koottu<\/li>\n<\/ul>\n","protected":false},"featured_media":10000099798,"comment_status":"closed","ping_status":"closed","template":"","meta":[],"product_brand":[],"product_cat":[84,8557],"product_tag":[],"class_list":{"0":"post-99798","1":"product","2":"type-product","3":"status-publish","4":"has-post-thumbnail","6":"product_cat-huonekalut","7":"product_cat-kokoontaitettavat-poydat","9":"first","10":"instock","11":"taxable","12":"shipping-taxable","13":"purchasable","14":"product-type-simple"},"_links":{"self":[{"href":"https:\/\/www.otiumhome.fi\/index.php\/wp-json\/wp\/v2\/product\/99798","targetHints":{"allow":["GET"]}}],"collection":[{"href":"https:\/\/www.otiumhome.fi\/index.php\/wp-json\/wp\/v2\/product"}],"about":[{"href":"https:\/\/www.otiumhome.fi\/index.php\/wp-json\/wp\/v2\/types\/product"}],"replies":[{"embeddable":true,"href":"https:\/\/www.otiumhome.fi\/index.php\/wp-json\/wp\/v2\/comments?post=99798"}],"wp:featuredmedia":[{"embeddable":true,"href":"https:\/\/www.otiumhome.fi\/index.php\/wp-json\/"}],"wp:attachment":[{"href":"https:\/\/www.otiumhome.fi\/index.php\/wp-json\/wp\/v2\/media?parent=99798"}],"wp:term":[{"taxonomy":"product_brand","embeddable":true,"href":"https:\/\/www.otiumhome.fi\/index.php\/wp-json\/wp\/v2\/product_brand?post=99798"},{"taxonomy":"product_cat","embeddable":true,"href":"https:\/\/www.otiumhome.fi\/index.php\/wp-json\/wp\/v2\/product_cat?post=99798"},{"taxonomy":"product_tag","embeddable":true,"href":"https:\/\/www.otiumhome.fi\/index.php\/wp-json\/wp\/v2\/product_tag?post=99798"}],"curies":[{"name":"wp","href":"https:\/\/api.w.org\/{rel}","templated":true}]}}