{"id":99797,"date":"2024-12-15T11:11:16","date_gmt":"2024-12-15T11:11:16","guid":{"rendered":"https:\/\/www.otiumhome.fi\/?p=99797"},"modified":"2025-06-06T15:43:42","modified_gmt":"2025-06-06T15:43:42","slug":"tapetointipoydat-3-kpl-kokoontaitettava","status":"publish","type":"product","link":"https:\/\/www.otiumhome.fi\/index.php\/tuote\/tapetointipoydat-3-kpl-kokoontaitettava\/","title":{"rendered":"Tapetointip\u00f6yd\u00e4t 3 kpl kokoontaitettava"},"content":{"rendered":"<p>T\u00e4h\u00e4n tapetointip\u00f6yt\u00e4sarjaan kuuluu 3 kokoontaitettavaa p\u00f6yt\u00e4\u00e4. Se sopii ihanteellisesti moneen eri k\u00e4ytt\u00f6tarkoitukseen, kuten tapetin liister\u00f6intiin, kodin sisustukseen, taideprojekteihin, materiaalien mittaukseen ja moneen muuhun!    <\/p>\n<\/p>\n<p>Tapetointip\u00f6ytien rungot ovat valmistettu vahvasta sek\u00e4 kevyest\u00e4 alumiinista ja niiss\u00e4 on helposti puhdistettavat mustat MDF-p\u00f6yt\u00e4levyt. P\u00f6yt\u00e4sarja on eritt\u00e4in vahva ja vakaa, sill\u00e4 niit\u00e4 tukee vankat rautajalat. N\u00e4m\u00e4 3 p\u00f6yt\u00e4\u00e4 voidaan kiinnitt\u00e4\u00e4 toisiinsa kiinnityskoukkujen avulla. Kaikki 3 p\u00f6yt\u00e4\u00e4 voidaan taittaa kokoon, jotta niit\u00e4 on helppo kantaa sek\u00e4 s\u00e4ilytt\u00e4\u00e4 silloin, kun niit\u00e4 ei k\u00e4ytet\u00e4.   <\/p>\n<ul>\n<li>Sis\u00e4lt\u00e4\u00e4 3 kokoontaitettavaa p\u00f6yt\u00e4\u00e4<\/li>\n<li>MDF-p\u00f6yt\u00e4levy + rautajalat<\/li>\n<li>Koko kokoontaitettuna: 100 x 60 x 3 cm<\/li>\n<li>Koko avattuna: 100 x 60 x 82 cm <\/li>\n<li>V\u00e4ri: musta<\/li>\n<li>Kytket\u00e4\u00e4n koukuilla<\/li>\n<\/ul>\n","protected":false},"excerpt":{"rendered":"<ul>\n<li>Sis\u00e4lt\u00e4\u00e4 3 kokoontaitettavaa p\u00f6yt\u00e4\u00e4<\/li>\n<li>MDF-p\u00f6yt\u00e4levy + rautajalat<\/li>\n<li>Koko kokoontaitettuna: 100 x 60 x 3 cm<\/li>\n<li>Koko avattuna: 100 x 60 x 82 cm <\/li>\n<li>V\u00e4ri: musta<\/li>\n<li>Kytket\u00e4\u00e4n koukuilla<\/li>\n<\/ul>\n","protected":false},"featured_media":10000099797,"comment_status":"closed","ping_status":"closed","template":"","meta":[],"product_brand":[],"product_cat":[84,8557],"product_tag":[],"class_list":{"0":"post-99797","1":"product","2":"type-product","3":"status-publish","4":"has-post-thumbnail","6":"product_cat-huonekalut","7":"product_cat-kokoontaitettavat-poydat","9":"first","10":"instock","11":"taxable","12":"shipping-taxable","13":"purchasable","14":"product-type-simple"},"_links":{"self":[{"href":"https:\/\/www.otiumhome.fi\/index.php\/wp-json\/wp\/v2\/product\/99797","targetHints":{"allow":["GET"]}}],"collection":[{"href":"https:\/\/www.otiumhome.fi\/index.php\/wp-json\/wp\/v2\/product"}],"about":[{"href":"https:\/\/www.otiumhome.fi\/index.php\/wp-json\/wp\/v2\/types\/product"}],"replies":[{"embeddable":true,"href":"https:\/\/www.otiumhome.fi\/index.php\/wp-json\/wp\/v2\/comments?post=99797"}],"wp:featuredmedia":[{"embeddable":true,"href":"https:\/\/www.otiumhome.fi\/index.php\/wp-json\/"}],"wp:attachment":[{"href":"https:\/\/www.otiumhome.fi\/index.php\/wp-json\/wp\/v2\/media?parent=99797"}],"wp:term":[{"taxonomy":"product_brand","embeddable":true,"href":"https:\/\/www.otiumhome.fi\/index.php\/wp-json\/wp\/v2\/product_brand?post=99797"},{"taxonomy":"product_cat","embeddable":true,"href":"https:\/\/www.otiumhome.fi\/index.php\/wp-json\/wp\/v2\/product_cat?post=99797"},{"taxonomy":"product_tag","embeddable":true,"href":"https:\/\/www.otiumhome.fi\/index.php\/wp-json\/wp\/v2\/product_tag?post=99797"}],"curies":[{"name":"wp","href":"https:\/\/api.w.org\/{rel}","templated":true}]}}