{"id":99739,"date":"2024-12-15T11:11:09","date_gmt":"2024-12-15T11:11:09","guid":{"rendered":"https:\/\/www.otiumhome.fi\/?p=99739"},"modified":"2025-06-06T15:42:11","modified_gmt":"2025-06-06T15:42:11","slug":"tyopoyta-korkeakiilto-valkoinen-90x45x76-cm-tekninen-puu","status":"publish","type":"product","link":"https:\/\/www.otiumhome.fi\/index.php\/tuote\/tyopoyta-korkeakiilto-valkoinen-90x45x76-cm-tekninen-puu\/","title":{"rendered":"Ty\u00f6p\u00f6yt\u00e4 korkeakiilto valkoinen 90x45x76 cm tekninen puu"},"content":{"rendered":"<p>Ankkuroi toimisto- tai elintilasi vaatimattomaan tyyliin t\u00e4ll\u00e4 kauniin elegantilla p\u00f6yd\u00e4ll\u00e4!<\/p>\n<\/p>\n<p>P\u00f6yt\u00e4 on valmistettu teknisest\u00e4 puusta, joka takaa tukevuuden, kest\u00e4vyyden ja pitk\u00e4n k\u00e4ytt\u00f6i\u00e4n. 90 cm pituinen p\u00f6yt\u00e4 vie v\u00e4h\u00e4n tilaa, mik\u00e4 sopii nuorison ja lasten huoneisiin ja se voidaan laittaa jopa kulmaan. Laatikostossa on tilaa kansioille, kirjoille ja muille t\u00e4rkeille esineille. Lis\u00e4ksi ty\u00f6p\u00f6yt\u00e4 on helppo puhdistaa kostealla liinalla.<\/p>\n<\/p>\n<p>Tuote on helppo koota.<\/p>\n<ul>\n<li>V\u00e4ri: valkoinen korkeakiilto<\/li>\n<li>Materiaali: tekninen puu<\/li>\n<li>Kokonaismitat: 90 x 45 x 76 cm (P x L x K)<\/li>\n<li>3 vetolaatikkoa<\/li>\n<li>Helppo hoitaa ja puhdistaa kostealla liinalla<\/li>\n<li>Asennus vaaditaan: kyll\u00e4<\/li>\n<\/ul>\n","protected":false},"excerpt":{"rendered":"<ul>\n<li>V\u00e4ri: valkoinen korkeakiilto<\/li>\n<li>Materiaali: tekninen puu<\/li>\n<li>Kokonaismitat: 90 x 45 x 76 cm (P x L x K)<\/li>\n<li>3 vetolaatikkoa<\/li>\n<li>Helppo hoitaa ja puhdistaa kostealla liinalla<\/li>\n<li>Asennus vaaditaan: kyll\u00e4<\/li>\n<\/ul>\n","protected":false},"featured_media":10000099739,"comment_status":"closed","ping_status":"closed","template":"","meta":[],"product_brand":[],"product_cat":[84,8551],"product_tag":[],"class_list":{"0":"post-99739","1":"product","2":"type-product","3":"status-publish","4":"has-post-thumbnail","6":"product_cat-huonekalut","7":"product_cat-kirjoituspoydat","9":"first","10":"outofstock","11":"taxable","12":"shipping-taxable","13":"purchasable","14":"product-type-simple"},"_links":{"self":[{"href":"https:\/\/www.otiumhome.fi\/index.php\/wp-json\/wp\/v2\/product\/99739","targetHints":{"allow":["GET"]}}],"collection":[{"href":"https:\/\/www.otiumhome.fi\/index.php\/wp-json\/wp\/v2\/product"}],"about":[{"href":"https:\/\/www.otiumhome.fi\/index.php\/wp-json\/wp\/v2\/types\/product"}],"replies":[{"embeddable":true,"href":"https:\/\/www.otiumhome.fi\/index.php\/wp-json\/wp\/v2\/comments?post=99739"}],"wp:featuredmedia":[{"embeddable":true,"href":"https:\/\/www.otiumhome.fi\/index.php\/wp-json\/"}],"wp:attachment":[{"href":"https:\/\/www.otiumhome.fi\/index.php\/wp-json\/wp\/v2\/media?parent=99739"}],"wp:term":[{"taxonomy":"product_brand","embeddable":true,"href":"https:\/\/www.otiumhome.fi\/index.php\/wp-json\/wp\/v2\/product_brand?post=99739"},{"taxonomy":"product_cat","embeddable":true,"href":"https:\/\/www.otiumhome.fi\/index.php\/wp-json\/wp\/v2\/product_cat?post=99739"},{"taxonomy":"product_tag","embeddable":true,"href":"https:\/\/www.otiumhome.fi\/index.php\/wp-json\/wp\/v2\/product_tag?post=99739"}],"curies":[{"name":"wp","href":"https:\/\/api.w.org\/{rel}","templated":true}]}}