{"id":99732,"date":"2024-12-15T11:11:09","date_gmt":"2024-12-15T11:11:09","guid":{"rendered":"https:\/\/www.otiumhome.fi\/?p=99732"},"modified":"2025-06-06T15:42:19","modified_gmt":"2025-06-06T15:42:19","slug":"tyopoyta-hill-valkoinen-150x50x74-cm-taysi-manty","status":"publish","type":"product","link":"https:\/\/www.otiumhome.fi\/index.php\/tuote\/tyopoyta-hill-valkoinen-150x50x74-cm-taysi-manty\/","title":{"rendered":"Ty\u00f6p\u00f6yt\u00e4 Hill valkoinen 150x50x74 cm t\u00e4ysi m\u00e4nty"},"content":{"rendered":"<p>Jos haluat lis\u00e4t\u00e4 yksinkertaista maalaistunnelmaa sisustukseesi, t\u00e4yspuinen ty\u00f6p\u00f6yt\u00e4mme on sopiva ratkaisu.<\/p>\n<\/p>\n<p>T\u00e4m\u00e4 kirjoitusp\u00f6yt\u00e4 on valmistettu t\u00e4ydest\u00e4 m\u00e4nnyst\u00e4, joten se on vakaa ja vankka. Tukevassa p\u00f6yd\u00e4ss\u00e4 on kolme vetolaatikkoa kuppikahvoilla, kaksi lokeroa ja yksi ovi. Se tarjoaa my\u00f6s runsaasti tilaa tavaroiden esille panoon ja s\u00e4ilytt\u00e4miseen.<\/p>\n<\/p>\n<p>T\u00e4rke\u00e4 huomio: V\u00e4rit vaihtelevat kappaleittain, t\u00e4m\u00e4 tekee jokaisesta puisesta tietokonep\u00f6yd\u00e4st\u00e4mme ainutlaatuisen.<\/p>\n<ul>\n<li>V\u00e4ri: valkoinen<\/li>\n<li>Mitat: 150 x 50 x 74 cm (L x S x K)<\/li>\n<li>Materiaali: t\u00e4ysi m\u00e4nty<\/li>\n<li>3 laatikkoa, 2 lokeroa ja 1 ovi<\/li>\n<li>Liukukiskoissa stopparit<\/li>\n<li>Asennus vaaditaan: kyll\u00e4<\/li>\n<li><strong>VAROITUS: <\/strong>Kaatumisen est\u00e4miseksi t\u00e4t\u00e4 tuotetta on k\u00e4ytett\u00e4v\u00e4 mukana toimitetun sein\u00e4kiinnityslaitteen kanssa.<\/li>\n<li>Valikoima: Hill<\/li>\n<li>Legal Documents:\n<p><span>Lis\u00e4tietoja huonekalujesi kaatumisen est\u00e4misest\u00e4 voit l\u00f6yt\u00e4\u00e4 <span style=\"text-decoration: underline\"><strong><a title=\"https:\/\/bit.ly\/3bVwkQp\" href=\"https:\/\/bit.ly\/3bVwkQp\" target=\"_blank\">t\u00e4\u00e4lt\u00e4<\/a><\/strong><\/span><\/span><\/p>\n<\/li>\n<\/ul>\n","protected":false},"excerpt":{"rendered":"<ul>\n<li>V\u00e4ri: valkoinen<\/li>\n<li>Mitat: 150 x 50 x 74 cm (L x S x K)<\/li>\n<li>Materiaali: t\u00e4ysi m\u00e4nty<\/li>\n<li>3 laatikkoa, 2 lokeroa ja 1 ovi<\/li>\n<li>Liukukiskoissa stopparit<\/li>\n<li>Asennus vaaditaan: kyll\u00e4<\/li>\n<li><strong>VAROITUS: <\/strong>Kaatumisen est\u00e4miseksi t\u00e4t\u00e4 tuotetta on k\u00e4ytett\u00e4v\u00e4 mukana toimitetun sein\u00e4kiinnityslaitteen kanssa.<\/li>\n<li>Valikoima: Hill<\/li>\n<li>Legal Documents:\n<p><span>Lis\u00e4tietoja huonekalujesi kaatumisen est\u00e4misest\u00e4 voit l\u00f6yt\u00e4\u00e4 <span style=\"text-decoration: underline\"><strong><a title=\"https:\/\/bit.ly\/3bVwkQp\" href=\"https:\/\/bit.ly\/3bVwkQp\" target=\"_blank\">t\u00e4\u00e4lt\u00e4<\/a><\/strong><\/span><\/span><\/p>\n<\/li>\n<\/ul>\n","protected":false},"featured_media":10000099732,"comment_status":"closed","ping_status":"closed","template":"","meta":[],"product_brand":[],"product_cat":[84,8551],"product_tag":[],"class_list":{"0":"post-99732","1":"product","2":"type-product","3":"status-publish","4":"has-post-thumbnail","6":"product_cat-huonekalut","7":"product_cat-kirjoituspoydat","9":"first","10":"instock","11":"taxable","12":"shipping-taxable","13":"purchasable","14":"product-type-simple"},"_links":{"self":[{"href":"https:\/\/www.otiumhome.fi\/index.php\/wp-json\/wp\/v2\/product\/99732","targetHints":{"allow":["GET"]}}],"collection":[{"href":"https:\/\/www.otiumhome.fi\/index.php\/wp-json\/wp\/v2\/product"}],"about":[{"href":"https:\/\/www.otiumhome.fi\/index.php\/wp-json\/wp\/v2\/types\/product"}],"replies":[{"embeddable":true,"href":"https:\/\/www.otiumhome.fi\/index.php\/wp-json\/wp\/v2\/comments?post=99732"}],"wp:featuredmedia":[{"embeddable":true,"href":"https:\/\/www.otiumhome.fi\/index.php\/wp-json\/"}],"wp:attachment":[{"href":"https:\/\/www.otiumhome.fi\/index.php\/wp-json\/wp\/v2\/media?parent=99732"}],"wp:term":[{"taxonomy":"product_brand","embeddable":true,"href":"https:\/\/www.otiumhome.fi\/index.php\/wp-json\/wp\/v2\/product_brand?post=99732"},{"taxonomy":"product_cat","embeddable":true,"href":"https:\/\/www.otiumhome.fi\/index.php\/wp-json\/wp\/v2\/product_cat?post=99732"},{"taxonomy":"product_tag","embeddable":true,"href":"https:\/\/www.otiumhome.fi\/index.php\/wp-json\/wp\/v2\/product_tag?post=99732"}],"curies":[{"name":"wp","href":"https:\/\/api.w.org\/{rel}","templated":true}]}}