{"id":99706,"date":"2024-12-15T11:09:58","date_gmt":"2024-12-15T11:09:58","guid":{"rendered":"https:\/\/www.otiumhome.fi\/?p=99706"},"modified":"2025-06-06T15:42:09","modified_gmt":"2025-06-06T15:42:09","slug":"tyopoyta-betoninharmaa-80x40x75-cm-tekninen-puu","status":"publish","type":"product","link":"https:\/\/www.otiumhome.fi\/index.php\/tuote\/tyopoyta-betoninharmaa-80x40x75-cm-tekninen-puu\/","title":{"rendered":"Ty\u00f6p\u00f6yt\u00e4 betoninharmaa 80x40x75 cm tekninen puu"},"content":{"rendered":"<p>Tyylik\u00e4s ja moderni ty\u00f6p\u00f6yt\u00e4mme on k\u00e4yt\u00e4nn\u00f6llinen lis\u00e4 opiskelu- tai ty\u00f6skentelyalueellesi!<\/p>\n<\/p>\n<p>P\u00f6yt\u00e4 on valmistettu teknisest\u00e4 puusta, joka takaa tukevuuden, kest\u00e4vyyden ja pitk\u00e4n k\u00e4ytt\u00f6i\u00e4n. 80 cm pituinen p\u00f6yt\u00e4 vie v\u00e4h\u00e4n tilaa, mik\u00e4 sopii nuorison ja lasten huoneisiin ja se voidaan laittaa jopa kulmaan. Laatikostossa on tilaa kansioille, kirjoille ja muille t\u00e4rkeille esineille. Lis\u00e4ksi ty\u00f6p\u00f6yt\u00e4 on helppo puhdistaa kostealla liinalla.<\/p>\n<\/p>\n<p>P\u00f6yt\u00e4 on helppo koota.<\/p>\n<ul>\n<li>V\u00e4ri: betoninharmaa<\/li>\n<li>Materiaali: tekninen puu<\/li>\n<li>Kokonaismitat: 80 x 40 x 75 cm (P x L x K)<\/li>\n<li>Kaksi laatikkoa<\/li>\n<li>Helppo puhdistaa kostealla liinalla<\/li>\n<li>Asennus vaaditaan: kyll\u00e4<\/li>\n<\/ul>\n","protected":false},"excerpt":{"rendered":"<ul>\n<li>V\u00e4ri: betoninharmaa<\/li>\n<li>Materiaali: tekninen puu<\/li>\n<li>Kokonaismitat: 80 x 40 x 75 cm (P x L x K)<\/li>\n<li>Kaksi laatikkoa<\/li>\n<li>Helppo puhdistaa kostealla liinalla<\/li>\n<li>Asennus vaaditaan: kyll\u00e4<\/li>\n<\/ul>\n","protected":false},"featured_media":10000099706,"comment_status":"closed","ping_status":"closed","template":"","meta":[],"product_brand":[],"product_cat":[84,8551],"product_tag":[],"class_list":{"0":"post-99706","1":"product","2":"type-product","3":"status-publish","4":"has-post-thumbnail","6":"product_cat-huonekalut","7":"product_cat-kirjoituspoydat","9":"first","10":"instock","11":"taxable","12":"shipping-taxable","13":"purchasable","14":"product-type-simple"},"_links":{"self":[{"href":"https:\/\/www.otiumhome.fi\/index.php\/wp-json\/wp\/v2\/product\/99706","targetHints":{"allow":["GET"]}}],"collection":[{"href":"https:\/\/www.otiumhome.fi\/index.php\/wp-json\/wp\/v2\/product"}],"about":[{"href":"https:\/\/www.otiumhome.fi\/index.php\/wp-json\/wp\/v2\/types\/product"}],"replies":[{"embeddable":true,"href":"https:\/\/www.otiumhome.fi\/index.php\/wp-json\/wp\/v2\/comments?post=99706"}],"wp:featuredmedia":[{"embeddable":true,"href":"https:\/\/www.otiumhome.fi\/index.php\/wp-json\/"}],"wp:attachment":[{"href":"https:\/\/www.otiumhome.fi\/index.php\/wp-json\/wp\/v2\/media?parent=99706"}],"wp:term":[{"taxonomy":"product_brand","embeddable":true,"href":"https:\/\/www.otiumhome.fi\/index.php\/wp-json\/wp\/v2\/product_brand?post=99706"},{"taxonomy":"product_cat","embeddable":true,"href":"https:\/\/www.otiumhome.fi\/index.php\/wp-json\/wp\/v2\/product_cat?post=99706"},{"taxonomy":"product_tag","embeddable":true,"href":"https:\/\/www.otiumhome.fi\/index.php\/wp-json\/wp\/v2\/product_tag?post=99706"}],"curies":[{"name":"wp","href":"https:\/\/api.w.org\/{rel}","templated":true}]}}