{"id":99670,"date":"2024-12-15T11:02:56","date_gmt":"2024-12-15T11:02:56","guid":{"rendered":"https:\/\/www.otiumhome.fi\/?p=99670"},"modified":"2025-06-06T15:41:09","modified_gmt":"2025-06-06T15:41:09","slug":"kulmapoyta-musta-200x50x76-cm-tekninen-puu","status":"publish","type":"product","link":"https:\/\/www.otiumhome.fi\/index.php\/tuote\/kulmapoyta-musta-200x50x76-cm-tekninen-puu\/","title":{"rendered":"Kulmap\u00f6yt\u00e4 musta 200x50x76 cm tekninen puu"},"content":{"rendered":"<p>Tyylik\u00e4s ja moderni ty\u00f6p\u00f6yt\u00e4mme on k\u00e4yt\u00e4nn\u00f6llinen lis\u00e4 opiskelu- tai ty\u00f6skentelyalueellesi!<\/p>\n<\/p>\n<p>K\u00e4\u00e4nnett\u00e4v\u00e4n muotoilun ansiosta ty\u00f6p\u00f6yt\u00e4 voidaan s\u00e4\u00e4t\u00e4\u00e4 nurkkap\u00f6yd\u00e4ksi sopimaan erilaisiin huoneen asetteluihin. Laadukkaasta teknisest\u00e4 puusta valmistettu ty\u00f6asema on tukeva, kest\u00e4v\u00e4 ja kest\u00e4\u00e4 k\u00e4yt\u00f6ss\u00e4 pitk\u00e4\u00e4n. T\u00e4m\u00e4 kirjoitusp\u00f6yt\u00e4 tarjoaa s\u00e4ilytystilaa suurilla avoimilla lokeroilla, mik\u00e4 tekee siit\u00e4 t\u00e4ydellisen kaikissa ahtaissa toimistoissa, asuntoloissa ja pieniss\u00e4 kodeissa! Sit\u00e4 voidaan k\u00e4ytt\u00e4\u00e4 my\u00f6s eteisen konsolip\u00f6yt\u00e4n\u00e4.<\/p>\n<\/p>\n<p>P\u00f6yt\u00e4 on helppo puhdistaa kostealla liinalla.<\/p>\n<ul>\n<li>V\u00e4ri: musta<\/li>\n<li>Materiaali: tekninen puu<\/li>\n<li>Mitat: 200 x 50 x 76 cm (P x L x K)<\/li>\n<li>Mitat (nurkkap\u00f6yt\u00e4n\u00e4): 120 x 120 x 76 cm (P x L x K)<\/li>\n<li>K\u00e4\u00e4nnett\u00e4v\u00e4<\/li>\n<li>Avoimilla lokeroilla<\/li>\n<li>Asennus vaaditaan: kyll\u00e4<\/li>\n<li><strong>Huomio: <\/strong>Sein\u00e4\u00e4n kiinnitett\u00e4v\u00e4t ruuvit ja tulpat eiv\u00e4t sis\u00e4lly toimitukseen. Etsi ja k\u00e4yt\u00e4 sein\u00e4\u00e4si sopivia ruuveja ja tulppia. Jos olet ep\u00e4varma, kysy ammattilaisen neuvoa. Lue ja seuraa asennusohjeiden jokaista vaihetta huolella.<\/li>\n<\/ul>\n","protected":false},"excerpt":{"rendered":"<ul>\n<li>V\u00e4ri: musta<\/li>\n<li>Materiaali: tekninen puu<\/li>\n<li>Mitat: 200 x 50 x 76 cm (P x L x K)<\/li>\n<li>Mitat (nurkkap\u00f6yt\u00e4n\u00e4): 120 x 120 x 76 cm (P x L x K)<\/li>\n<li>K\u00e4\u00e4nnett\u00e4v\u00e4<\/li>\n<li>Avoimilla lokeroilla<\/li>\n<li>Asennus vaaditaan: kyll\u00e4<\/li>\n<li><strong>Huomio: <\/strong>Sein\u00e4\u00e4n kiinnitett\u00e4v\u00e4t ruuvit ja tulpat eiv\u00e4t sis\u00e4lly toimitukseen. Etsi ja k\u00e4yt\u00e4 sein\u00e4\u00e4si sopivia ruuveja ja tulppia. Jos olet ep\u00e4varma, kysy ammattilaisen neuvoa. Lue ja seuraa asennusohjeiden jokaista vaihetta huolella.<\/li>\n<\/ul>\n","protected":false},"featured_media":10000099670,"comment_status":"closed","ping_status":"closed","template":"","meta":[],"product_brand":[],"product_cat":[84,8551],"product_tag":[],"class_list":{"0":"post-99670","1":"product","2":"type-product","3":"status-publish","4":"has-post-thumbnail","6":"product_cat-huonekalut","7":"product_cat-kirjoituspoydat","9":"first","10":"instock","11":"taxable","12":"shipping-taxable","13":"purchasable","14":"product-type-simple"},"_links":{"self":[{"href":"https:\/\/www.otiumhome.fi\/index.php\/wp-json\/wp\/v2\/product\/99670","targetHints":{"allow":["GET"]}}],"collection":[{"href":"https:\/\/www.otiumhome.fi\/index.php\/wp-json\/wp\/v2\/product"}],"about":[{"href":"https:\/\/www.otiumhome.fi\/index.php\/wp-json\/wp\/v2\/types\/product"}],"replies":[{"embeddable":true,"href":"https:\/\/www.otiumhome.fi\/index.php\/wp-json\/wp\/v2\/comments?post=99670"}],"wp:featuredmedia":[{"embeddable":true,"href":"https:\/\/www.otiumhome.fi\/index.php\/wp-json\/"}],"wp:attachment":[{"href":"https:\/\/www.otiumhome.fi\/index.php\/wp-json\/wp\/v2\/media?parent=99670"}],"wp:term":[{"taxonomy":"product_brand","embeddable":true,"href":"https:\/\/www.otiumhome.fi\/index.php\/wp-json\/wp\/v2\/product_brand?post=99670"},{"taxonomy":"product_cat","embeddable":true,"href":"https:\/\/www.otiumhome.fi\/index.php\/wp-json\/wp\/v2\/product_cat?post=99670"},{"taxonomy":"product_tag","embeddable":true,"href":"https:\/\/www.otiumhome.fi\/index.php\/wp-json\/wp\/v2\/product_tag?post=99670"}],"curies":[{"name":"wp","href":"https:\/\/api.w.org\/{rel}","templated":true}]}}