{"id":99631,"date":"2024-12-15T10:51:42","date_gmt":"2024-12-15T10:51:42","guid":{"rendered":"https:\/\/www.otiumhome.fi\/?p=99631"},"modified":"2025-06-06T15:41:05","modified_gmt":"2025-06-06T15:41:05","slug":"kirjoituspoyta-sonoma-tammi-140x50x77-cm-tekninen-puu","status":"publish","type":"product","link":"https:\/\/www.otiumhome.fi\/index.php\/tuote\/kirjoituspoyta-sonoma-tammi-140x50x77-cm-tekninen-puu\/","title":{"rendered":"Kirjoitusp\u00f6yt\u00e4 Sonoma-tammi 140x50x77 cm tekninen puu"},"content":{"rendered":"<p>Kirjoitusp\u00f6yt\u00e4mme on k\u00e4yt\u00e4nn\u00f6llinen lis\u00e4 opiskelu- tai ty\u00f6skentelyalueellesi!<\/p>\n<\/p>\n<p>T\u00e4m\u00e4 tietokonep\u00f6yt\u00e4 on valmistettu laadukkaasta teknisest\u00e4 puusta, joten se on tukeva, kest\u00e4v\u00e4 ja pitk\u00e4ik\u00e4inen. Ty\u00f6asemamme on t\u00e4ydellinen mihin tahansa pieneen toimistoon, asuntolaan, rajoitetusti tilaa omaavaan taloon tai jos haluat vain s\u00e4\u00e4st\u00e4\u00e4 tilaa! Lis\u00e4ksi ty\u00f6p\u00f6yd\u00e4ss\u00e4 on kuusi vetolaatikkoa, jotka tarjoavat runsaasti s\u00e4ilytystilaa kirjoillesi ja muille asiakirjoillesi.<\/p>\n<\/p>\n<p>Toimiston p\u00f6yt\u00e4 on helppo puhdistaa kostealla liinalla.<\/p>\n<ul>\n<li>V\u00e4ri: Sonoma-tammi<\/li>\n<li>Materiaali: tekninen puu<\/li>\n<li>Mitat: 140 x 50 x 77 cm (L x S x K)<\/li>\n<li>6 laatikkoa<\/li>\n<li>Asennus vaaditaan: kyll\u00e4<\/li>\n<\/ul>\n","protected":false},"excerpt":{"rendered":"<ul>\n<li>V\u00e4ri: Sonoma-tammi<\/li>\n<li>Materiaali: tekninen puu<\/li>\n<li>Mitat: 140 x 50 x 77 cm (L x S x K)<\/li>\n<li>6 laatikkoa<\/li>\n<li>Asennus vaaditaan: kyll\u00e4<\/li>\n<\/ul>\n","protected":false},"featured_media":10000099631,"comment_status":"closed","ping_status":"closed","template":"","meta":[],"product_brand":[],"product_cat":[84,8551],"product_tag":[],"class_list":{"0":"post-99631","1":"product","2":"type-product","3":"status-publish","4":"has-post-thumbnail","6":"product_cat-huonekalut","7":"product_cat-kirjoituspoydat","9":"first","10":"instock","11":"taxable","12":"shipping-taxable","13":"purchasable","14":"product-type-simple"},"_links":{"self":[{"href":"https:\/\/www.otiumhome.fi\/index.php\/wp-json\/wp\/v2\/product\/99631","targetHints":{"allow":["GET"]}}],"collection":[{"href":"https:\/\/www.otiumhome.fi\/index.php\/wp-json\/wp\/v2\/product"}],"about":[{"href":"https:\/\/www.otiumhome.fi\/index.php\/wp-json\/wp\/v2\/types\/product"}],"replies":[{"embeddable":true,"href":"https:\/\/www.otiumhome.fi\/index.php\/wp-json\/wp\/v2\/comments?post=99631"}],"wp:featuredmedia":[{"embeddable":true,"href":"https:\/\/www.otiumhome.fi\/index.php\/wp-json\/"}],"wp:attachment":[{"href":"https:\/\/www.otiumhome.fi\/index.php\/wp-json\/wp\/v2\/media?parent=99631"}],"wp:term":[{"taxonomy":"product_brand","embeddable":true,"href":"https:\/\/www.otiumhome.fi\/index.php\/wp-json\/wp\/v2\/product_brand?post=99631"},{"taxonomy":"product_cat","embeddable":true,"href":"https:\/\/www.otiumhome.fi\/index.php\/wp-json\/wp\/v2\/product_cat?post=99631"},{"taxonomy":"product_tag","embeddable":true,"href":"https:\/\/www.otiumhome.fi\/index.php\/wp-json\/wp\/v2\/product_tag?post=99631"}],"curies":[{"name":"wp","href":"https:\/\/api.w.org\/{rel}","templated":true}]}}