{"id":99615,"date":"2024-12-15T10:51:40","date_gmt":"2024-12-15T10:51:40","guid":{"rendered":"https:\/\/www.otiumhome.fi\/?p=99615"},"modified":"2025-06-06T15:42:11","modified_gmt":"2025-06-06T15:42:11","slug":"tyopoyta-taysi-kierratetty-puu","status":"publish","type":"product","link":"https:\/\/www.otiumhome.fi\/index.php\/tuote\/tyopoyta-taysi-kierratetty-puu\/","title":{"rendered":"Ty\u00f6p\u00f6yt\u00e4 T\u00e4ysi kierr\u00e4tetty puu"},"content":{"rendered":"<p>T\u00e4m\u00e4 kiinte\u00e4st\u00e4 puusta valmistettu vintage-tyylinen ty\u00f6p\u00f6yt\u00e4 on ajaton lis\u00e4 kotiisi. Sen vahvan ter\u00e4srungon ansiosta, ty\u00f6p\u00f6yt\u00e4 on todella tukeva ja kest\u00e4v\u00e4. P\u00f6yt\u00e4taso tarjoaa tukevan ja turvallisen pinnan, johon voit asettaa juomia, hedelm\u00e4koreja tai maljakoita ja muita koriste-esineit\u00e4. Siin\u00e4 on kaksi laatikkoa, jotka tarjoavat riitt\u00e4v\u00e4n s\u00e4ilytystilan pienille tavaroille kuten avaimet, muistiot ja muut pienet esineet. Kirjoitusp\u00f6yt\u00e4\u00e4 voidaan k\u00e4ytt\u00e4\u00e4 tietokonep\u00f6yt\u00e4n\u00e4, ty\u00f6p\u00f6yt\u00e4n\u00e4, toimistop\u00f6yt\u00e4n\u00e4, lukup\u00f6yt\u00e4n\u00e4, jne. Sit\u00e4 voidaan k\u00e4ytt\u00e4\u00e4 my\u00f6s sivu- tai konsolip\u00f6yt\u00e4n\u00e4.<\/p>\n<\/p>\n<p>P\u00f6yt\u00e4 on tehty kierr\u00e4tyspuusta, joten jokainen huonekalu on ainutlaatuinen ja ne eroavat hieman toisistaan. Kierr\u00e4tyspuusta tehdyiss\u00e4 huonekaluissa on useiden eri puiden ominaisuuksia, kuten tiikin, intian ruusupuun, akaasian, mangopuun, intianmerantipuun jne. Kierr\u00e4tyspuu on vahvaa, vankkaa, kest\u00e4v\u00e4\u00e4 ja kaunista. Erilaiset puun kuviot ja vanhat kuluneisuuden merkit antavat jokaiselle huonekalulle oman historian ja ainutlaatuisen ulkon\u00e4\u00f6n.<\/p>\n<\/p>\n<p>P\u00f6yt\u00e4 on t\u00e4ysin k\u00e4sintehty ja k\u00e4sity\u00f6n j\u00e4lki antaa sille oman upean retro-tyylin. Jokainen ty\u00f6vaihe on tehty huolella, oli se sitten uudelleen kasaus, kiillotus, maalaus tai vahaus.<\/p>\n<\/p>\n<p>T\u00e4rke\u00e4 huomio: V\u00e4rit saattavat vaihdella kappaleesta toiseen, tehden jokaisesta p\u00f6yd\u00e4st\u00e4 ainutlaatuisen. Toimitus on satunnainen, t\u00e4m\u00e4 takaa tuotteesi ainutlaatuisuuden ja yksil\u00f6llisyyden.<\/p>\n<ul>\n<li>V\u00e4ri: moniv\u00e4rinen<\/li>\n<li>Materiaali: kierr\u00e4tetty puu + ter\u00e4srunko<\/li>\n<li>Mitat: 110 x 50 x 77 cm (P x L x K)<\/li>\n<li>Kaksi laatikkoa<\/li>\n<li>T\u00e4ysin k\u00e4sintehty<\/li>\n<li>Hiottu, osittain maalattu ja vahattu<\/li>\n<\/ul>\n","protected":false},"excerpt":{"rendered":"<ul>\n<li>V\u00e4ri: moniv\u00e4rinen<\/li>\n<li>Materiaali: kierr\u00e4tetty puu + ter\u00e4srunko<\/li>\n<li>Mitat: 110 x 50 x 77 cm (P x L x K)<\/li>\n<li>Kaksi laatikkoa<\/li>\n<li>T\u00e4ysin k\u00e4sintehty<\/li>\n<li>Hiottu, osittain maalattu ja vahattu<\/li>\n<\/ul>\n","protected":false},"featured_media":10000099615,"comment_status":"closed","ping_status":"closed","template":"","meta":[],"product_brand":[],"product_cat":[84,8551],"product_tag":[],"class_list":{"0":"post-99615","1":"product","2":"type-product","3":"status-publish","4":"has-post-thumbnail","6":"product_cat-huonekalut","7":"product_cat-kirjoituspoydat","9":"first","10":"instock","11":"taxable","12":"shipping-taxable","13":"purchasable","14":"product-type-simple"},"_links":{"self":[{"href":"https:\/\/www.otiumhome.fi\/index.php\/wp-json\/wp\/v2\/product\/99615","targetHints":{"allow":["GET"]}}],"collection":[{"href":"https:\/\/www.otiumhome.fi\/index.php\/wp-json\/wp\/v2\/product"}],"about":[{"href":"https:\/\/www.otiumhome.fi\/index.php\/wp-json\/wp\/v2\/types\/product"}],"replies":[{"embeddable":true,"href":"https:\/\/www.otiumhome.fi\/index.php\/wp-json\/wp\/v2\/comments?post=99615"}],"wp:featuredmedia":[{"embeddable":true,"href":"https:\/\/www.otiumhome.fi\/index.php\/wp-json\/"}],"wp:attachment":[{"href":"https:\/\/www.otiumhome.fi\/index.php\/wp-json\/wp\/v2\/media?parent=99615"}],"wp:term":[{"taxonomy":"product_brand","embeddable":true,"href":"https:\/\/www.otiumhome.fi\/index.php\/wp-json\/wp\/v2\/product_brand?post=99615"},{"taxonomy":"product_cat","embeddable":true,"href":"https:\/\/www.otiumhome.fi\/index.php\/wp-json\/wp\/v2\/product_cat?post=99615"},{"taxonomy":"product_tag","embeddable":true,"href":"https:\/\/www.otiumhome.fi\/index.php\/wp-json\/wp\/v2\/product_tag?post=99615"}],"curies":[{"name":"wp","href":"https:\/\/api.w.org\/{rel}","templated":true}]}}