{"id":99574,"date":"2024-12-15T10:45:51","date_gmt":"2024-12-15T10:45:51","guid":{"rendered":"https:\/\/www.otiumhome.fi\/?p=99574"},"modified":"2025-06-06T15:41:00","modified_gmt":"2025-06-06T15:41:00","slug":"tyopoyta-noain-a-muotoiset-jalat-120x50x75-cm-massiivipuu-manty","status":"publish","type":"product","link":"https:\/\/www.otiumhome.fi\/index.php\/tuote\/tyopoyta-noain-a-muotoiset-jalat-120x50x75-cm-massiivipuu-manty\/","title":{"rendered":"Ty\u00f6p\u00f6yt\u00e4 NOAIN A-muotoiset jalat 120x50x75 cm massiivipuu m\u00e4nty"},"content":{"rendered":"<p>P\u00e4ivit\u00e4 asuintilasi massiivim\u00e4ntypuusta tehdyll\u00e4 ty\u00f6p\u00f6yd\u00e4ll\u00e4, joka on suunniteltu yhdist\u00e4m\u00e4\u00e4n aitoa vetovoimaa ja k\u00e4yt\u00e4nn\u00f6llisyytt\u00e4.<\/p>\n<\/p>\n<ul>\n<li>Vakaa ja kest\u00e4v\u00e4 materiaali: Massiivim\u00e4ntypuu tunnetaan lujuudestaan ja kest\u00e4vyydest\u00e4\u00e4n.<\/li>\n<li>K\u00e4yt\u00e4nn\u00f6llinen p\u00f6yt\u00e4taso: Tukeva p\u00f6yt\u00e4taso tarjoaa luotettavan pinnan kaikelle kahvikupeista ja aterioista kannettaviin tietokoneisiin, toimistotarvikkeisiin ja koriste-esineisiin, joten se on monipuolinen lis\u00e4ys mihin tahansa ty\u00f6tilaan tai oleskelutilaan.<\/li>\n<li>Tukevat p\u00f6yd\u00e4n jalat: Puiset A-muotoiset jalat eiv\u00e4t vain tarjoa rustiikkista estetiikkaa, vaan tarjoavat my\u00f6s poikkeuksellista tukea ja vakautta p\u00f6yd\u00e4lle.<\/li>\n<li>Monipuolinen k\u00e4ytt\u00f6: T\u00e4m\u00e4 massiivim\u00e4ntypuup\u00f6yt\u00e4 on ihanteellinen monenlaisiin asetuksiin. K\u00e4ytet\u00e4\u00e4np\u00e4 sit\u00e4 kotitoimiston p\u00f6yt\u00e4n\u00e4, ty\u00f6p\u00f6yt\u00e4n\u00e4, ty\u00f6pisteen\u00e4 tai pienen\u00e4 ruokap\u00f6yt\u00e4n\u00e4, sen pinta tarjoaa runsaasti tilaa ty\u00f6skentelyyn, kirjoittamiseen tai askarteluun.<\/li>\n<li>Helppo huoltaa: Sile\u00e4n pinnan ansiosta kirjoitusp\u00f6yt\u00e4 on helppo puhdistaa kostealla liinalla ja vaatii v\u00e4hemm\u00e4n huoltoa.<\/li>\n<\/ul>\n<ul>\n<li>P\u00f6yt\u00e4levyn v\u00e4ri: Natural<\/li>\n<li>P\u00f6yd\u00e4n jalkojen v\u00e4ri: Musta<\/li>\n<li>Materiaali: T\u00e4ysi m\u00e4nty<\/li>\n<li>Kokonaismitat: 120 x 50 x 75 cm (L x S x K)<\/li>\n<li>Pohjatyyppi: A-muotoiset jalat<\/li>\n<li>Alueen nimi: NOAIN<\/li>\n<li>Asennus vaaditaan: Kyll\u00e4<\/li>\n<\/ul>\n","protected":false},"excerpt":{"rendered":"<ul>\n<li>P\u00f6yt\u00e4levyn v\u00e4ri: Natural<\/li>\n<li>P\u00f6yd\u00e4n jalkojen v\u00e4ri: Musta<\/li>\n<li>Materiaali: T\u00e4ysi m\u00e4nty<\/li>\n<li>Kokonaismitat: 120 x 50 x 75 cm (L x S x K)<\/li>\n<li>Pohjatyyppi: A-muotoiset jalat<\/li>\n<li>Alueen nimi: NOAIN<\/li>\n<li>Asennus vaaditaan: Kyll\u00e4<\/li>\n<\/ul>\n","protected":false},"featured_media":10000099574,"comment_status":"closed","ping_status":"closed","template":"","meta":[],"product_brand":[],"product_cat":[84,8551],"product_tag":[],"class_list":{"0":"post-99574","1":"product","2":"type-product","3":"status-publish","4":"has-post-thumbnail","6":"product_cat-huonekalut","7":"product_cat-kirjoituspoydat","9":"first","10":"instock","11":"taxable","12":"shipping-taxable","13":"purchasable","14":"product-type-simple"},"_links":{"self":[{"href":"https:\/\/www.otiumhome.fi\/index.php\/wp-json\/wp\/v2\/product\/99574","targetHints":{"allow":["GET"]}}],"collection":[{"href":"https:\/\/www.otiumhome.fi\/index.php\/wp-json\/wp\/v2\/product"}],"about":[{"href":"https:\/\/www.otiumhome.fi\/index.php\/wp-json\/wp\/v2\/types\/product"}],"replies":[{"embeddable":true,"href":"https:\/\/www.otiumhome.fi\/index.php\/wp-json\/wp\/v2\/comments?post=99574"}],"wp:featuredmedia":[{"embeddable":true,"href":"https:\/\/www.otiumhome.fi\/index.php\/wp-json\/"}],"wp:attachment":[{"href":"https:\/\/www.otiumhome.fi\/index.php\/wp-json\/wp\/v2\/media?parent=99574"}],"wp:term":[{"taxonomy":"product_brand","embeddable":true,"href":"https:\/\/www.otiumhome.fi\/index.php\/wp-json\/wp\/v2\/product_brand?post=99574"},{"taxonomy":"product_cat","embeddable":true,"href":"https:\/\/www.otiumhome.fi\/index.php\/wp-json\/wp\/v2\/product_cat?post=99574"},{"taxonomy":"product_tag","embeddable":true,"href":"https:\/\/www.otiumhome.fi\/index.php\/wp-json\/wp\/v2\/product_tag?post=99574"}],"curies":[{"name":"wp","href":"https:\/\/api.w.org\/{rel}","templated":true}]}}