{"id":99549,"date":"2024-12-15T10:45:49","date_gmt":"2024-12-15T10:45:49","guid":{"rendered":"https:\/\/www.otiumhome.fi\/?p=99549"},"modified":"2025-10-30T03:21:29","modified_gmt":"2025-10-30T03:21:29","slug":"tietokonepoyta-valkoinen-105x50x72-cm-mdf-metalli","status":"publish","type":"product","link":"https:\/\/www.otiumhome.fi\/index.php\/tuote\/tietokonepoyta-valkoinen-105x50x72-cm-mdf-metalli\/","title":{"rendered":"Tietokonep\u00f6yt\u00e4 valkoinen 105x50x72 cm MDF\/metalli"},"content":{"rendered":"<p>Kuten kaikki parhaat mallit, yksinkertainen mutta tyylik\u00e4s tietokonep\u00f6yt\u00e4 on puhdaslinjainen, tilaa s\u00e4\u00e4st\u00e4v\u00e4 ja se ei varmasti koskaan vanhene. Se tarjoaa suuren ty\u00f6skentelyalueen, joten se on eritt\u00e4in k\u00e4yt\u00e4nn\u00f6llinen, k\u00e4tev\u00e4 ja monipuolinen huonekalu k\u00e4ytett\u00e4v\u00e4ksi kotona tai toimistossa.<\/p>\n<\/p>\n<p>MDF-levyst\u00e4 ja jauhemaalatusta metallista valmistettu kirjoitusp\u00f6yt\u00e4 on eritt\u00e4in vakaa, tukeva ja kest\u00e4v\u00e4. Lis\u00e4ksi metallirunko antaa ty\u00f6p\u00f6yd\u00e4lle teollista tyyli\u00e4 ja tuo sisustukseen ripauksen ainutlaatuista vieh\u00e4tysvoimaa. P\u00e4ivit\u00e4 sisustuksesi uudelle tasolle t\u00e4ll\u00e4 modernilla ty\u00f6p\u00f6yd\u00e4ll\u00e4!<\/p>\n<ul>\n<li>V\u00e4ri: valkoinen<\/li>\n<li>Materiaali: MDF, jauhemaalattu metalli<\/li>\n<li>Kokonaismitat: 105 x 50 x 72 cm (P x L x K)<\/li>\n<li>MDF-levyn paksuus: 15 mm<\/li>\n<li>Asennus vaaditaan: kyll\u00e4<\/li>\n<li><strong>VAROITUS<\/strong>: Kaatumisen est\u00e4miseksi t\u00e4t\u00e4 tuotetta on k\u00e4ytett\u00e4v\u00e4 mukana toimitettavan sein\u00e4kiinnityslaitteen kanssa.<\/li>\n<li>Legal Documents:\n<p><span>Lis\u00e4tietoja huonekalujesi kaatumisen est\u00e4misest\u00e4 voit l\u00f6yt\u00e4\u00e4 <span style=\"text-decoration: underline\"><strong><a title=\"https:\/\/bit.ly\/3bVwkQp\" href=\"https:\/\/bit.ly\/3bVwkQp\" target=\"_blank\">t\u00e4\u00e4lt\u00e4<\/a><\/strong><\/span><\/span><\/p>\n<\/li>\n<\/ul>\n","protected":false},"excerpt":{"rendered":"<ul>\n<li>V\u00e4ri: valkoinen<\/li>\n<li>Materiaali: MDF, jauhemaalattu metalli<\/li>\n<li>Kokonaismitat: 105 x 50 x 72 cm (P x L x K)<\/li>\n<li>MDF-levyn paksuus: 15 mm<\/li>\n<li>Asennus vaaditaan: kyll\u00e4<\/li>\n<li><strong>VAROITUS<\/strong>: Kaatumisen est\u00e4miseksi t\u00e4t\u00e4 tuotetta on k\u00e4ytett\u00e4v\u00e4 mukana toimitettavan sein\u00e4kiinnityslaitteen kanssa.<\/li>\n<li>Legal Documents:\n<p><span>Lis\u00e4tietoja huonekalujesi kaatumisen est\u00e4misest\u00e4 voit l\u00f6yt\u00e4\u00e4 <span style=\"text-decoration: underline\"><strong><a title=\"https:\/\/bit.ly\/3bVwkQp\" href=\"https:\/\/bit.ly\/3bVwkQp\" target=\"_blank\">t\u00e4\u00e4lt\u00e4<\/a><\/strong><\/span><\/span><\/p>\n<\/li>\n<\/ul>\n","protected":false},"featured_media":10000099549,"comment_status":"closed","ping_status":"closed","template":"","meta":[],"product_brand":[],"product_cat":[84,8551],"product_tag":[],"class_list":{"0":"post-99549","1":"product","2":"type-product","3":"status-publish","4":"has-post-thumbnail","6":"product_cat-huonekalut","7":"product_cat-kirjoituspoydat","9":"first","10":"instock","11":"taxable","12":"shipping-taxable","13":"purchasable","14":"product-type-simple"},"_links":{"self":[{"href":"https:\/\/www.otiumhome.fi\/index.php\/wp-json\/wp\/v2\/product\/99549","targetHints":{"allow":["GET"]}}],"collection":[{"href":"https:\/\/www.otiumhome.fi\/index.php\/wp-json\/wp\/v2\/product"}],"about":[{"href":"https:\/\/www.otiumhome.fi\/index.php\/wp-json\/wp\/v2\/types\/product"}],"replies":[{"embeddable":true,"href":"https:\/\/www.otiumhome.fi\/index.php\/wp-json\/wp\/v2\/comments?post=99549"}],"wp:featuredmedia":[{"embeddable":true,"href":"https:\/\/www.otiumhome.fi\/index.php\/wp-json\/"}],"wp:attachment":[{"href":"https:\/\/www.otiumhome.fi\/index.php\/wp-json\/wp\/v2\/media?parent=99549"}],"wp:term":[{"taxonomy":"product_brand","embeddable":true,"href":"https:\/\/www.otiumhome.fi\/index.php\/wp-json\/wp\/v2\/product_brand?post=99549"},{"taxonomy":"product_cat","embeddable":true,"href":"https:\/\/www.otiumhome.fi\/index.php\/wp-json\/wp\/v2\/product_cat?post=99549"},{"taxonomy":"product_tag","embeddable":true,"href":"https:\/\/www.otiumhome.fi\/index.php\/wp-json\/wp\/v2\/product_tag?post=99549"}],"curies":[{"name":"wp","href":"https:\/\/api.w.org\/{rel}","templated":true}]}}