{"id":99527,"date":"2024-12-15T10:45:46","date_gmt":"2024-12-15T10:45:46","guid":{"rendered":"https:\/\/www.otiumhome.fi\/?p=99527"},"modified":"2025-06-06T15:43:36","modified_gmt":"2025-06-06T15:43:36","slug":"tyopoyta-korkeakiilto-valkoinen-140x50x75-cm-tekninen-puu","status":"publish","type":"product","link":"https:\/\/www.otiumhome.fi\/index.php\/tuote\/tyopoyta-korkeakiilto-valkoinen-140x50x75-cm-tekninen-puu\/","title":{"rendered":"Ty\u00f6p\u00f6yt\u00e4 korkeakiilto valkoinen 140x50x75 cm tekninen puu"},"content":{"rendered":"<p>Tuo eleganttia tunnelmaa ty\u00f6- tai opiskelupisteeseesi t\u00e4ll\u00e4 k\u00e4yt\u00e4nn\u00f6llisell\u00e4 ty\u00f6p\u00f6yd\u00e4ll\u00e4!<\/p>\n<\/p>\n<ul>\n<li>Kest\u00e4v\u00e4 materiaali: Tekninen puu on poikkeuksellisen laadukasta ja sile\u00e4pintaista. Se on luja, vakaa ja kosteudelle vastustuskykyinen.<\/li>\n<li>Reilusti s\u00e4ilytystilaa: Ty\u00f6p\u00f6yd\u00e4n sivussa olevat nelj\u00e4 ovella varustettua lokeroa tarjoavat runsaasti s\u00e4ilytystilaa opiskelutarvikkeiden, kuten kirjojen, kansioiden tai muiden hy\u00f6dyllisten esineiden pit\u00e4miseen ulottuvillasi.<\/li>\n<li>Laajat sovellukset: T\u00e4m\u00e4 ty\u00f6p\u00f6yt\u00e4 on suunniteltu sopimaan ahtaisiin tiloihin. Se sopii erinomaisesti asuntoloihin, makuuhuoneisiin, asuntoihin tai pieniin kotitoimistoihin.<\/li>\n<li>Rautajalat: Rautajalat lis\u00e4\u00e4v\u00e4t sisustukseesi teollista tyyli\u00e4 ja takaavat samalla vakauden. Sinkkiseoksesta valmistetut ovenkahvat ovat sek\u00e4 tyylikk\u00e4\u00e4t ett\u00e4 kest\u00e4v\u00e4t.<\/li>\n<\/ul>\n<p>Varoitus:<\/p>\n<ul>\n<li>Kaatumisen est\u00e4miseksi on t\u00e4t\u00e4 tuotetta k\u00e4ytett\u00e4v\u00e4 mukana toimitettavan sein\u00e4kiinnityslaitteen kanssa.<\/li>\n<\/ul>\n<ul>\n<li>V\u00e4ri: korkeakiilto valkoinen<\/li>\n<li>Materiaali: Tekninen puu, rauta, sinkkiseos<\/li>\n<li>Mitat: 140 x 50 x 75 cm (P x L x K)<\/li>\n<li>Asennus vaaditaan: kyll\u00e4<\/li>\n<li>Legal Documents:\n<p><span>Lis\u00e4tietoja huonekalujesi kaatumisen est\u00e4misest\u00e4 voit l\u00f6yt\u00e4\u00e4 <span style=\"text-decoration: underline\"><strong><a title=\"https:\/\/bit.ly\/3bVwkQp\" href=\"https:\/\/bit.ly\/3bVwkQp\" target=\"_blank\">t\u00e4\u00e4lt\u00e4<\/a><\/strong><\/span><\/span><\/p>\n<\/li>\n<\/ul>\n","protected":false},"excerpt":{"rendered":"<ul>\n<li>V\u00e4ri: korkeakiilto valkoinen<\/li>\n<li>Materiaali: Tekninen puu, rauta, sinkkiseos<\/li>\n<li>Mitat: 140 x 50 x 75 cm (P x L x K)<\/li>\n<li>Asennus vaaditaan: kyll\u00e4<\/li>\n<li>Legal Documents:\n<p><span>Lis\u00e4tietoja huonekalujesi kaatumisen est\u00e4misest\u00e4 voit l\u00f6yt\u00e4\u00e4 <span style=\"text-decoration: underline\"><strong><a title=\"https:\/\/bit.ly\/3bVwkQp\" href=\"https:\/\/bit.ly\/3bVwkQp\" target=\"_blank\">t\u00e4\u00e4lt\u00e4<\/a><\/strong><\/span><\/span><\/p>\n<\/li>\n<\/ul>\n","protected":false},"featured_media":10000099527,"comment_status":"closed","ping_status":"closed","template":"","meta":[],"product_brand":[],"product_cat":[84,8551],"product_tag":[],"class_list":{"0":"post-99527","1":"product","2":"type-product","3":"status-publish","4":"has-post-thumbnail","6":"product_cat-huonekalut","7":"product_cat-kirjoituspoydat","9":"first","10":"instock","11":"taxable","12":"shipping-taxable","13":"purchasable","14":"product-type-simple"},"_links":{"self":[{"href":"https:\/\/www.otiumhome.fi\/index.php\/wp-json\/wp\/v2\/product\/99527","targetHints":{"allow":["GET"]}}],"collection":[{"href":"https:\/\/www.otiumhome.fi\/index.php\/wp-json\/wp\/v2\/product"}],"about":[{"href":"https:\/\/www.otiumhome.fi\/index.php\/wp-json\/wp\/v2\/types\/product"}],"replies":[{"embeddable":true,"href":"https:\/\/www.otiumhome.fi\/index.php\/wp-json\/wp\/v2\/comments?post=99527"}],"wp:featuredmedia":[{"embeddable":true,"href":"https:\/\/www.otiumhome.fi\/index.php\/wp-json\/"}],"wp:attachment":[{"href":"https:\/\/www.otiumhome.fi\/index.php\/wp-json\/wp\/v2\/media?parent=99527"}],"wp:term":[{"taxonomy":"product_brand","embeddable":true,"href":"https:\/\/www.otiumhome.fi\/index.php\/wp-json\/wp\/v2\/product_brand?post=99527"},{"taxonomy":"product_cat","embeddable":true,"href":"https:\/\/www.otiumhome.fi\/index.php\/wp-json\/wp\/v2\/product_cat?post=99527"},{"taxonomy":"product_tag","embeddable":true,"href":"https:\/\/www.otiumhome.fi\/index.php\/wp-json\/wp\/v2\/product_tag?post=99527"}],"curies":[{"name":"wp","href":"https:\/\/api.w.org\/{rel}","templated":true}]}}