{"id":99525,"date":"2024-12-15T10:45:46","date_gmt":"2024-12-15T10:45:46","guid":{"rendered":"https:\/\/www.otiumhome.fi\/?p=99525"},"modified":"2025-06-06T15:41:06","modified_gmt":"2025-06-06T15:41:06","slug":"tyopoyta-hyllyilla-musta-ja-tammi-102x50x117-cm","status":"publish","type":"product","link":"https:\/\/www.otiumhome.fi\/index.php\/tuote\/tyopoyta-hyllyilla-musta-ja-tammi-102x50x117-cm\/","title":{"rendered":"Ty\u00f6p\u00f6yt\u00e4 hyllyill\u00e4 musta ja tammi 102x50x117 cm"},"content":{"rendered":"<p>T\u00e4m\u00e4 moderni hyllyj\u00e4rjestelm\u00e4 sis\u00e4lt\u00e4\u00e4 yhden ty\u00f6p\u00f6yd\u00e4n ja kirjahyllyn, siksi se on todella k\u00e4yt\u00e4nn\u00f6llinen, k\u00e4tev\u00e4 ja monipuolinen huonekalu kotiin tai toimistoon.<\/p>\n<\/p>\n<p>T\u00e4m\u00e4 ainutlaatuinen ja elegantti p\u00f6yt\u00e4\u00e4 sis\u00e4lt\u00e4\u00e4 tilavat ja tukevat hyllyt. Suuri p\u00f6yt\u00e4levy sopii t\u00e4ydellisesti pit\u00e4m\u00e4\u00e4n tietokoneesi sek\u00e4 tarvikkeet, siksi se t\u00e4ydellinen ty\u00f6taso kirjoittamiseen, toimistoty\u00f6h\u00f6n ja opiskeluun. Sis\u00e4\u00e4nrakennetut hyllyt tarjoavat varastotilan kirjoille, kansioille, dokumenteille tai valokuville, koristeille, ruukkukasveille, jne.<\/p>\n<\/p>\n<p>T\u00e4m\u00e4 tilaa s\u00e4\u00e4st\u00e4v\u00e4 toimistoty\u00f6kalu on valmistettu laadukkaista materiaaleista ja sen jauhemaalattu ter\u00e4srakenne tekee siit\u00e4 todella vakaan, tukevan ja kest\u00e4v\u00e4n.<\/p>\n<ul>\n<li>V\u00e4ri: musta ja tammi<\/li>\n<li>Materiaali: PVC-pinnoitettu tekninen puu + jauhemaalattu ter\u00e4s<\/li>\n<li>Kokonaismitat: 102 x 50 x 117 cm (P x L x K)<\/li>\n<li>Hyllyk\u00f6ll\u00e4<\/li>\n<li>U:n muotoisilla jaloilla<\/li>\n<\/ul>\n","protected":false},"excerpt":{"rendered":"<ul>\n<li>V\u00e4ri: musta ja tammi<\/li>\n<li>Materiaali: PVC-pinnoitettu tekninen puu + jauhemaalattu ter\u00e4s<\/li>\n<li>Kokonaismitat: 102 x 50 x 117 cm (P x L x K)<\/li>\n<li>Hyllyk\u00f6ll\u00e4<\/li>\n<li>U:n muotoisilla jaloilla<\/li>\n<\/ul>\n","protected":false},"featured_media":10000099525,"comment_status":"closed","ping_status":"closed","template":"","meta":[],"product_brand":[],"product_cat":[84,8551],"product_tag":[],"class_list":{"0":"post-99525","1":"product","2":"type-product","3":"status-publish","4":"has-post-thumbnail","6":"product_cat-huonekalut","7":"product_cat-kirjoituspoydat","9":"first","10":"instock","11":"taxable","12":"shipping-taxable","13":"purchasable","14":"product-type-simple"},"_links":{"self":[{"href":"https:\/\/www.otiumhome.fi\/index.php\/wp-json\/wp\/v2\/product\/99525","targetHints":{"allow":["GET"]}}],"collection":[{"href":"https:\/\/www.otiumhome.fi\/index.php\/wp-json\/wp\/v2\/product"}],"about":[{"href":"https:\/\/www.otiumhome.fi\/index.php\/wp-json\/wp\/v2\/types\/product"}],"replies":[{"embeddable":true,"href":"https:\/\/www.otiumhome.fi\/index.php\/wp-json\/wp\/v2\/comments?post=99525"}],"wp:featuredmedia":[{"embeddable":true,"href":"https:\/\/www.otiumhome.fi\/index.php\/wp-json\/"}],"wp:attachment":[{"href":"https:\/\/www.otiumhome.fi\/index.php\/wp-json\/wp\/v2\/media?parent=99525"}],"wp:term":[{"taxonomy":"product_brand","embeddable":true,"href":"https:\/\/www.otiumhome.fi\/index.php\/wp-json\/wp\/v2\/product_brand?post=99525"},{"taxonomy":"product_cat","embeddable":true,"href":"https:\/\/www.otiumhome.fi\/index.php\/wp-json\/wp\/v2\/product_cat?post=99525"},{"taxonomy":"product_tag","embeddable":true,"href":"https:\/\/www.otiumhome.fi\/index.php\/wp-json\/wp\/v2\/product_tag?post=99525"}],"curies":[{"name":"wp","href":"https:\/\/api.w.org\/{rel}","templated":true}]}}