{"id":99508,"date":"2024-12-15T10:45:44","date_gmt":"2024-12-15T10:45:44","guid":{"rendered":"https:\/\/www.otiumhome.fi\/?p=99508"},"modified":"2025-06-06T15:43:37","modified_gmt":"2025-06-06T15:43:37","slug":"askartelupoyta-mustaharmaa-110x53x58-87-cm-tekninen-puu-teras","status":"publish","type":"product","link":"https:\/\/www.otiumhome.fi\/index.php\/tuote\/askartelupoyta-mustaharmaa-110x53x58-87-cm-tekninen-puu-teras\/","title":{"rendered":"Askartelup\u00f6yt\u00e4 mustaharmaa 110x53x(58-87) cm tekninen puu\/ter\u00e4s"},"content":{"rendered":"<p>Voit k\u00e4ytt\u00e4\u00e4 t\u00e4t\u00e4 k\u00e4tev\u00e4\u00e4 askartelup\u00f6yt\u00e4\u00e4 ty\u00f6huoneessa, kotitoimistossa tai studiossa luoviin projekteihin tai toimistot\u00f6ihin.<\/p>\n<\/p>\n<ul>\n<li>Kest\u00e4v\u00e4 materiaali: Tekninen puu on poikkeuksellisen laadukasta ja sile\u00e4pintaista. Se on luja, vakaa ja kosteudelle vastustuskykyinen.<\/li>\n<li>S\u00e4\u00e4dett\u00e4v\u00e4 ty\u00f6p\u00f6yt\u00e4: Kirjoitusp\u00f6yd\u00e4n p\u00f6yt\u00e4levy on s\u00e4\u00e4dett\u00e4viss\u00e4 eri kulmiin, mik\u00e4 mahdollistaa t\u00e4ydellisen ergonomisen ty\u00f6asennon.<\/li>\n<li>Tukeva runko: Ter\u00e4s on poikkeuksellisen kova ja vahva materiaali. Se tarjoaa tukevuutta ja vakautta. Ter\u00e4ksen jauhemaalaus luo suojaavan kerroksen ajan patinaa vastaan.<\/li>\n<li>Lis\u00e4s\u00e4ilytys: Ty\u00f6p\u00f6yt\u00e4 hyllyll\u00e4 ja lehtitelineell\u00e4 tarjoaa runsaasti s\u00e4ilytystilaa kirjoitus- ja piirustusv\u00e4lineidesi j\u00e4rjestyksess\u00e4 s\u00e4ilytykseen.<\/li>\n<li>Useita toimintoja: Piirustusp\u00f6yt\u00e4\u00e4 voidaan k\u00e4ytt\u00e4\u00e4 taideprojektip\u00f6yt\u00e4n\u00e4, opiskelup\u00f6yt\u00e4n\u00e4, tietokonep\u00f6yt\u00e4n\u00e4 jne.<\/li>\n<\/ul>\n<p>Hyv\u00e4 tiet\u00e4\u00e4:<\/p>\n<ul>\n<li>Jotta kokoaminen olisi mahdollisimman helppoa, jokainen tuote toimitetaan ohjekirjan kanssa.<\/li>\n<\/ul>\n<p>Varoitus:<\/p>\n<ul>\n<li>Kaatumisen est\u00e4miseksi on t\u00e4t\u00e4 tuotetta k\u00e4ytett\u00e4v\u00e4 mukana toimitettavan sein\u00e4kiinnityslaitteen kanssa.<\/li>\n<\/ul>\n<ul>\n<li>V\u00e4ri: musta ja harmaa<\/li>\n<li>Materiaali: Tekninen puu, jauhemaalattu ter\u00e4s<\/li>\n<li>Mitat: 110 x 53 x (58 &#8211; 87) cm (P x L x K)<\/li>\n<li>Hyllyn koko: 96 x 20 cm (P x L)<\/li>\n<li>Legal Documents:\n<p><span>Lis\u00e4tietoja huonekalujesi kaatumisen est\u00e4misest\u00e4 voit l\u00f6yt\u00e4\u00e4 <span style=\"text-decoration: underline\"><strong><a title=\"https:\/\/bit.ly\/3bVwkQp\" href=\"https:\/\/bit.ly\/3bVwkQp\" target=\"_blank\">t\u00e4\u00e4lt\u00e4<\/a><\/strong><\/span><\/span><\/p>\n<\/li>\n<\/ul>\n","protected":false},"excerpt":{"rendered":"<ul>\n<li>V\u00e4ri: musta ja harmaa<\/li>\n<li>Materiaali: Tekninen puu, jauhemaalattu ter\u00e4s<\/li>\n<li>Mitat: 110 x 53 x (58 &#8211; 87) cm (P x L x K)<\/li>\n<li>Hyllyn koko: 96 x 20 cm (P x L)<\/li>\n<li>Legal Documents:\n<p><span>Lis\u00e4tietoja huonekalujesi kaatumisen est\u00e4misest\u00e4 voit l\u00f6yt\u00e4\u00e4 <span style=\"text-decoration: underline\"><strong><a title=\"https:\/\/bit.ly\/3bVwkQp\" href=\"https:\/\/bit.ly\/3bVwkQp\" target=\"_blank\">t\u00e4\u00e4lt\u00e4<\/a><\/strong><\/span><\/span><\/p>\n<\/li>\n<\/ul>\n","protected":false},"featured_media":10000099508,"comment_status":"closed","ping_status":"closed","template":"","meta":[],"product_brand":[],"product_cat":[84,8551],"product_tag":[],"class_list":{"0":"post-99508","1":"product","2":"type-product","3":"status-publish","4":"has-post-thumbnail","6":"product_cat-huonekalut","7":"product_cat-kirjoituspoydat","9":"first","10":"instock","11":"taxable","12":"shipping-taxable","13":"purchasable","14":"product-type-simple"},"_links":{"self":[{"href":"https:\/\/www.otiumhome.fi\/index.php\/wp-json\/wp\/v2\/product\/99508","targetHints":{"allow":["GET"]}}],"collection":[{"href":"https:\/\/www.otiumhome.fi\/index.php\/wp-json\/wp\/v2\/product"}],"about":[{"href":"https:\/\/www.otiumhome.fi\/index.php\/wp-json\/wp\/v2\/types\/product"}],"replies":[{"embeddable":true,"href":"https:\/\/www.otiumhome.fi\/index.php\/wp-json\/wp\/v2\/comments?post=99508"}],"wp:featuredmedia":[{"embeddable":true,"href":"https:\/\/www.otiumhome.fi\/index.php\/wp-json\/"}],"wp:attachment":[{"href":"https:\/\/www.otiumhome.fi\/index.php\/wp-json\/wp\/v2\/media?parent=99508"}],"wp:term":[{"taxonomy":"product_brand","embeddable":true,"href":"https:\/\/www.otiumhome.fi\/index.php\/wp-json\/wp\/v2\/product_brand?post=99508"},{"taxonomy":"product_cat","embeddable":true,"href":"https:\/\/www.otiumhome.fi\/index.php\/wp-json\/wp\/v2\/product_cat?post=99508"},{"taxonomy":"product_tag","embeddable":true,"href":"https:\/\/www.otiumhome.fi\/index.php\/wp-json\/wp\/v2\/product_tag?post=99508"}],"curies":[{"name":"wp","href":"https:\/\/api.w.org\/{rel}","templated":true}]}}