{"id":99475,"date":"2024-12-15T10:40:40","date_gmt":"2024-12-15T10:40:40","guid":{"rendered":"https:\/\/www.otiumhome.fi\/?p=99475"},"modified":"2025-06-06T15:43:36","modified_gmt":"2025-06-06T15:43:36","slug":"tyopoyta-harmaa-108x45x76-cm-taysi-keisaripuu","status":"publish","type":"product","link":"https:\/\/www.otiumhome.fi\/index.php\/tuote\/tyopoyta-harmaa-108x45x76-cm-taysi-keisaripuu\/","title":{"rendered":"Ty\u00f6p\u00f6yt\u00e4 harmaa 108x45x76 cm t\u00e4ysi keisaripuu"},"content":{"rendered":"<p>T\u00e4m\u00e4 tyylik\u00e4s ja k\u00e4yt\u00e4nn\u00f6llinen puuty\u00f6p\u00f6yt\u00e4 on loistava lis\u00e4 kotisi sisustukseen.<\/p>\n<\/p>\n<ul>\n<li>T\u00e4ysi keisaripuu: T\u00e4m\u00e4 toimistop\u00f6yt\u00e4 on valmistettu t\u00e4ydest\u00e4 keisaripuusta. T\u00e4ysi keisaripuu on kaunis luonnonmateriaali, joka on vastustuskykyinen \u00f6t\u00f6k\u00f6it\u00e4 ja lahoamista vastaan.<\/li>\n<li>Reilusti s\u00e4ilytystilaa: Tukevassa p\u00f6yd\u00e4ss\u00e4 on kaksi vetolaatikkoa ja avoin lokero keskell\u00e4, jotta kansiot ja muut kotitoimiston t\u00e4rke\u00e4t esineet voidaan pit\u00e4\u00e4 helposti k\u00e4den ulottuvilla.<\/li>\n<li>Laaja k\u00e4ytt\u00f6: T\u00e4t\u00e4 kirjoitusp\u00f6yt\u00e4\u00e4 voidaan k\u00e4ytt\u00e4\u00e4 konsolip\u00f6yt\u00e4n\u00e4, tietokonep\u00f6yt\u00e4n\u00e4, sivup\u00f6yt\u00e4n\u00e4 ja monena muuna.<\/li>\n<li>Tilava p\u00f6yt\u00e4levy: P\u00f6yt\u00e4levy on ihanteellinen paikka tietokoneelle, n\u00e4pp\u00e4imist\u00f6lle ja hiirelle tai muistikirjalle, jotta voit kirjoittaa ja lukea mukavasti.<\/li>\n<\/ul>\n<p>Huomioi:<\/p>\n<ul>\n<li>Jokaisen tuotteen mukana on laatikossa kokoonpano-ohje helppoa asennusta varten.<\/li>\n<\/ul>\n<ul>\n<li>V\u00e4ri: Harmaa<\/li>\n<li>Materiaali: t\u00e4ysi keisaripuu, vaneri<\/li>\n<li>Mitat: 108 x 45 x 76 cm (P x L x K)<\/li>\n<\/ul>\n","protected":false},"excerpt":{"rendered":"<ul>\n<li>V\u00e4ri: Harmaa<\/li>\n<li>Materiaali: t\u00e4ysi keisaripuu, vaneri<\/li>\n<li>Mitat: 108 x 45 x 76 cm (P x L x K)<\/li>\n<\/ul>\n","protected":false},"featured_media":10000099475,"comment_status":"closed","ping_status":"closed","template":"","meta":[],"product_brand":[],"product_cat":[84,8551],"product_tag":[],"class_list":{"0":"post-99475","1":"product","2":"type-product","3":"status-publish","4":"has-post-thumbnail","6":"product_cat-huonekalut","7":"product_cat-kirjoituspoydat","9":"first","10":"instock","11":"taxable","12":"shipping-taxable","13":"purchasable","14":"product-type-simple"},"_links":{"self":[{"href":"https:\/\/www.otiumhome.fi\/index.php\/wp-json\/wp\/v2\/product\/99475","targetHints":{"allow":["GET"]}}],"collection":[{"href":"https:\/\/www.otiumhome.fi\/index.php\/wp-json\/wp\/v2\/product"}],"about":[{"href":"https:\/\/www.otiumhome.fi\/index.php\/wp-json\/wp\/v2\/types\/product"}],"replies":[{"embeddable":true,"href":"https:\/\/www.otiumhome.fi\/index.php\/wp-json\/wp\/v2\/comments?post=99475"}],"wp:featuredmedia":[{"embeddable":true,"href":"https:\/\/www.otiumhome.fi\/index.php\/wp-json\/"}],"wp:attachment":[{"href":"https:\/\/www.otiumhome.fi\/index.php\/wp-json\/wp\/v2\/media?parent=99475"}],"wp:term":[{"taxonomy":"product_brand","embeddable":true,"href":"https:\/\/www.otiumhome.fi\/index.php\/wp-json\/wp\/v2\/product_brand?post=99475"},{"taxonomy":"product_cat","embeddable":true,"href":"https:\/\/www.otiumhome.fi\/index.php\/wp-json\/wp\/v2\/product_cat?post=99475"},{"taxonomy":"product_tag","embeddable":true,"href":"https:\/\/www.otiumhome.fi\/index.php\/wp-json\/wp\/v2\/product_tag?post=99475"}],"curies":[{"name":"wp","href":"https:\/\/api.w.org\/{rel}","templated":true}]}}