{"id":99459,"date":"2024-12-15T10:40:38","date_gmt":"2024-12-15T10:40:38","guid":{"rendered":"https:\/\/www.otiumhome.fi\/?p=99459"},"modified":"2025-06-06T15:41:01","modified_gmt":"2025-06-06T15:41:01","slug":"poyta-4-kerroksisella-kirjahyllylla-tammi","status":"publish","type":"product","link":"https:\/\/www.otiumhome.fi\/index.php\/tuote\/poyta-4-kerroksisella-kirjahyllylla-tammi\/","title":{"rendered":"P\u00f6yt\u00e4 4-Kerroksisella kirjahyllyll\u00e4 tammi"},"content":{"rendered":"<p>T\u00e4m\u00e4 yksinkertaisen tyylik\u00e4s j\u00e4rjestelij\u00e4 sis\u00e4lt\u00e4\u00e4 yhden p\u00f6yd\u00e4n ja 4-kerroksisen kirjahyllyn, siksi se on todella k\u00e4yt\u00e4nn\u00f6llinen, k\u00e4tev\u00e4 ja monipuolinen huonekalu kotiin tai toimistoon.<\/p>\n<\/p>\n<p>T\u00e4m\u00e4 ainutlaatuinen ja elegantti p\u00f6yt\u00e4\u00e4 sis\u00e4lt\u00e4\u00e4 tilavat ja tukevat hyllyt. Suuri p\u00f6yt\u00e4levy sopii t\u00e4ydellisesti pit\u00e4m\u00e4\u00e4n tietokoneesi sek\u00e4 tarvikkeet, siksi se t\u00e4ydellinen ty\u00f6taso kirjoittamiseen, toimistoty\u00f6h\u00f6n ja opiskeluun. Sis\u00e4\u00e4nrakennetut hyllyt tarjoavat varastotilan kirjoille, kansioille, dokumenteille tai valokuville, koristeille, ruukkukasveille, jne.<\/p>\n<\/p>\n<p>T\u00e4m\u00e4 tilaa s\u00e4\u00e4st\u00e4v\u00e4 toimistoty\u00f6kalu on valmistettu laadukkaista materiaaleista ja sen metallirakenne tekee siit\u00e4 todella vakaan, tukevan ja kest\u00e4v\u00e4n.<\/p>\n<ul>\n<li>V\u00e4ri: tammi<\/li>\n<li>Materiaali: Melamiini p\u00e4\u00e4llystetty tekninen puu + metalli<\/li>\n<li>Kokonaismitat: 120 x 52 x 120 cm (P x L x K)<\/li>\n<li>P\u00f6yd\u00e4n mitat: 120 x 52 x 72,5 cm (P x L x K)<\/li>\n<li>Kirjahyllyn mitat: 52 x 24 x 120 cm (L x S x K)<\/li>\n<li>4-kerroksisella kirjahyllyll\u00e4<\/li>\n<\/ul>\n","protected":false},"excerpt":{"rendered":"<ul>\n<li>V\u00e4ri: tammi<\/li>\n<li>Materiaali: Melamiini p\u00e4\u00e4llystetty tekninen puu + metalli<\/li>\n<li>Kokonaismitat: 120 x 52 x 120 cm (P x L x K)<\/li>\n<li>P\u00f6yd\u00e4n mitat: 120 x 52 x 72,5 cm (P x L x K)<\/li>\n<li>Kirjahyllyn mitat: 52 x 24 x 120 cm (L x S x K)<\/li>\n<li>4-kerroksisella kirjahyllyll\u00e4<\/li>\n<\/ul>\n","protected":false},"featured_media":10000099459,"comment_status":"closed","ping_status":"closed","template":"","meta":[],"product_brand":[],"product_cat":[84,8551],"product_tag":[],"class_list":{"0":"post-99459","1":"product","2":"type-product","3":"status-publish","4":"has-post-thumbnail","6":"product_cat-huonekalut","7":"product_cat-kirjoituspoydat","9":"first","10":"instock","11":"taxable","12":"shipping-taxable","13":"purchasable","14":"product-type-simple"},"_links":{"self":[{"href":"https:\/\/www.otiumhome.fi\/index.php\/wp-json\/wp\/v2\/product\/99459","targetHints":{"allow":["GET"]}}],"collection":[{"href":"https:\/\/www.otiumhome.fi\/index.php\/wp-json\/wp\/v2\/product"}],"about":[{"href":"https:\/\/www.otiumhome.fi\/index.php\/wp-json\/wp\/v2\/types\/product"}],"replies":[{"embeddable":true,"href":"https:\/\/www.otiumhome.fi\/index.php\/wp-json\/wp\/v2\/comments?post=99459"}],"wp:featuredmedia":[{"embeddable":true,"href":"https:\/\/www.otiumhome.fi\/index.php\/wp-json\/"}],"wp:attachment":[{"href":"https:\/\/www.otiumhome.fi\/index.php\/wp-json\/wp\/v2\/media?parent=99459"}],"wp:term":[{"taxonomy":"product_brand","embeddable":true,"href":"https:\/\/www.otiumhome.fi\/index.php\/wp-json\/wp\/v2\/product_brand?post=99459"},{"taxonomy":"product_cat","embeddable":true,"href":"https:\/\/www.otiumhome.fi\/index.php\/wp-json\/wp\/v2\/product_cat?post=99459"},{"taxonomy":"product_tag","embeddable":true,"href":"https:\/\/www.otiumhome.fi\/index.php\/wp-json\/wp\/v2\/product_tag?post=99459"}],"curies":[{"name":"wp","href":"https:\/\/api.w.org\/{rel}","templated":true}]}}