{"id":99457,"date":"2024-12-15T10:40:38","date_gmt":"2024-12-15T10:40:38","guid":{"rendered":"https:\/\/www.otiumhome.fi\/?p=99457"},"modified":"2025-06-06T15:43:35","modified_gmt":"2025-06-06T15:43:35","slug":"tietokonepoyta-ruskea-115x47x77-cm-taysi-mahonki","status":"publish","type":"product","link":"https:\/\/www.otiumhome.fi\/index.php\/tuote\/tietokonepoyta-ruskea-115x47x77-cm-taysi-mahonki\/","title":{"rendered":"Tietokonep\u00f6yt\u00e4 ruskea 115x47x77 cm t\u00e4ysi mahonki"},"content":{"rendered":"<p>Kuten kaikki parhaat mallit, t\u00e4m\u00e4 yksinkertainen mutta tyylik\u00e4s puinen tietokonep\u00f6yt\u00e4 on siisti, tilaa s\u00e4\u00e4st\u00e4v\u00e4, eik\u00e4 varmasti koskaan vanhene tyylikkyydess\u00e4\u00e4n. Se tarjoaa suuren ty\u00f6skentelyalueen, joten se on eritt\u00e4in k\u00e4yt\u00e4nn\u00f6llinen, k\u00e4tev\u00e4 ja monipuolinen huonekalu k\u00e4ytett\u00e4v\u00e4ksi kotona tai toimistossa.<\/p>\n<\/p>\n<p>T\u00e4ydest\u00e4 mahongista valmistettu ty\u00f6p\u00f6yt\u00e4 klassisella ruskealla viimeistelyll\u00e4 on eritt\u00e4in vakaa, tukeva ja kest\u00e4v\u00e4. Mahonki on trooppinen kovapuu, joka on tunnettu kauneudestaan, kest\u00e4vyydest\u00e4\u00e4n ja v\u00e4rist\u00e4\u00e4n. Lis\u00e4ksi tietokonep\u00f6yd\u00e4ss\u00e4 on 3 vetolaatikkoa, jotka tarjoavat runsaasti s\u00e4ilytystilaa. Se on helppo pyyhki\u00e4 puhtaaksi kostealla liinalla. <\/p>\n<ul>\n<li>V\u00e4ri: ruskea<\/li>\n<li>Materiaali: t\u00e4ysi mahonki ruskealla viimeistelyll\u00e4<\/li>\n<li>Mitat: 115 x 47 x 77 cm (L x S x K)<\/li>\n<li>Asennus vaaditaan: kyll\u00e4<\/li>\n<li><strong>VAROITUS:<\/strong> Kaatumisen est\u00e4miseksi on t\u00e4t\u00e4 tuotetta k\u00e4ytett\u00e4v\u00e4 mukana toimitetun sein\u00e4kiinnityslaitteen kanssa.<\/li>\n<\/ul>\n","protected":false},"excerpt":{"rendered":"<ul>\n<li>V\u00e4ri: ruskea<\/li>\n<li>Materiaali: t\u00e4ysi mahonki ruskealla viimeistelyll\u00e4<\/li>\n<li>Mitat: 115 x 47 x 77 cm (L x S x K)<\/li>\n<li>Asennus vaaditaan: kyll\u00e4<\/li>\n<li><strong>VAROITUS:<\/strong> Kaatumisen est\u00e4miseksi on t\u00e4t\u00e4 tuotetta k\u00e4ytett\u00e4v\u00e4 mukana toimitetun sein\u00e4kiinnityslaitteen kanssa.<\/li>\n<\/ul>\n","protected":false},"featured_media":10000099457,"comment_status":"closed","ping_status":"closed","template":"","meta":[],"product_brand":[],"product_cat":[84,8551],"product_tag":[],"class_list":{"0":"post-99457","1":"product","2":"type-product","3":"status-publish","4":"has-post-thumbnail","6":"product_cat-huonekalut","7":"product_cat-kirjoituspoydat","9":"first","10":"instock","11":"taxable","12":"shipping-taxable","13":"purchasable","14":"product-type-simple"},"_links":{"self":[{"href":"https:\/\/www.otiumhome.fi\/index.php\/wp-json\/wp\/v2\/product\/99457","targetHints":{"allow":["GET"]}}],"collection":[{"href":"https:\/\/www.otiumhome.fi\/index.php\/wp-json\/wp\/v2\/product"}],"about":[{"href":"https:\/\/www.otiumhome.fi\/index.php\/wp-json\/wp\/v2\/types\/product"}],"replies":[{"embeddable":true,"href":"https:\/\/www.otiumhome.fi\/index.php\/wp-json\/wp\/v2\/comments?post=99457"}],"wp:featuredmedia":[{"embeddable":true,"href":"https:\/\/www.otiumhome.fi\/index.php\/wp-json\/"}],"wp:attachment":[{"href":"https:\/\/www.otiumhome.fi\/index.php\/wp-json\/wp\/v2\/media?parent=99457"}],"wp:term":[{"taxonomy":"product_brand","embeddable":true,"href":"https:\/\/www.otiumhome.fi\/index.php\/wp-json\/wp\/v2\/product_brand?post=99457"},{"taxonomy":"product_cat","embeddable":true,"href":"https:\/\/www.otiumhome.fi\/index.php\/wp-json\/wp\/v2\/product_cat?post=99457"},{"taxonomy":"product_tag","embeddable":true,"href":"https:\/\/www.otiumhome.fi\/index.php\/wp-json\/wp\/v2\/product_tag?post=99457"}],"curies":[{"name":"wp","href":"https:\/\/api.w.org\/{rel}","templated":true}]}}