{"id":99456,"date":"2024-12-15T10:40:38","date_gmt":"2024-12-15T10:40:38","guid":{"rendered":"https:\/\/www.otiumhome.fi\/?p=99456"},"modified":"2024-12-17T04:06:41","modified_gmt":"2024-12-17T04:06:41","slug":"kulmapoyta-l-muoto-tammi","status":"publish","type":"product","link":"https:\/\/www.otiumhome.fi\/index.php\/tuote\/kulmapoyta-l-muoto-tammi\/","title":{"rendered":"Kulmap\u00f6yt\u00e4 L-muoto tammi"},"content":{"rendered":"<p>T\u00e4m\u00e4 sulavalinjainen ja moderni kulmap\u00f6yt\u00e4 on ihanteellinen mink\u00e4 tahansa kodin ja toimiston sisustukseen.<\/p>\n<\/p>\n<p>Kulmap\u00f6yd\u00e4ss\u00e4 on kest\u00e4v\u00e4 metallirunko ja korkealaatuinen teknisest\u00e4 puusta valmistettu p\u00f6yt\u00e4levy, joten se on kest\u00e4v\u00e4, tukeva ja vakaa. Suuri L-muotoinen p\u00f6yt\u00e4levy sopii t\u00e4ydellisesti ty\u00f6skentelyyn tai opiskeluun. Se tarjoaa riitt\u00e4v\u00e4n tilan tietokoneelle, kannettavalle, kirjoille, kansioille, asiakirjoille, valokuville, koriste-esineille, ruukkukasveille, jne.<\/p>\n<ul>\n<li>V\u00e4ri: tammi<\/li>\n<li>Materiaali: PVC-p\u00e4\u00e4llystetty tekninen puu+ metalli<\/li>\n<li>Kokonaismitat: 152 x 117 x 74 cm (P x L x K)<\/li>\n<\/ul>\n","protected":false},"excerpt":{"rendered":"<ul>\n<li>V\u00e4ri: tammi<\/li>\n<li>Materiaali: PVC-p\u00e4\u00e4llystetty tekninen puu+ metalli<\/li>\n<li>Kokonaismitat: 152 x 117 x 74 cm (P x L x K)<\/li>\n<\/ul>\n","protected":false},"featured_media":10000099456,"comment_status":"closed","ping_status":"closed","template":"","meta":[],"product_brand":[],"product_cat":[84,8551],"product_tag":[],"class_list":{"0":"post-99456","1":"product","2":"type-product","3":"status-publish","4":"has-post-thumbnail","6":"product_cat-huonekalut","7":"product_cat-kirjoituspoydat","9":"first","10":"outofstock","11":"taxable","12":"shipping-taxable","13":"purchasable","14":"product-type-simple"},"_links":{"self":[{"href":"https:\/\/www.otiumhome.fi\/index.php\/wp-json\/wp\/v2\/product\/99456","targetHints":{"allow":["GET"]}}],"collection":[{"href":"https:\/\/www.otiumhome.fi\/index.php\/wp-json\/wp\/v2\/product"}],"about":[{"href":"https:\/\/www.otiumhome.fi\/index.php\/wp-json\/wp\/v2\/types\/product"}],"replies":[{"embeddable":true,"href":"https:\/\/www.otiumhome.fi\/index.php\/wp-json\/wp\/v2\/comments?post=99456"}],"wp:featuredmedia":[{"embeddable":true,"href":"https:\/\/www.otiumhome.fi\/index.php\/wp-json\/"}],"wp:attachment":[{"href":"https:\/\/www.otiumhome.fi\/index.php\/wp-json\/wp\/v2\/media?parent=99456"}],"wp:term":[{"taxonomy":"product_brand","embeddable":true,"href":"https:\/\/www.otiumhome.fi\/index.php\/wp-json\/wp\/v2\/product_brand?post=99456"},{"taxonomy":"product_cat","embeddable":true,"href":"https:\/\/www.otiumhome.fi\/index.php\/wp-json\/wp\/v2\/product_cat?post=99456"},{"taxonomy":"product_tag","embeddable":true,"href":"https:\/\/www.otiumhome.fi\/index.php\/wp-json\/wp\/v2\/product_tag?post=99456"}],"curies":[{"name":"wp","href":"https:\/\/api.w.org\/{rel}","templated":true}]}}