{"id":99447,"date":"2024-12-15T10:40:37","date_gmt":"2024-12-15T10:40:37","guid":{"rendered":"https:\/\/www.otiumhome.fi\/?p=99447"},"modified":"2025-10-11T17:07:05","modified_gmt":"2025-10-11T17:07:05","slug":"ruskea-tietokonepoyta-ulosvedettavalla-nappaintasolla","status":"publish","type":"product","link":"https:\/\/www.otiumhome.fi\/index.php\/tuote\/ruskea-tietokonepoyta-ulosvedettavalla-nappaintasolla\/","title":{"rendered":"Ruskea Tietokonep\u00f6yt\u00e4 Ulosvedett\u00e4v\u00e4ll\u00e4 N\u00e4pp\u00e4intasolla"},"content":{"rendered":"<p>T\u00e4m\u00e4 kompakti tietokonep\u00f6yt\u00e4 on todellinen tilaihme.<\/p>\n<\/p>\n<p>Suuri p\u00f6yt\u00e4levy mahdollistaa sinulle tietokoneen ja kirjoitustarvikkeiden vaivattoman k\u00e4yt\u00f6n. Modernissa tietokonep\u00f6yd\u00e4ss\u00e4 on ulosvedett\u00e4v\u00e4 n\u00e4pp\u00e4intaso sek\u00e4 siirrett\u00e4v\u00e4 pohjahylly PC tornille tai tulostimelle. Se on valmistettu lastulevyst\u00e4 ja sen runko on puuterimaalattua ter\u00e4st\u00e4, mik\u00e4 takaa pitk\u00e4n k\u00e4ytt\u00f6i\u00e4n.<\/p>\n<\/p>\n<p>Huolto-ohjeet: Pyyhi puhtaaksi kostealla liinalla. Py\u00f6r\u00e4t helpottavat liikuttamista.<\/p>\n<ul>\n<li>V\u00e4ri: ruskea<\/li>\n<li>P\u00f6yt\u00e4levyn koko: 60 x 40 cm<\/li>\n<li>P\u00f6yd\u00e4n korkeus: 74 cm<\/li>\n<li>V\u00e4li n\u00e4pp\u00e4intasosta p\u00f6yt\u00e4levyyn: 7 cm<\/li>\n<li>Materiaali: Lastulevy P\u00f6yt\u00e4levy+ Puuterimaalattu ter\u00e4srunko<\/li>\n<\/ul>\n","protected":false},"excerpt":{"rendered":"<ul>\n<li>V\u00e4ri: ruskea<\/li>\n<li>P\u00f6yt\u00e4levyn koko: 60 x 40 cm<\/li>\n<li>P\u00f6yd\u00e4n korkeus: 74 cm<\/li>\n<li>V\u00e4li n\u00e4pp\u00e4intasosta p\u00f6yt\u00e4levyyn: 7 cm<\/li>\n<li>Materiaali: Lastulevy P\u00f6yt\u00e4levy+ Puuterimaalattu ter\u00e4srunko<\/li>\n<\/ul>\n","protected":false},"featured_media":10000099447,"comment_status":"closed","ping_status":"closed","template":"","meta":[],"product_brand":[],"product_cat":[84,8551],"product_tag":[],"class_list":{"0":"post-99447","1":"product","2":"type-product","3":"status-publish","4":"has-post-thumbnail","6":"product_cat-huonekalut","7":"product_cat-kirjoituspoydat","9":"first","10":"instock","11":"taxable","12":"shipping-taxable","13":"purchasable","14":"product-type-simple"},"_links":{"self":[{"href":"https:\/\/www.otiumhome.fi\/index.php\/wp-json\/wp\/v2\/product\/99447","targetHints":{"allow":["GET"]}}],"collection":[{"href":"https:\/\/www.otiumhome.fi\/index.php\/wp-json\/wp\/v2\/product"}],"about":[{"href":"https:\/\/www.otiumhome.fi\/index.php\/wp-json\/wp\/v2\/types\/product"}],"replies":[{"embeddable":true,"href":"https:\/\/www.otiumhome.fi\/index.php\/wp-json\/wp\/v2\/comments?post=99447"}],"wp:featuredmedia":[{"embeddable":true,"href":"https:\/\/www.otiumhome.fi\/index.php\/wp-json\/"}],"wp:attachment":[{"href":"https:\/\/www.otiumhome.fi\/index.php\/wp-json\/wp\/v2\/media?parent=99447"}],"wp:term":[{"taxonomy":"product_brand","embeddable":true,"href":"https:\/\/www.otiumhome.fi\/index.php\/wp-json\/wp\/v2\/product_brand?post=99447"},{"taxonomy":"product_cat","embeddable":true,"href":"https:\/\/www.otiumhome.fi\/index.php\/wp-json\/wp\/v2\/product_cat?post=99447"},{"taxonomy":"product_tag","embeddable":true,"href":"https:\/\/www.otiumhome.fi\/index.php\/wp-json\/wp\/v2\/product_tag?post=99447"}],"curies":[{"name":"wp","href":"https:\/\/api.w.org\/{rel}","templated":true}]}}