{"id":99417,"date":"2024-12-15T10:40:34","date_gmt":"2024-12-15T10:40:34","guid":{"rendered":"https:\/\/www.otiumhome.fi\/?p=99417"},"modified":"2025-06-06T15:42:39","modified_gmt":"2025-06-06T15:42:39","slug":"tyopoyta-laatikoilla-valkoinen-100x50x78-cm-taysi-manty","status":"publish","type":"product","link":"https:\/\/www.otiumhome.fi\/index.php\/tuote\/tyopoyta-laatikoilla-valkoinen-100x50x78-cm-taysi-manty\/","title":{"rendered":"Ty\u00f6p\u00f6yt\u00e4 laatikoilla valkoinen 100x50x78 cm t\u00e4ysi m\u00e4nty"},"content":{"rendered":"<p>Tuo tyylik\u00e4st\u00e4 tunnelmaa ty\u00f6- tai opiskelupisteeseesi t\u00e4ll\u00e4 puisella p\u00f6yd\u00e4ll\u00e4!<\/p>\n<\/p>\n<ul>\n<li>T\u00e4ysi m\u00e4nty: T\u00e4ysi m\u00e4ntypuu on kaunis luonnollinen materiaali. M\u00e4nnyll\u00e4 on suorat puunsyyt ja sen oksanpaikat antavat materiaalille sen ominaisen rustiikkisen ilmeen. <\/li>\n<li>Tukeva runko: T\u00e4m\u00e4n tietokonep\u00f6yd\u00e4n puinen rakenne takaa sen tukevuuden, kest\u00e4vyyden ja pitk\u00e4kestoisen palvelusajan. <\/li>\n<li>Runsaasti s\u00e4ilytystilaa: T\u00e4m\u00e4 toimistop\u00f6yt\u00e4 sis\u00e4lt\u00e4\u00e4 kaksi laatikkoa, jotka tarjoavat reilusti s\u00e4ilytystilaa t\u00e4rkeiden tavaroiden ulottuvilla ja hyv\u00e4ss\u00e4 j\u00e4rjestyksess\u00e4 pit\u00e4miseen. <\/li>\n<\/ul>\n<p>Varoitus:<\/p>\n<ul>\n<li>Kaatumisen est\u00e4miseksi on t\u00e4t\u00e4 tuotetta k\u00e4ytett\u00e4v\u00e4 mukana toimitetun sein\u00e4kiinnityslaitteen kanssa.<\/li>\n<\/ul>\n<p>Huomioi:<\/p>\n<ul>\n<li>Jokaisen tuotteen mukana on laatikossa kokoonpano-ohje helppoa asennusta varten.<\/li>\n<\/ul>\n<ul>\n<li>V\u00e4ri: Valkoinen<\/li>\n<li>Materiaali: T\u00e4ysi m\u00e4nty<\/li>\n<li>Mitat: 100 x 50 x 78 cm (L x S x K)<\/li>\n<\/ul>\n","protected":false},"excerpt":{"rendered":"<ul>\n<li>V\u00e4ri: Valkoinen<\/li>\n<li>Materiaali: T\u00e4ysi m\u00e4nty<\/li>\n<li>Mitat: 100 x 50 x 78 cm (L x S x K)<\/li>\n<\/ul>\n","protected":false},"featured_media":10000099417,"comment_status":"closed","ping_status":"closed","template":"","meta":[],"product_brand":[],"product_cat":[84,8551],"product_tag":[],"class_list":{"0":"post-99417","1":"product","2":"type-product","3":"status-publish","4":"has-post-thumbnail","6":"product_cat-huonekalut","7":"product_cat-kirjoituspoydat","9":"first","10":"instock","11":"taxable","12":"shipping-taxable","13":"purchasable","14":"product-type-simple"},"_links":{"self":[{"href":"https:\/\/www.otiumhome.fi\/index.php\/wp-json\/wp\/v2\/product\/99417","targetHints":{"allow":["GET"]}}],"collection":[{"href":"https:\/\/www.otiumhome.fi\/index.php\/wp-json\/wp\/v2\/product"}],"about":[{"href":"https:\/\/www.otiumhome.fi\/index.php\/wp-json\/wp\/v2\/types\/product"}],"replies":[{"embeddable":true,"href":"https:\/\/www.otiumhome.fi\/index.php\/wp-json\/wp\/v2\/comments?post=99417"}],"wp:featuredmedia":[{"embeddable":true,"href":"https:\/\/www.otiumhome.fi\/index.php\/wp-json\/"}],"wp:attachment":[{"href":"https:\/\/www.otiumhome.fi\/index.php\/wp-json\/wp\/v2\/media?parent=99417"}],"wp:term":[{"taxonomy":"product_brand","embeddable":true,"href":"https:\/\/www.otiumhome.fi\/index.php\/wp-json\/wp\/v2\/product_brand?post=99417"},{"taxonomy":"product_cat","embeddable":true,"href":"https:\/\/www.otiumhome.fi\/index.php\/wp-json\/wp\/v2\/product_cat?post=99417"},{"taxonomy":"product_tag","embeddable":true,"href":"https:\/\/www.otiumhome.fi\/index.php\/wp-json\/wp\/v2\/product_tag?post=99417"}],"curies":[{"name":"wp","href":"https:\/\/api.w.org\/{rel}","templated":true}]}}