{"id":99294,"date":"2024-12-15T10:40:20","date_gmt":"2024-12-15T10:40:20","guid":{"rendered":"https:\/\/www.otiumhome.fi\/?p=99294"},"modified":"2025-06-06T15:42:28","modified_gmt":"2025-06-06T15:42:28","slug":"tyopoyta-savutammi-90x45x76-cm-tekninen-puu","status":"publish","type":"product","link":"https:\/\/www.otiumhome.fi\/index.php\/tuote\/tyopoyta-savutammi-90x45x76-cm-tekninen-puu\/","title":{"rendered":"Ty\u00f6p\u00f6yt\u00e4 savutammi 90x45x76 cm tekninen puu"},"content":{"rendered":"<p>Tuo eleganttia tunnelmaa ty\u00f6- tai opiskelupisteeseesi t\u00e4ll\u00e4 sulavalinjaisella ja modernilla ty\u00f6p\u00f6yd\u00e4ll\u00e4!<\/p>\n<\/p>\n<ul>\n<li>Ensiluokkainen materiaali: Tekninen puu on poikkeuksellisen laadukasta ja sile\u00e4pintaista. Se on my\u00f6s luja, vakaa ja kosteudelle vastustuskykyinen.<\/li>\n<li>Runsaasti s\u00e4ilytystilaa: Kolmen laatikon ansiosta toimistop\u00f6yt\u00e4 tarjoaa runsaasti tilaa kirjojen, kansioiden ja asiakirjojen sijoittamiseen.<\/li>\n<li>Tukeva p\u00f6yt\u00e4levy: Tukeva p\u00f6yt\u00e4levy tarjoaa turvallisen pinnan tietokoneen, kannettavan tietokoneen, valokuvakehysten, koriste-esineiden, ruukkukasvien ja vastaavien asettamiseen.<\/li>\n<li>Helppo puhdistus: Tietokonep\u00f6yt\u00e4 on helppo puhdistaa kostealla liinalla.<\/li>\n<\/ul>\n<ul>\n<li>V\u00e4ri: savutammi<\/li>\n<li>Materiaali: tekninen puu<\/li>\n<li>Mitat: 90 x 45 x 76 cm (P x L x K)<\/li>\n<li>3 vetolaatikkoa<\/li>\n<li>Asennus vaaditaan: kyll\u00e4<\/li>\n<\/ul>\n","protected":false},"excerpt":{"rendered":"<ul>\n<li>V\u00e4ri: savutammi<\/li>\n<li>Materiaali: tekninen puu<\/li>\n<li>Mitat: 90 x 45 x 76 cm (P x L x K)<\/li>\n<li>3 vetolaatikkoa<\/li>\n<li>Asennus vaaditaan: kyll\u00e4<\/li>\n<\/ul>\n","protected":false},"featured_media":10000099294,"comment_status":"closed","ping_status":"closed","template":"","meta":[],"product_brand":[],"product_cat":[84,8551],"product_tag":[],"class_list":{"0":"post-99294","1":"product","2":"type-product","3":"status-publish","4":"has-post-thumbnail","6":"product_cat-huonekalut","7":"product_cat-kirjoituspoydat","9":"first","10":"instock","11":"taxable","12":"shipping-taxable","13":"purchasable","14":"product-type-simple"},"_links":{"self":[{"href":"https:\/\/www.otiumhome.fi\/index.php\/wp-json\/wp\/v2\/product\/99294","targetHints":{"allow":["GET"]}}],"collection":[{"href":"https:\/\/www.otiumhome.fi\/index.php\/wp-json\/wp\/v2\/product"}],"about":[{"href":"https:\/\/www.otiumhome.fi\/index.php\/wp-json\/wp\/v2\/types\/product"}],"replies":[{"embeddable":true,"href":"https:\/\/www.otiumhome.fi\/index.php\/wp-json\/wp\/v2\/comments?post=99294"}],"wp:featuredmedia":[{"embeddable":true,"href":"https:\/\/www.otiumhome.fi\/index.php\/wp-json\/"}],"wp:attachment":[{"href":"https:\/\/www.otiumhome.fi\/index.php\/wp-json\/wp\/v2\/media?parent=99294"}],"wp:term":[{"taxonomy":"product_brand","embeddable":true,"href":"https:\/\/www.otiumhome.fi\/index.php\/wp-json\/wp\/v2\/product_brand?post=99294"},{"taxonomy":"product_cat","embeddable":true,"href":"https:\/\/www.otiumhome.fi\/index.php\/wp-json\/wp\/v2\/product_cat?post=99294"},{"taxonomy":"product_tag","embeddable":true,"href":"https:\/\/www.otiumhome.fi\/index.php\/wp-json\/wp\/v2\/product_tag?post=99294"}],"curies":[{"name":"wp","href":"https:\/\/api.w.org\/{rel}","templated":true}]}}