{"id":99252,"date":"2024-12-15T10:40:16","date_gmt":"2024-12-15T10:40:16","guid":{"rendered":"https:\/\/www.otiumhome.fi\/?p=99252"},"modified":"2025-06-06T15:42:27","modified_gmt":"2025-06-06T15:42:27","slug":"kulmapoyta-harmaa-sonoma-145x100x76-cm-tekninen-puu","status":"publish","type":"product","link":"https:\/\/www.otiumhome.fi\/index.php\/tuote\/kulmapoyta-harmaa-sonoma-145x100x76-cm-tekninen-puu\/","title":{"rendered":"Kulmap\u00f6yt\u00e4 harmaa Sonoma 145x100x76 cm tekninen puu"},"content":{"rendered":"<p>Tuo eleganttia tunnelmaa ty\u00f6- tai opiskelupisteeseesi t\u00e4ll\u00e4 sulavalinjaisella ja modernilla kulmap\u00f6yd\u00e4ll\u00e4!<\/p>\n<\/p>\n<ul>\n<li>Ensiluokkainen materiaali: Tekninen puu on poikkeuksellisen laadukasta ja sile\u00e4pintaista. Se on my\u00f6s luja, vakaa ja kosteudelle vastustuskykyinen.<\/li>\n<li>Tilava s\u00e4ilytystila: P\u00f6yd\u00e4ss\u00e4 on kaksi avointa lokeroa, kaksi ovellista lokeroa ja nelj\u00e4 laatikkoa, jotka tarjoavat runsaasti s\u00e4ilytystilaa. Voit pit\u00e4\u00e4 opiskelutarvikkeet, kuten kirjat, tiedostot tai muut hy\u00f6dylliset esineet, k\u00e4den ulottuvilla.<\/li>\n<li>Laajat k\u00e4ytt\u00f6tarkoitukset: T\u00e4m\u00e4 opiskelup\u00f6yt\u00e4 on t\u00e4ydellinen mihin tahansa ahtaaseen toimistoon, opiskelija-asuntoon, tilarajoitettuun taloon tai tilojesi hallintaan!<\/li>\n<\/ul>\n<p>Huomioi:<\/p>\n<ul>\n<li>Jokaisen tuotteen mukana on laatikossa kokoonpano-ohje helppoa asennusta varten.<\/li>\n<\/ul>\n<ul>\n<li>V\u00e4ri: harmaa Sonoma-tammi<\/li>\n<li>Materiaali: tekninen puu<\/li>\n<li>Mitat: 145 x 100 x 76 cm (P x L x K)<\/li>\n<\/ul>\n","protected":false},"excerpt":{"rendered":"<ul>\n<li>V\u00e4ri: harmaa Sonoma-tammi<\/li>\n<li>Materiaali: tekninen puu<\/li>\n<li>Mitat: 145 x 100 x 76 cm (P x L x K)<\/li>\n<\/ul>\n","protected":false},"featured_media":10000099252,"comment_status":"closed","ping_status":"closed","template":"","meta":[],"product_brand":[],"product_cat":[84,8551],"product_tag":[],"class_list":{"0":"post-99252","1":"product","2":"type-product","3":"status-publish","4":"has-post-thumbnail","6":"product_cat-huonekalut","7":"product_cat-kirjoituspoydat","9":"first","10":"instock","11":"taxable","12":"shipping-taxable","13":"purchasable","14":"product-type-simple"},"_links":{"self":[{"href":"https:\/\/www.otiumhome.fi\/index.php\/wp-json\/wp\/v2\/product\/99252","targetHints":{"allow":["GET"]}}],"collection":[{"href":"https:\/\/www.otiumhome.fi\/index.php\/wp-json\/wp\/v2\/product"}],"about":[{"href":"https:\/\/www.otiumhome.fi\/index.php\/wp-json\/wp\/v2\/types\/product"}],"replies":[{"embeddable":true,"href":"https:\/\/www.otiumhome.fi\/index.php\/wp-json\/wp\/v2\/comments?post=99252"}],"wp:featuredmedia":[{"embeddable":true,"href":"https:\/\/www.otiumhome.fi\/index.php\/wp-json\/"}],"wp:attachment":[{"href":"https:\/\/www.otiumhome.fi\/index.php\/wp-json\/wp\/v2\/media?parent=99252"}],"wp:term":[{"taxonomy":"product_brand","embeddable":true,"href":"https:\/\/www.otiumhome.fi\/index.php\/wp-json\/wp\/v2\/product_brand?post=99252"},{"taxonomy":"product_cat","embeddable":true,"href":"https:\/\/www.otiumhome.fi\/index.php\/wp-json\/wp\/v2\/product_cat?post=99252"},{"taxonomy":"product_tag","embeddable":true,"href":"https:\/\/www.otiumhome.fi\/index.php\/wp-json\/wp\/v2\/product_tag?post=99252"}],"curies":[{"name":"wp","href":"https:\/\/api.w.org\/{rel}","templated":true}]}}