{"id":99152,"date":"2024-12-15T10:10:50","date_gmt":"2024-12-15T10:10:50","guid":{"rendered":"https:\/\/www.otiumhome.fi\/?p=99152"},"modified":"2025-12-14T06:19:49","modified_gmt":"2025-12-14T06:19:49","slug":"tyopoyta-led-valoilla-savutammi-120x55x91-cm-tekninen-puu","status":"publish","type":"product","link":"https:\/\/www.otiumhome.fi\/index.php\/tuote\/tyopoyta-led-valoilla-savutammi-120x55x91-cm-tekninen-puu\/","title":{"rendered":"Ty\u00f6p\u00f6yt\u00e4 LED-valoilla savutammi 120x55x91 cm tekninen puu"},"content":{"rendered":"<p>Runsaalla s\u00e4ilytystilalla, kest\u00e4v\u00e4ll\u00e4 rakenteella ja LED-valaistusvaihtoehdoilla varustettu ty\u00f6p\u00f6yt\u00e4 on t\u00e4ydellinen j\u00e4rjest\u00e4ytyneen ja tyylikk\u00e4\u00e4n ty\u00f6- tai pelitilan luomiseen.<\/p>\n<\/p>\n<ul>\n<li>Vakaa ja kest\u00e4v\u00e4 materiaali: Tekninen puu on kest\u00e4v\u00e4 ja vakaa materiaali, jonka sile\u00e4 pinta kest\u00e4\u00e4 kosteutta, v\u00e4\u00e4ntymist\u00e4 ja halkeilua, joten se on luotettava valinta erilaisiin projekteihin.<\/li>\n<li>RGB LED-valot miellytt\u00e4v\u00e4\u00e4n tunnelmaan: Ty\u00f6p\u00f6yd\u00e4ss\u00e4 on LED-valot, joita voidaan helposti s\u00e4\u00e4t\u00e4\u00e4 yksil\u00f6llisen valon\u00e4yt\u00f6ksen luomiseksi. Voit mukauttaa tiloja, v\u00e4rej\u00e4 ja kirkkautta sis\u00e4tilojen tunnelman ehostamiseksi.<\/li>\n<li>Runsaasti s\u00e4ilytystilaa: P\u00f6yt\u00e4 sis\u00e4lt\u00e4\u00e4 kaksi lokeroa ja laatikkoa, jotka tarjoavat laajat s\u00e4ilytysvaihtoehdot kaikille t\u00e4rkeille toimistotavaroille ja auttavat pit\u00e4m\u00e4\u00e4n ty\u00f6tilasi j\u00e4rjestyksess\u00e4 ja sotkuttomana.<\/li>\n<li>Helppo hoitaa: Sile\u00e4n pinnan ansiosta LED-valoilla varustettu p\u00f6yt\u00e4 on helppo puhdistaa kostealla liinalla ja se tarvitsee vain hieman hoitoa. Ole hyv\u00e4 ja irrota tuote virtal\u00e4hteest\u00e4 tai katkaise virrat puhdistuksen ajaksi ja kun se ei ole k\u00e4yt\u00f6ss\u00e4.<\/li>\n<\/ul>\n<p>Varoitus:<\/p>\n<ul>\n<li>Kaatumisen est\u00e4miseksi t\u00e4t\u00e4 tuotetta on k\u00e4ytett\u00e4v\u00e4 mukana toimitetun sein\u00e4kiinnityslaitteen kanssa.<\/li>\n<\/ul>\n<p>Hyv\u00e4 tiet\u00e4\u00e4:<\/p>\n<ul>\n<li>Tuotteessa on USB-liitin, joka vaatii 5 V USB virtal\u00e4hteen (ei mukana).<\/li>\n<\/ul>\n<ul>\n<li>V\u00e4ri: savutammi<\/li>\n<li>Materiaali: Tekninen puu<\/li>\n<li>Kokonaismitat: 120 x 55 x 91 cm (L x S x K)<\/li>\n<li>Kokonaiskantavuus: 90 kg<\/li>\n<li>P\u00f6yt\u00e4levyn maksimikantavuus: 70 kg<\/li>\n<li>Hyllyn maksimikantavuus: 15 kg<\/li>\n<li>LED-valaistuksen tuloj\u00e4nnite (USB-portti): DC 5 V<\/li>\n<li>Teho: 10 W<\/li>\n<li>Asennus vaaditaan: Kyll\u00e4<\/li>\n<li>Legal Documents:\n<p><span>Lis\u00e4tietoja huonekalujesi kaatumisen est\u00e4misest\u00e4 voit l\u00f6yt\u00e4\u00e4 <span style=\"text-decoration: underline\"><strong><a title=\"https:\/\/bit.ly\/3bVwkQp\" href=\"https:\/\/bit.ly\/3bVwkQp\" target=\"_blank\">t\u00e4\u00e4lt\u00e4<\/a><\/strong><\/span><\/span><\/p>\n<\/li>\n<\/ul>\n","protected":false},"excerpt":{"rendered":"<ul>\n<li>V\u00e4ri: savutammi<\/li>\n<li>Materiaali: Tekninen puu<\/li>\n<li>Kokonaismitat: 120 x 55 x 91 cm (L x S x K)<\/li>\n<li>Kokonaiskantavuus: 90 kg<\/li>\n<li>P\u00f6yt\u00e4levyn maksimikantavuus: 70 kg<\/li>\n<li>Hyllyn maksimikantavuus: 15 kg<\/li>\n<li>LED-valaistuksen tuloj\u00e4nnite (USB-portti): DC 5 V<\/li>\n<li>Teho: 10 W<\/li>\n<li>Asennus vaaditaan: Kyll\u00e4<\/li>\n<li>Legal Documents:\n<p><span>Lis\u00e4tietoja huonekalujesi kaatumisen est\u00e4misest\u00e4 voit l\u00f6yt\u00e4\u00e4 <span style=\"text-decoration: underline\"><strong><a title=\"https:\/\/bit.ly\/3bVwkQp\" href=\"https:\/\/bit.ly\/3bVwkQp\" target=\"_blank\">t\u00e4\u00e4lt\u00e4<\/a><\/strong><\/span><\/span><\/p>\n<\/li>\n<\/ul>\n","protected":false},"featured_media":10000099152,"comment_status":"closed","ping_status":"closed","template":"","meta":[],"product_brand":[],"product_cat":[84,8551],"product_tag":[],"class_list":{"0":"post-99152","1":"product","2":"type-product","3":"status-publish","4":"has-post-thumbnail","6":"product_cat-huonekalut","7":"product_cat-kirjoituspoydat","9":"first","10":"instock","11":"taxable","12":"shipping-taxable","13":"purchasable","14":"product-type-simple"},"_links":{"self":[{"href":"https:\/\/www.otiumhome.fi\/index.php\/wp-json\/wp\/v2\/product\/99152","targetHints":{"allow":["GET"]}}],"collection":[{"href":"https:\/\/www.otiumhome.fi\/index.php\/wp-json\/wp\/v2\/product"}],"about":[{"href":"https:\/\/www.otiumhome.fi\/index.php\/wp-json\/wp\/v2\/types\/product"}],"replies":[{"embeddable":true,"href":"https:\/\/www.otiumhome.fi\/index.php\/wp-json\/wp\/v2\/comments?post=99152"}],"wp:featuredmedia":[{"embeddable":true,"href":"https:\/\/www.otiumhome.fi\/index.php\/wp-json\/"}],"wp:attachment":[{"href":"https:\/\/www.otiumhome.fi\/index.php\/wp-json\/wp\/v2\/media?parent=99152"}],"wp:term":[{"taxonomy":"product_brand","embeddable":true,"href":"https:\/\/www.otiumhome.fi\/index.php\/wp-json\/wp\/v2\/product_brand?post=99152"},{"taxonomy":"product_cat","embeddable":true,"href":"https:\/\/www.otiumhome.fi\/index.php\/wp-json\/wp\/v2\/product_cat?post=99152"},{"taxonomy":"product_tag","embeddable":true,"href":"https:\/\/www.otiumhome.fi\/index.php\/wp-json\/wp\/v2\/product_tag?post=99152"}],"curies":[{"name":"wp","href":"https:\/\/api.w.org\/{rel}","templated":true}]}}