{"id":99150,"date":"2024-12-15T10:10:50","date_gmt":"2024-12-15T10:10:50","guid":{"rendered":"https:\/\/www.otiumhome.fi\/?p=99150"},"modified":"2025-06-06T15:42:21","modified_gmt":"2025-06-06T15:42:21","slug":"tyopoyta-ruskea-tammi-101x50x765-cm-tekninen-puu","status":"publish","type":"product","link":"https:\/\/www.otiumhome.fi\/index.php\/tuote\/tyopoyta-ruskea-tammi-101x50x765-cm-tekninen-puu\/","title":{"rendered":"Ty\u00f6p\u00f6yt\u00e4 ruskea tammi 101x50x76,5 cm tekninen puu"},"content":{"rendered":"<p>T\u00e4m\u00e4 ty\u00f6p\u00f6yt\u00e4 on erinomainen valinta kotiin, toimistoon, kouluun, jne.<\/p>\n<\/p>\n<p>T\u00e4ss\u00e4 ty\u00f6p\u00f6yd\u00e4ss\u00e4 on tukeva ja vakaa rakenne. P\u00f6yt\u00e4levy on ihanteellinen tietokoneen n\u00e4yt\u00f6lle, n\u00e4pp\u00e4imist\u00f6lle ja hiirelle, tai muistikirjalle, joten voit kirjoittaa ja lukea mukavasti. Voit my\u00f6s s\u00e4ilytt\u00e4\u00e4 kyni\u00e4, kirjoja ja muita esineit\u00e4 p\u00f6yd\u00e4n kahdessa vetolaatikossa. P\u00f6yt\u00e4 on helppo puhdistaa kostealla liinalla.<\/p>\n<ul>\n<li>V\u00e4ri: ruskea tammi<\/li>\n<li>Materiaali: tekninen puu<\/li>\n<li>Mitat: 101 x 50 x 76,5 cm (P x L x K)<\/li>\n<li>Asennus vaaditaan: kyll\u00e4<\/li>\n<\/ul>\n","protected":false},"excerpt":{"rendered":"<ul>\n<li>V\u00e4ri: ruskea tammi<\/li>\n<li>Materiaali: tekninen puu<\/li>\n<li>Mitat: 101 x 50 x 76,5 cm (P x L x K)<\/li>\n<li>Asennus vaaditaan: kyll\u00e4<\/li>\n<\/ul>\n","protected":false},"featured_media":10000099150,"comment_status":"closed","ping_status":"closed","template":"","meta":[],"product_brand":[],"product_cat":[84,8551],"product_tag":[],"class_list":{"0":"post-99150","1":"product","2":"type-product","3":"status-publish","4":"has-post-thumbnail","6":"product_cat-huonekalut","7":"product_cat-kirjoituspoydat","9":"first","10":"outofstock","11":"taxable","12":"shipping-taxable","13":"purchasable","14":"product-type-simple"},"_links":{"self":[{"href":"https:\/\/www.otiumhome.fi\/index.php\/wp-json\/wp\/v2\/product\/99150","targetHints":{"allow":["GET"]}}],"collection":[{"href":"https:\/\/www.otiumhome.fi\/index.php\/wp-json\/wp\/v2\/product"}],"about":[{"href":"https:\/\/www.otiumhome.fi\/index.php\/wp-json\/wp\/v2\/types\/product"}],"replies":[{"embeddable":true,"href":"https:\/\/www.otiumhome.fi\/index.php\/wp-json\/wp\/v2\/comments?post=99150"}],"wp:featuredmedia":[{"embeddable":true,"href":"https:\/\/www.otiumhome.fi\/index.php\/wp-json\/"}],"wp:attachment":[{"href":"https:\/\/www.otiumhome.fi\/index.php\/wp-json\/wp\/v2\/media?parent=99150"}],"wp:term":[{"taxonomy":"product_brand","embeddable":true,"href":"https:\/\/www.otiumhome.fi\/index.php\/wp-json\/wp\/v2\/product_brand?post=99150"},{"taxonomy":"product_cat","embeddable":true,"href":"https:\/\/www.otiumhome.fi\/index.php\/wp-json\/wp\/v2\/product_cat?post=99150"},{"taxonomy":"product_tag","embeddable":true,"href":"https:\/\/www.otiumhome.fi\/index.php\/wp-json\/wp\/v2\/product_tag?post=99150"}],"curies":[{"name":"wp","href":"https:\/\/api.w.org\/{rel}","templated":true}]}}