{"id":99148,"date":"2024-12-15T10:10:49","date_gmt":"2024-12-15T10:10:49","guid":{"rendered":"https:\/\/www.otiumhome.fi\/?p=99148"},"modified":"2025-06-06T15:42:12","modified_gmt":"2025-06-06T15:42:12","slug":"tietokonepoyta-vanhaa-puuta-80x50x75-cm-lastulevy","status":"publish","type":"product","link":"https:\/\/www.otiumhome.fi\/index.php\/tuote\/tietokonepoyta-vanhaa-puuta-80x50x75-cm-lastulevy\/","title":{"rendered":"Tietokonep\u00f6yt\u00e4 vanhaa puuta 80x50x75 cm lastulevy"},"content":{"rendered":"<p>Kompakti tietokonep\u00f6yt\u00e4 kannettaville ja p\u00f6yt\u00e4tietokoneille on suunniteltu erityisesti tilaa s\u00e4\u00e4st\u00e4viin tarkoituksiin, mik\u00e4 tekee siit\u00e4 todellisen katseenvangitsijan huoneessasi modernilla ja tyylikk\u00e4\u00e4ll\u00e4 ulkoasullaan.<\/p>\n<\/p>\n<ul>\n<li>Ensiluokkainen materiaali: Tekninen puu on poikkeuksellisen laadukasta ja sile\u00e4pintaista. Se on luja, vakaa ja kosteudelle vastustuskykyinen.<\/li>\n<li>Runsaasti s\u00e4ilytystilaa: Toimistop\u00f6yd\u00e4ss\u00e4 on erityisesti suunniteltu liukuva n\u00e4pp\u00e4imist\u00f6taso, erillisell\u00e4 hyllyll\u00e4 tietokonetornille ja kahdella hyllyll\u00e4 muille tietokoneen perustarvikkeille.<\/li>\n<li>Vapaa liikkuvuus: Voit siirt\u00e4\u00e4 t\u00e4m\u00e4n ty\u00f6aseman kaikkialle toimistoosi nelj\u00e4n mukana tulevan py\u00f6r\u00e4n avulla.<\/li>\n<li>K\u00e4yt\u00e4nn\u00f6llinen p\u00f6yt\u00e4levy: T\u00e4m\u00e4n tietokonep\u00f6yd\u00e4n suurelle ty\u00f6tasolle voit sijoittaa tietokoneen, kirjoitusmateriaalit ja muut tarvikkeet.<\/li>\n<\/ul>\n<ul>\n<li>V\u00e4ri: Vanha puu<\/li>\n<li>Materiaali: Tekninen puu<\/li>\n<li>Mitat: 80 x 50 x 75 cm (L x S x K)<\/li>\n<li>Sis\u00e4lt\u00e4\u00e4 ulosvedett\u00e4v\u00e4n n\u00e4pp\u00e4imist\u00f6alustan<\/li>\n<li>Sis\u00e4lt\u00e4\u00e4 rullapy\u00f6r\u00e4t<\/li>\n<li>Asennus vaaditaan: Kyll\u00e4<\/li>\n<\/ul>\n","protected":false},"excerpt":{"rendered":"<ul>\n<li>V\u00e4ri: Vanha puu<\/li>\n<li>Materiaali: Tekninen puu<\/li>\n<li>Mitat: 80 x 50 x 75 cm (L x S x K)<\/li>\n<li>Sis\u00e4lt\u00e4\u00e4 ulosvedett\u00e4v\u00e4n n\u00e4pp\u00e4imist\u00f6alustan<\/li>\n<li>Sis\u00e4lt\u00e4\u00e4 rullapy\u00f6r\u00e4t<\/li>\n<li>Asennus vaaditaan: Kyll\u00e4<\/li>\n<\/ul>\n","protected":false},"featured_media":10000099148,"comment_status":"closed","ping_status":"closed","template":"","meta":[],"product_brand":[],"product_cat":[84,8551],"product_tag":[],"class_list":{"0":"post-99148","1":"product","2":"type-product","3":"status-publish","4":"has-post-thumbnail","6":"product_cat-huonekalut","7":"product_cat-kirjoituspoydat","9":"first","10":"instock","11":"taxable","12":"shipping-taxable","13":"purchasable","14":"product-type-simple"},"_links":{"self":[{"href":"https:\/\/www.otiumhome.fi\/index.php\/wp-json\/wp\/v2\/product\/99148","targetHints":{"allow":["GET"]}}],"collection":[{"href":"https:\/\/www.otiumhome.fi\/index.php\/wp-json\/wp\/v2\/product"}],"about":[{"href":"https:\/\/www.otiumhome.fi\/index.php\/wp-json\/wp\/v2\/types\/product"}],"replies":[{"embeddable":true,"href":"https:\/\/www.otiumhome.fi\/index.php\/wp-json\/wp\/v2\/comments?post=99148"}],"wp:featuredmedia":[{"embeddable":true,"href":"https:\/\/www.otiumhome.fi\/index.php\/wp-json\/"}],"wp:attachment":[{"href":"https:\/\/www.otiumhome.fi\/index.php\/wp-json\/wp\/v2\/media?parent=99148"}],"wp:term":[{"taxonomy":"product_brand","embeddable":true,"href":"https:\/\/www.otiumhome.fi\/index.php\/wp-json\/wp\/v2\/product_brand?post=99148"},{"taxonomy":"product_cat","embeddable":true,"href":"https:\/\/www.otiumhome.fi\/index.php\/wp-json\/wp\/v2\/product_cat?post=99148"},{"taxonomy":"product_tag","embeddable":true,"href":"https:\/\/www.otiumhome.fi\/index.php\/wp-json\/wp\/v2\/product_tag?post=99148"}],"curies":[{"name":"wp","href":"https:\/\/api.w.org\/{rel}","templated":true}]}}