{"id":99144,"date":"2024-12-15T10:10:49","date_gmt":"2024-12-15T10:10:49","guid":{"rendered":"https:\/\/www.otiumhome.fi\/?p=99144"},"modified":"2025-06-06T15:42:21","modified_gmt":"2025-06-06T15:42:21","slug":"tyopoyta-savutammi-101x50x765-cm-lastulevy","status":"publish","type":"product","link":"https:\/\/www.otiumhome.fi\/index.php\/tuote\/tyopoyta-savutammi-101x50x765-cm-lastulevy\/","title":{"rendered":"Ty\u00f6p\u00f6yt\u00e4 savutammi 101x50x76,5 cm lastulevy"},"content":{"rendered":"<p>T\u00e4m\u00e4 ty\u00f6p\u00f6yt\u00e4 on erinomainen valinta kotiin, toimistoon, kouluun, jne.<\/p>\n<\/p>\n<p>T\u00e4ss\u00e4 ty\u00f6p\u00f6yd\u00e4ss\u00e4 on tukeva ja vakaa rakenne. P\u00f6yt\u00e4levy on ihanteellinen tietokoneen n\u00e4yt\u00f6lle, n\u00e4pp\u00e4imist\u00f6lle ja hiirelle, tai muistikirjalle, joten voit kirjoittaa ja lukea mukavasti. Voit my\u00f6s s\u00e4ilytt\u00e4\u00e4 kyni\u00e4, kirjoja ja muita esineit\u00e4 mukana olevissa kahdessa vetolaatikossa. P\u00f6yt\u00e4 on helppo puhdistaa kostealla liinalla.<\/p>\n<ul>\n<li>V\u00e4ri: savutammi<\/li>\n<li>Materiaali: lastulevy<\/li>\n<li>Mitat: 101 x 50 x 76,5 cm (P x L x K)<\/li>\n<li>Asennus vaaditaan: kyll\u00e4<\/li>\n<\/ul>\n","protected":false},"excerpt":{"rendered":"<ul>\n<li>V\u00e4ri: savutammi<\/li>\n<li>Materiaali: lastulevy<\/li>\n<li>Mitat: 101 x 50 x 76,5 cm (P x L x K)<\/li>\n<li>Asennus vaaditaan: kyll\u00e4<\/li>\n<\/ul>\n","protected":false},"featured_media":10000099144,"comment_status":"closed","ping_status":"closed","template":"","meta":[],"product_brand":[],"product_cat":[84,8551],"product_tag":[],"class_list":{"0":"post-99144","1":"product","2":"type-product","3":"status-publish","4":"has-post-thumbnail","6":"product_cat-huonekalut","7":"product_cat-kirjoituspoydat","9":"first","10":"instock","11":"taxable","12":"shipping-taxable","13":"purchasable","14":"product-type-simple"},"_links":{"self":[{"href":"https:\/\/www.otiumhome.fi\/index.php\/wp-json\/wp\/v2\/product\/99144","targetHints":{"allow":["GET"]}}],"collection":[{"href":"https:\/\/www.otiumhome.fi\/index.php\/wp-json\/wp\/v2\/product"}],"about":[{"href":"https:\/\/www.otiumhome.fi\/index.php\/wp-json\/wp\/v2\/types\/product"}],"replies":[{"embeddable":true,"href":"https:\/\/www.otiumhome.fi\/index.php\/wp-json\/wp\/v2\/comments?post=99144"}],"wp:featuredmedia":[{"embeddable":true,"href":"https:\/\/www.otiumhome.fi\/index.php\/wp-json\/"}],"wp:attachment":[{"href":"https:\/\/www.otiumhome.fi\/index.php\/wp-json\/wp\/v2\/media?parent=99144"}],"wp:term":[{"taxonomy":"product_brand","embeddable":true,"href":"https:\/\/www.otiumhome.fi\/index.php\/wp-json\/wp\/v2\/product_brand?post=99144"},{"taxonomy":"product_cat","embeddable":true,"href":"https:\/\/www.otiumhome.fi\/index.php\/wp-json\/wp\/v2\/product_cat?post=99144"},{"taxonomy":"product_tag","embeddable":true,"href":"https:\/\/www.otiumhome.fi\/index.php\/wp-json\/wp\/v2\/product_tag?post=99144"}],"curies":[{"name":"wp","href":"https:\/\/api.w.org\/{rel}","templated":true}]}}