{"id":99137,"date":"2024-12-15T10:10:48","date_gmt":"2024-12-15T10:10:48","guid":{"rendered":"https:\/\/www.otiumhome.fi\/?p=99137"},"modified":"2025-06-06T15:42:27","modified_gmt":"2025-06-06T15:42:27","slug":"tyopoyta-100x45x90-cm-karkea-taysi-mangopuu","status":"publish","type":"product","link":"https:\/\/www.otiumhome.fi\/index.php\/tuote\/tyopoyta-100x45x90-cm-karkea-taysi-mangopuu\/","title":{"rendered":"Ty\u00f6p\u00f6yt\u00e4 100x45x90 cm karkea t\u00e4ysi mangopuu"},"content":{"rendered":"<p>T\u00e4m\u00e4 vintagetyylinen puusta valmistettu p\u00f6yt\u00e4 on ajaton lis\u00e4 kotiisi.<\/p>\n<\/p>\n<p>Karkeasta t\u00e4ysmangopuusta valmistettu p\u00f6yt\u00e4 huokuu ainutlaatuista tyyli\u00e4. Upea k\u00e4sity\u00f6 ja mangopuun kauniit pintakuviot tekev\u00e4t jokaisesta kalusteesta ainutlaatuisen ja hieman toisistaan eroavan. P\u00f6yt\u00e4taso tarjoaa tukevan ja turvallisen pinnan johon voit asettaa juomia, hedelm\u00e4koreja tai vaaseja ja muita koriste-esineit\u00e4. Siin\u00e4 on kaksi laatikkoa, jotka tarjoavat riitt\u00e4v\u00e4n s\u00e4ilytystilan pienille tavaroille kuten avaimet, muistiot ja muut pienet esineet. Kirjoitusp\u00f6yt\u00e4\u00e4 voidaan k\u00e4ytt\u00e4\u00e4 my\u00f6s tietokonep\u00f6yt\u00e4n\u00e4, ty\u00f6p\u00f6yt\u00e4n\u00e4, toimistop\u00f6yt\u00e4n\u00e4, lukup\u00f6yt\u00e4n\u00e4, jne. <\/p>\n<\/p>\n<p><strong>T\u00e4rke\u00e4 huomautus: <\/strong>V\u00e4rit vaihtelevat kappaleittain, mik\u00e4 tekee jokaisesta p\u00f6yd\u00e4st\u00e4 ainutlaatuisen; toimitus on sattumanvarainen.<\/p>\n<ul>\n<li>Materiaali: karkea mangopuu luonnollisella viimeistelyll\u00e4<\/li>\n<li>Mitat: 100 x 45 x 90 cm (P x L x K)<\/li>\n<li>Kaksi laatikkoa<\/li>\n<li>Asennus vaaditaan: kyll\u00e4<\/li>\n<li><strong>VAROITUS:<\/strong> Kaatumisen est\u00e4miseksi on t\u00e4t\u00e4 tuotetta k\u00e4ytett\u00e4v\u00e4 mukana toimitetun sein\u00e4kiinnityslaitteen kanssa.<\/li>\n<li>Legal Documents:\n<p><span>Lis\u00e4tietoja huonekalujesi kaatumisen est\u00e4misest\u00e4 voit l\u00f6yt\u00e4\u00e4 <span style=\"text-decoration: underline\"><strong><a title=\"https:\/\/bit.ly\/3bVwkQp\" href=\"https:\/\/bit.ly\/3bVwkQp\" target=\"_blank\">t\u00e4\u00e4lt\u00e4<\/a><\/strong><\/span><\/span><\/p>\n<\/li>\n<\/ul>\n","protected":false},"excerpt":{"rendered":"<ul>\n<li>Materiaali: karkea mangopuu luonnollisella viimeistelyll\u00e4<\/li>\n<li>Mitat: 100 x 45 x 90 cm (P x L x K)<\/li>\n<li>Kaksi laatikkoa<\/li>\n<li>Asennus vaaditaan: kyll\u00e4<\/li>\n<li><strong>VAROITUS:<\/strong> Kaatumisen est\u00e4miseksi on t\u00e4t\u00e4 tuotetta k\u00e4ytett\u00e4v\u00e4 mukana toimitetun sein\u00e4kiinnityslaitteen kanssa.<\/li>\n<li>Legal Documents:\n<p><span>Lis\u00e4tietoja huonekalujesi kaatumisen est\u00e4misest\u00e4 voit l\u00f6yt\u00e4\u00e4 <span style=\"text-decoration: underline\"><strong><a title=\"https:\/\/bit.ly\/3bVwkQp\" href=\"https:\/\/bit.ly\/3bVwkQp\" target=\"_blank\">t\u00e4\u00e4lt\u00e4<\/a><\/strong><\/span><\/span><\/p>\n<\/li>\n<\/ul>\n","protected":false},"featured_media":10000099137,"comment_status":"closed","ping_status":"closed","template":"","meta":[],"product_brand":[],"product_cat":[84,8551],"product_tag":[],"class_list":{"0":"post-99137","1":"product","2":"type-product","3":"status-publish","4":"has-post-thumbnail","6":"product_cat-huonekalut","7":"product_cat-kirjoituspoydat","9":"first","10":"outofstock","11":"taxable","12":"shipping-taxable","13":"purchasable","14":"product-type-simple"},"_links":{"self":[{"href":"https:\/\/www.otiumhome.fi\/index.php\/wp-json\/wp\/v2\/product\/99137","targetHints":{"allow":["GET"]}}],"collection":[{"href":"https:\/\/www.otiumhome.fi\/index.php\/wp-json\/wp\/v2\/product"}],"about":[{"href":"https:\/\/www.otiumhome.fi\/index.php\/wp-json\/wp\/v2\/types\/product"}],"replies":[{"embeddable":true,"href":"https:\/\/www.otiumhome.fi\/index.php\/wp-json\/wp\/v2\/comments?post=99137"}],"wp:featuredmedia":[{"embeddable":true,"href":"https:\/\/www.otiumhome.fi\/index.php\/wp-json\/"}],"wp:attachment":[{"href":"https:\/\/www.otiumhome.fi\/index.php\/wp-json\/wp\/v2\/media?parent=99137"}],"wp:term":[{"taxonomy":"product_brand","embeddable":true,"href":"https:\/\/www.otiumhome.fi\/index.php\/wp-json\/wp\/v2\/product_brand?post=99137"},{"taxonomy":"product_cat","embeddable":true,"href":"https:\/\/www.otiumhome.fi\/index.php\/wp-json\/wp\/v2\/product_cat?post=99137"},{"taxonomy":"product_tag","embeddable":true,"href":"https:\/\/www.otiumhome.fi\/index.php\/wp-json\/wp\/v2\/product_tag?post=99137"}],"curies":[{"name":"wp","href":"https:\/\/api.w.org\/{rel}","templated":true}]}}