{"id":99110,"date":"2024-12-15T10:10:45","date_gmt":"2024-12-15T10:10:45","guid":{"rendered":"https:\/\/www.otiumhome.fi\/?p=99110"},"modified":"2025-06-06T15:42:26","modified_gmt":"2025-06-06T15:42:26","slug":"pelipoyta-k-muotoisilla-jaloilla-musta-90x60x75-cm","status":"publish","type":"product","link":"https:\/\/www.otiumhome.fi\/index.php\/tuote\/pelipoyta-k-muotoisilla-jaloilla-musta-90x60x75-cm\/","title":{"rendered":"Pelip\u00f6yt\u00e4 K-muotoisilla jaloilla musta 90x60x75 cm"},"content":{"rendered":"<p>Pelip\u00f6yt\u00e4 takaa keskittymisen ja mukavuuden, kun pelaat tai teet t\u00f6it\u00e4.<\/p>\n<\/p>\n<p>Sulavalinjainen ja ergonominen suunnittelu tarjoaa t\u00e4ydellisen peliasennon, t\u00e4m\u00e4 auttaa sinua pelaamaan pidemp\u00e4\u00e4n ja paremmin! T\u00e4ss\u00e4 tietokonep\u00f6yd\u00e4ss\u00e4 on kuuloke- ja ohjainteline, joka pit\u00e4\u00e4 kuulokkeesi k\u00e4tesi ulottuvilla. Siin\u00e4 on my\u00f6s mukiteline juomillesi. Se tarjoaa massiivisen tilan pelin\u00e4yt\u00f6llesi, tietokoneellesi, pelin\u00e4pp\u00e4imist\u00f6llesi ja muille pelitarvikkeille. Lis\u00e4ksi K-muotoinen rautajalkojen suunnittelu tekee siit\u00e4 vakaan ja t\u00e4ytt\u00e4\u00e4 jokaisen vakavasti pelaavan vaatimukset.<\/p>\n<ul>\n<li>V\u00e4ri: musta<\/li>\n<li>Materiaali: tekninen puu, rauta<\/li>\n<li>Mitat: 90 x 60 x 75 cm (P x L x K)<\/li>\n<li>P\u00f6yt\u00e4levyn paksuus: 15 mm<\/li>\n<li>Sis\u00e4lt\u00e4\u00e4 kuuloketelineen, mukitelineen, ohjaintelineen<\/li>\n<li>Asennus vaaditaan: kyll\u00e4<\/li>\n<\/ul>\n","protected":false},"excerpt":{"rendered":"<ul>\n<li>V\u00e4ri: musta<\/li>\n<li>Materiaali: tekninen puu, rauta<\/li>\n<li>Mitat: 90 x 60 x 75 cm (P x L x K)<\/li>\n<li>P\u00f6yt\u00e4levyn paksuus: 15 mm<\/li>\n<li>Sis\u00e4lt\u00e4\u00e4 kuuloketelineen, mukitelineen, ohjaintelineen<\/li>\n<li>Asennus vaaditaan: kyll\u00e4<\/li>\n<\/ul>\n","protected":false},"featured_media":10000099110,"comment_status":"closed","ping_status":"closed","template":"","meta":[],"product_brand":[],"product_cat":[84,8551],"product_tag":[],"class_list":{"0":"post-99110","1":"product","2":"type-product","3":"status-publish","4":"has-post-thumbnail","6":"product_cat-huonekalut","7":"product_cat-kirjoituspoydat","9":"first","10":"instock","11":"taxable","12":"shipping-taxable","13":"purchasable","14":"product-type-simple"},"_links":{"self":[{"href":"https:\/\/www.otiumhome.fi\/index.php\/wp-json\/wp\/v2\/product\/99110","targetHints":{"allow":["GET"]}}],"collection":[{"href":"https:\/\/www.otiumhome.fi\/index.php\/wp-json\/wp\/v2\/product"}],"about":[{"href":"https:\/\/www.otiumhome.fi\/index.php\/wp-json\/wp\/v2\/types\/product"}],"replies":[{"embeddable":true,"href":"https:\/\/www.otiumhome.fi\/index.php\/wp-json\/wp\/v2\/comments?post=99110"}],"wp:featuredmedia":[{"embeddable":true,"href":"https:\/\/www.otiumhome.fi\/index.php\/wp-json\/"}],"wp:attachment":[{"href":"https:\/\/www.otiumhome.fi\/index.php\/wp-json\/wp\/v2\/media?parent=99110"}],"wp:term":[{"taxonomy":"product_brand","embeddable":true,"href":"https:\/\/www.otiumhome.fi\/index.php\/wp-json\/wp\/v2\/product_brand?post=99110"},{"taxonomy":"product_cat","embeddable":true,"href":"https:\/\/www.otiumhome.fi\/index.php\/wp-json\/wp\/v2\/product_cat?post=99110"},{"taxonomy":"product_tag","embeddable":true,"href":"https:\/\/www.otiumhome.fi\/index.php\/wp-json\/wp\/v2\/product_tag?post=99110"}],"curies":[{"name":"wp","href":"https:\/\/api.w.org\/{rel}","templated":true}]}}