{"id":99104,"date":"2024-12-15T10:10:45","date_gmt":"2024-12-15T10:10:45","guid":{"rendered":"https:\/\/www.otiumhome.fi\/?p=99104"},"modified":"2025-11-29T04:36:10","modified_gmt":"2025-11-29T04:36:10","slug":"tyopoyta-110x50x76-cm-massiivipuu","status":"publish","type":"product","link":"https:\/\/www.otiumhome.fi\/index.php\/tuote\/tyopoyta-110x50x76-cm-massiivipuu\/","title":{"rendered":"Ty\u00f6p\u00f6yt\u00e4 110x50x76 cm massiivipuu"},"content":{"rendered":"<p>Kaunis puinen ty\u00f6p\u00f6yt\u00e4 on k\u00e4yt\u00e4nn\u00f6llinen ja ihastuttava keskipiste huoneeseesi.<\/p>\n<\/p>\n<p>T\u00e4ydest\u00e4 akasia- ja kumipuusta valmistettu vintagetyylinen ty\u00f6p\u00f6yt\u00e4 on ajaton lis\u00e4 kotiisi. Valmistuksen jokainen ty\u00f6vaihe on tehty erityisell\u00e4 huolella, olipa kyseess\u00e4 sitten kiillotus, maalaus tai lakkaus. Vahva ter\u00e4srunko tekee ty\u00f6p\u00f6yd\u00e4st\u00e4 hyvin vakaan ja kest\u00e4v\u00e4n. Tukevalle p\u00f6yt\u00e4levylle voi asettaa juomia, hedelm\u00e4korin, maljakon tai muita koriste-esineit\u00e4. Ty\u00f6p\u00f6yd\u00e4ss\u00e4 on kaksi laatikkoa, jotka tarjoavat runsaasti tilaa pikkuesineille kuten avaimille ja muistikirjoille. Ty\u00f6p\u00f6yt\u00e4\u00e4 voidaan k\u00e4ytt\u00e4\u00e4 tietokonep\u00f6yt\u00e4n\u00e4, ty\u00f6p\u00f6yt\u00e4n\u00e4, toimistop\u00f6yt\u00e4n\u00e4, lukup\u00f6yt\u00e4n\u00e4, koulup\u00f6yt\u00e4n\u00e4, jne. Se sopii my\u00f6s sivup\u00f6yd\u00e4ksi tai konsolip\u00f6yd\u00e4ksi.<\/p>\n<\/p>\n<p>T\u00e4rke\u00e4 huomio: V\u00e4rit saattavat vaihdella kappaleesta toiseen, tehden jokaisesta p\u00f6yd\u00e4st\u00e4 ainutlaatuisen. Toimitus on satunnainen, t\u00e4m\u00e4 takaa tuotteesi ainutlaatuisuuden ja yksil\u00f6llisyyden.<\/p>\n<ul>\n<li>Materiaali: T\u00e4ysi akasia- ja kumipuu<\/li>\n<li>Runkomateriaali: jauhemaalattu ter\u00e4s<\/li>\n<li>Mitat: 110 x 50 x 76 cm (P x L x K)<\/li>\n<li>Kiillotettu, osittain maalattu ja lakattu<\/li>\n<li>Asennus vaaditaan: kyll\u00e4<\/li>\n<\/ul>\n","protected":false},"excerpt":{"rendered":"<ul>\n<li>Materiaali: T\u00e4ysi akasia- ja kumipuu<\/li>\n<li>Runkomateriaali: jauhemaalattu ter\u00e4s<\/li>\n<li>Mitat: 110 x 50 x 76 cm (P x L x K)<\/li>\n<li>Kiillotettu, osittain maalattu ja lakattu<\/li>\n<li>Asennus vaaditaan: kyll\u00e4<\/li>\n<\/ul>\n","protected":false},"featured_media":10000099104,"comment_status":"closed","ping_status":"closed","template":"","meta":[],"product_brand":[],"product_cat":[84,8551],"product_tag":[],"class_list":{"0":"post-99104","1":"product","2":"type-product","3":"status-publish","4":"has-post-thumbnail","6":"product_cat-huonekalut","7":"product_cat-kirjoituspoydat","9":"first","10":"instock","11":"taxable","12":"shipping-taxable","13":"purchasable","14":"product-type-simple"},"_links":{"self":[{"href":"https:\/\/www.otiumhome.fi\/index.php\/wp-json\/wp\/v2\/product\/99104","targetHints":{"allow":["GET"]}}],"collection":[{"href":"https:\/\/www.otiumhome.fi\/index.php\/wp-json\/wp\/v2\/product"}],"about":[{"href":"https:\/\/www.otiumhome.fi\/index.php\/wp-json\/wp\/v2\/types\/product"}],"replies":[{"embeddable":true,"href":"https:\/\/www.otiumhome.fi\/index.php\/wp-json\/wp\/v2\/comments?post=99104"}],"wp:featuredmedia":[{"embeddable":true,"href":"https:\/\/www.otiumhome.fi\/index.php\/wp-json\/"}],"wp:attachment":[{"href":"https:\/\/www.otiumhome.fi\/index.php\/wp-json\/wp\/v2\/media?parent=99104"}],"wp:term":[{"taxonomy":"product_brand","embeddable":true,"href":"https:\/\/www.otiumhome.fi\/index.php\/wp-json\/wp\/v2\/product_brand?post=99104"},{"taxonomy":"product_cat","embeddable":true,"href":"https:\/\/www.otiumhome.fi\/index.php\/wp-json\/wp\/v2\/product_cat?post=99104"},{"taxonomy":"product_tag","embeddable":true,"href":"https:\/\/www.otiumhome.fi\/index.php\/wp-json\/wp\/v2\/product_tag?post=99104"}],"curies":[{"name":"wp","href":"https:\/\/api.w.org\/{rel}","templated":true}]}}