{"id":99090,"date":"2024-12-15T10:10:43","date_gmt":"2024-12-15T10:10:43","guid":{"rendered":"https:\/\/www.otiumhome.fi\/?p=99090"},"modified":"2025-06-06T15:42:16","modified_gmt":"2025-06-06T15:42:16","slug":"tyopoyta-korkeakiilto-valkoinen-1025x35x75-cm-tekninen-puu","status":"publish","type":"product","link":"https:\/\/www.otiumhome.fi\/index.php\/tuote\/tyopoyta-korkeakiilto-valkoinen-1025x35x75-cm-tekninen-puu\/","title":{"rendered":"Ty\u00f6p\u00f6yt\u00e4 korkeakiilto valkoinen 102,5x35x75 cm tekninen puu"},"content":{"rendered":"<p>T\u00e4m\u00e4 tyylik\u00e4s ja moderni ty\u00f6p\u00f6yt\u00e4 on k\u00e4yt\u00e4nn\u00f6llinen lis\u00e4 opiskelu- tai ty\u00f6skentelyalueellesi!<\/p>\n<\/p>\n<p>Sulavalinjainen p\u00f6yt\u00e4 tekee ymp\u00e4rist\u00f6st\u00e4\u00e4n modernin ja elegantin. Ty\u00f6p\u00f6yt\u00e4 sopii t\u00e4ydellisesti mihin tahansa ahtaaseen toimistoon, opiskelija-asuntoon, pieneen taloon tai jos vain haluat hallita kotisi tilavuutta! Lis\u00e4hyllyt sopivat t\u00e4ydellisesti esittelem\u00e4\u00e4n kirjoja, laatikoita ja arkisia tavaroita. Voit siis opiskella ja ty\u00f6skennell\u00e4 k\u00e4yt\u00e4nn\u00f6llisen helpolla tavalla. Voit my\u00f6s organisoida huoneesi tai toimistosi tilan ja k\u00e4ytt\u00e4\u00e4 sen paremmin hyv\u00e4ksesi!<\/p>\n<ul>\n<li>V\u00e4ri: valkoinen korkeakiilto<\/li>\n<li>Materiaali: tekninen puu<\/li>\n<li>Mitat: 102,5 x 35 x 75 cm (P x L x K)<\/li>\n<li>4 hylly\u00e4<\/li>\n<li>Asennus vaaditaan: kyll\u00e4<\/li>\n<\/ul>\n","protected":false},"excerpt":{"rendered":"<ul>\n<li>V\u00e4ri: valkoinen korkeakiilto<\/li>\n<li>Materiaali: tekninen puu<\/li>\n<li>Mitat: 102,5 x 35 x 75 cm (P x L x K)<\/li>\n<li>4 hylly\u00e4<\/li>\n<li>Asennus vaaditaan: kyll\u00e4<\/li>\n<\/ul>\n","protected":false},"featured_media":10000099090,"comment_status":"closed","ping_status":"closed","template":"","meta":[],"product_brand":[],"product_cat":[84,8551],"product_tag":[],"class_list":{"0":"post-99090","1":"product","2":"type-product","3":"status-publish","4":"has-post-thumbnail","6":"product_cat-huonekalut","7":"product_cat-kirjoituspoydat","9":"first","10":"instock","11":"taxable","12":"shipping-taxable","13":"purchasable","14":"product-type-simple"},"_links":{"self":[{"href":"https:\/\/www.otiumhome.fi\/index.php\/wp-json\/wp\/v2\/product\/99090","targetHints":{"allow":["GET"]}}],"collection":[{"href":"https:\/\/www.otiumhome.fi\/index.php\/wp-json\/wp\/v2\/product"}],"about":[{"href":"https:\/\/www.otiumhome.fi\/index.php\/wp-json\/wp\/v2\/types\/product"}],"replies":[{"embeddable":true,"href":"https:\/\/www.otiumhome.fi\/index.php\/wp-json\/wp\/v2\/comments?post=99090"}],"wp:featuredmedia":[{"embeddable":true,"href":"https:\/\/www.otiumhome.fi\/index.php\/wp-json\/"}],"wp:attachment":[{"href":"https:\/\/www.otiumhome.fi\/index.php\/wp-json\/wp\/v2\/media?parent=99090"}],"wp:term":[{"taxonomy":"product_brand","embeddable":true,"href":"https:\/\/www.otiumhome.fi\/index.php\/wp-json\/wp\/v2\/product_brand?post=99090"},{"taxonomy":"product_cat","embeddable":true,"href":"https:\/\/www.otiumhome.fi\/index.php\/wp-json\/wp\/v2\/product_cat?post=99090"},{"taxonomy":"product_tag","embeddable":true,"href":"https:\/\/www.otiumhome.fi\/index.php\/wp-json\/wp\/v2\/product_tag?post=99090"}],"curies":[{"name":"wp","href":"https:\/\/api.w.org\/{rel}","templated":true}]}}