{"id":99066,"date":"2024-12-15T10:10:40","date_gmt":"2024-12-15T10:10:40","guid":{"rendered":"https:\/\/www.otiumhome.fi\/?p=99066"},"modified":"2025-06-06T16:34:12","modified_gmt":"2025-06-06T16:34:12","slug":"kirjakaappi-tv-kaappi-kasityolainen-tammi-36x30x143cm","status":"publish","type":"product","link":"https:\/\/www.otiumhome.fi\/index.php\/tuote\/kirjakaappi-tv-kaappi-kasityolainen-tammi-36x30x143cm\/","title":{"rendered":"Kirjakaappi\/TV-kaappi k\u00e4sity\u00f6l\u00e4inen tammi 36x30x143cm"},"content":{"rendered":"<p>Tyylikk\u00e4\u00e4ll\u00e4 ja klassisella suunnittelulla varustettu kirjakaappi on koristeellinen ja k\u00e4yt\u00e4nn\u00f6llinen lis\u00e4 sisustukseesi.<\/p>\n<\/p>\n<ul>\n<li> Vakaa ja kest\u00e4v\u00e4 materiaali: Tekninen puu on kest\u00e4v\u00e4 ja vakaa materiaali, jonka sile\u00e4 pinta kest\u00e4\u00e4 kosteutta, v\u00e4\u00e4ntymist\u00e4 ja halkeilua, joten se on luotettava valinta erilaisiin projekteihin.<\/li>\n<li>Reilusti s\u00e4ilytystilaa: Kirjahyllyss\u00e4 on 4 lokeroa, se tarjoaa reilusti tilaa lehtien, kirjojen, DVD-levyjen ja multimedialaitteiden sek\u00e4 monien muiden tavaroiden ulottuvilla ja hyv\u00e4ss\u00e4 j\u00e4rjestyksess\u00e4 s\u00e4ilytt\u00e4miseen.<\/li>\n<li>Joustava muotoilu: S\u00e4ilytyskaappi on monipuolinen hylly, joka voidaan asentaa vaakasuoraan lattialle ja jopa ripustaa pysty- tai vaakasuoraan sein\u00e4lle, joten se on paras valinta asuintilaan.<\/li>\n<li>Helposti puhdistettava pinta: T\u00e4m\u00e4n kirjahyllyn pinta on helppo puhdistaa.<\/li>\n<\/ul>\n<p>Hyv\u00e4 tiet\u00e4\u00e4:<\/p>\n<ul>\n<li>Sein\u00e4\u00e4n kiinnitett\u00e4v\u00e4t ruuvit ja tulpat eiv\u00e4t sis\u00e4lly toimitukseen. Suosittelemme etsim\u00e4\u00e4n ja k\u00e4ytt\u00e4m\u00e4\u00e4n sein\u00e4\u00e4si sopivia ruuveja ja tulppia. Jos olet ep\u00e4varma, kysy ammattilaisen neuvoa. Lue ja noudata ohjeiden jokaista vaihetta.<\/li>\n<\/ul>\n<p>Varoitus:<\/p>\n<ul>\n<li>Kaatumisen est\u00e4miseksi t\u00e4t\u00e4 tuotetta on k\u00e4ytett\u00e4v\u00e4 mukana toimitetun sein\u00e4kiinnityslaitteen kanssa.<\/li>\n<\/ul>\n<ul>\n<li>V\u00e4ri: artisaanitammi<\/li>\n<li>Materiaali: Tekninen puu<\/li>\n<li>Mitat: 36 x 30 x 143 cm (L x S x K)<\/li>\n<li>Maksimikantavuus (yhteens\u00e4): 50 kg<\/li>\n<li>Asennus vaaditaan: Kyll\u00e4<\/li>\n<\/ul>\n","protected":false},"excerpt":{"rendered":"<ul>\n<li>V\u00e4ri: artisaanitammi<\/li>\n<li>Materiaali: Tekninen puu<\/li>\n<li>Mitat: 36 x 30 x 143 cm (L x S x K)<\/li>\n<li>Maksimikantavuus (yhteens\u00e4): 50 kg<\/li>\n<li>Asennus vaaditaan: Kyll\u00e4<\/li>\n<\/ul>\n","protected":false},"featured_media":10000099066,"comment_status":"closed","ping_status":"closed","template":"","meta":[],"product_brand":[],"product_cat":[84,8634],"product_tag":[],"class_list":{"0":"post-99066","1":"product","2":"type-product","3":"status-publish","4":"has-post-thumbnail","6":"product_cat-huonekalut","7":"product_cat-seinahyllyt","9":"first","10":"instock","11":"taxable","12":"shipping-taxable","13":"purchasable","14":"product-type-simple"},"_links":{"self":[{"href":"https:\/\/www.otiumhome.fi\/index.php\/wp-json\/wp\/v2\/product\/99066","targetHints":{"allow":["GET"]}}],"collection":[{"href":"https:\/\/www.otiumhome.fi\/index.php\/wp-json\/wp\/v2\/product"}],"about":[{"href":"https:\/\/www.otiumhome.fi\/index.php\/wp-json\/wp\/v2\/types\/product"}],"replies":[{"embeddable":true,"href":"https:\/\/www.otiumhome.fi\/index.php\/wp-json\/wp\/v2\/comments?post=99066"}],"wp:featuredmedia":[{"embeddable":true,"href":"https:\/\/www.otiumhome.fi\/index.php\/wp-json\/"}],"wp:attachment":[{"href":"https:\/\/www.otiumhome.fi\/index.php\/wp-json\/wp\/v2\/media?parent=99066"}],"wp:term":[{"taxonomy":"product_brand","embeddable":true,"href":"https:\/\/www.otiumhome.fi\/index.php\/wp-json\/wp\/v2\/product_brand?post=99066"},{"taxonomy":"product_cat","embeddable":true,"href":"https:\/\/www.otiumhome.fi\/index.php\/wp-json\/wp\/v2\/product_cat?post=99066"},{"taxonomy":"product_tag","embeddable":true,"href":"https:\/\/www.otiumhome.fi\/index.php\/wp-json\/wp\/v2\/product_tag?post=99066"}],"curies":[{"name":"wp","href":"https:\/\/api.w.org\/{rel}","templated":true}]}}