{"id":99054,"date":"2024-12-15T10:10:39","date_gmt":"2024-12-15T10:10:39","guid":{"rendered":"https:\/\/www.otiumhome.fi\/?p=99054"},"modified":"2025-06-06T15:39:30","modified_gmt":"2025-06-06T15:39:30","slug":"kirjahylly-kasityolainen-tammi-50x25x80-cm-tekninen-puu","status":"publish","type":"product","link":"https:\/\/www.otiumhome.fi\/index.php\/tuote\/kirjahylly-kasityolainen-tammi-50x25x80-cm-tekninen-puu\/","title":{"rendered":"Kirjahylly k\u00e4sity\u00f6l\u00e4inen tammi 50x25x80 cm tekninen puu"},"content":{"rendered":"<p>Sulavalinjaisella ja klassisella suunnittelulla varustettu kirjahylly on tarkoitettu koristeelliseksi ja k\u00e4yt\u00e4nn\u00f6lliseksi lis\u00e4ksi sisustukseesi.<\/p>\n<\/p>\n<ul>\n<li>Kest\u00e4v\u00e4 materiaali: Tekninen puu on poikkeuksellisen laadukasta ja sile\u00e4pintaista. Se on luja, vakaa ja kosteudelle vastustuskykyinen.<\/li>\n<li>Runsaasti s\u00e4ilytystilaa: 5 tilavalla lokerolla varustettu huoneenjakaja tarjoaa runsaasti s\u00e4ilytystilaa lehdille, kirjoille, DVD-levyille, multimedialaitteille ja koriste-esineille niiden j\u00e4rjestyksess\u00e4 ja k\u00e4den ulottuvilla pit\u00e4miseen.<\/li>\n<li>Monipuolinen k\u00e4ytt\u00f6: Kirjakaappi on my\u00f6s t\u00e4ydellinen s\u00e4ilytysratkaisu mihin tahansa elintilaan.<\/li>\n<li>Helppo huoltaa: Sile\u00e4n pinnan ansiosta s\u00e4ilytyskaappi on helppo puhdistaa kostealla liinalla ja se tarvitsee vain v\u00e4h\u00e4ist\u00e4 huoltoa.<\/li>\n<\/ul>\n<p>Varoitus:<\/p>\n<ul>\n<li>Kaatumisen est\u00e4miseksi t\u00e4t\u00e4 tuotetta on k\u00e4ytett\u00e4v\u00e4 mukana toimitetun sein\u00e4kiinnityslaitteen kanssa.<\/li>\n<\/ul>\n<ul>\n<li>V\u00e4ri: artisaanitammi<\/li>\n<li>Materiaali: Tekninen puu<\/li>\n<li>Kokonaismitat: 50 x 25 x 80 cm (L x S x K)<\/li>\n<li>Max. kantavuus (yhteens\u00e4): 60 kg<\/li>\n<li>Asennus vaaditaan: Kyll\u00e4<\/li>\n<\/ul>\n","protected":false},"excerpt":{"rendered":"<ul>\n<li>V\u00e4ri: artisaanitammi<\/li>\n<li>Materiaali: Tekninen puu<\/li>\n<li>Kokonaismitat: 50 x 25 x 80 cm (L x S x K)<\/li>\n<li>Max. kantavuus (yhteens\u00e4): 60 kg<\/li>\n<li>Asennus vaaditaan: Kyll\u00e4<\/li>\n<\/ul>\n","protected":false},"featured_media":10000099054,"comment_status":"closed","ping_status":"closed","template":"","meta":[],"product_brand":[],"product_cat":[84,8547],"product_tag":[],"class_list":{"0":"post-99054","1":"product","2":"type-product","3":"status-publish","4":"has-post-thumbnail","6":"product_cat-huonekalut","7":"product_cat-kirjahyllyt","9":"first","10":"instock","11":"taxable","12":"shipping-taxable","13":"purchasable","14":"product-type-simple"},"_links":{"self":[{"href":"https:\/\/www.otiumhome.fi\/index.php\/wp-json\/wp\/v2\/product\/99054","targetHints":{"allow":["GET"]}}],"collection":[{"href":"https:\/\/www.otiumhome.fi\/index.php\/wp-json\/wp\/v2\/product"}],"about":[{"href":"https:\/\/www.otiumhome.fi\/index.php\/wp-json\/wp\/v2\/types\/product"}],"replies":[{"embeddable":true,"href":"https:\/\/www.otiumhome.fi\/index.php\/wp-json\/wp\/v2\/comments?post=99054"}],"wp:featuredmedia":[{"embeddable":true,"href":"https:\/\/www.otiumhome.fi\/index.php\/wp-json\/"}],"wp:attachment":[{"href":"https:\/\/www.otiumhome.fi\/index.php\/wp-json\/wp\/v2\/media?parent=99054"}],"wp:term":[{"taxonomy":"product_brand","embeddable":true,"href":"https:\/\/www.otiumhome.fi\/index.php\/wp-json\/wp\/v2\/product_brand?post=99054"},{"taxonomy":"product_cat","embeddable":true,"href":"https:\/\/www.otiumhome.fi\/index.php\/wp-json\/wp\/v2\/product_cat?post=99054"},{"taxonomy":"product_tag","embeddable":true,"href":"https:\/\/www.otiumhome.fi\/index.php\/wp-json\/wp\/v2\/product_tag?post=99054"}],"curies":[{"name":"wp","href":"https:\/\/api.w.org\/{rel}","templated":true}]}}