{"id":99044,"date":"2024-12-15T10:10:38","date_gmt":"2024-12-15T10:10:38","guid":{"rendered":"https:\/\/www.otiumhome.fi\/?p=99044"},"modified":"2025-06-06T15:39:28","modified_gmt":"2025-06-06T15:39:28","slug":"kapea-sailytysvaunu-harmaa-sonoma-48x13x68-cm-tekninen-puu","status":"publish","type":"product","link":"https:\/\/www.otiumhome.fi\/index.php\/tuote\/kapea-sailytysvaunu-harmaa-sonoma-48x13x68-cm-tekninen-puu\/","title":{"rendered":"Kapea s\u00e4ilytysvaunu harmaa Sonoma 48x13x68 cm tekninen puu"},"content":{"rendered":"<p>T\u00e4m\u00e4 kapea s\u00e4ilytysvaunu on sek\u00e4 koristeellinen ett\u00e4 k\u00e4yt\u00e4nn\u00f6llinen lis\u00e4 kotiisi.<\/p>\n<\/p>\n<ul>\n<li>Vakaa ja kest\u00e4v\u00e4 materiaali: Tekninen puu on kest\u00e4v\u00e4 ja vakaa materiaali, jonka sile\u00e4 pinta kest\u00e4\u00e4 kosteutta, v\u00e4\u00e4ntymist\u00e4 ja halkeilua, joten se on luotettava valinta erilaisiin projekteihin.<\/li>\n<li>Runsaasti s\u00e4ilytystilaa: Kapea varastovaunu tarjoaa runsaasti s\u00e4ilytystilaa p\u00e4ivitt\u00e4istavaroiden hyv\u00e4ss\u00e4 j\u00e4rjestyksess\u00e4 ja helposti ulottuvilla pit\u00e4miseen.<\/li>\n<li>Helppo siirt\u00e4\u00e4: T\u00e4m\u00e4 nelj\u00e4ll\u00e4 k\u00e4\u00e4ntyv\u00e4ll\u00e4 py\u00f6r\u00e4ll\u00e4 varustettu vaunu on helppo siirt\u00e4\u00e4 haluttuun paikkaan. Kaksi py\u00f6r\u00e4\u00e4 voidaan lukita, jotka pit\u00e4v\u00e4t kaapin paikallaan ja lis\u00e4\u00e4v\u00e4t vakautta.<\/li>\n<li>K\u00e4yt\u00e4nn\u00f6llinen muotoilu: Voit pit\u00e4\u00e4 hygieniatuotteet tai muut tavarat saatavilla j\u00e4tt\u00e4m\u00e4ll\u00e4 ne avoimeen tilaan tai piilottaa sis\u00e4ll\u00f6n asettamalla vaunun avoimen puolen sein\u00e4\u00e4 vasten.<\/li>\n<li>Laaja k\u00e4ytt\u00f6: Voit tarpeistasi riippuen k\u00e4ytt\u00e4\u00e4 t\u00e4t\u00e4 s\u00e4ilytysvaunua olohuoneessa, keitti\u00f6ss\u00e4 tai kylpyhuoneessa, my\u00f6s pieniss\u00e4 tiloissa sen kapean muodon ansiosta.<\/li>\n<\/ul>\n<ul>\n<li>V\u00e4ri: Harmaa Sonoma<\/li>\n<li>Materiaali: Tekninen puu<\/li>\n<li>Kokonaismitat: 48 x 13 x 68 cm (L x S x K)<\/li>\n<li>Py\u00f6rien lukum\u00e4\u00e4r\u00e4: 4 (kahdessa on jarrut)<\/li>\n<li>Kantavuus per hylly: 15-20 kg<\/li>\n<li>Kokonaiskantavuus: 60 kg<\/li>\n<li>Asennus vaaditaan: Kyll\u00e4<\/li>\n<\/ul>\n","protected":false},"excerpt":{"rendered":"<ul>\n<li>V\u00e4ri: Harmaa Sonoma<\/li>\n<li>Materiaali: Tekninen puu<\/li>\n<li>Kokonaismitat: 48 x 13 x 68 cm (L x S x K)<\/li>\n<li>Py\u00f6rien lukum\u00e4\u00e4r\u00e4: 4 (kahdessa on jarrut)<\/li>\n<li>Kantavuus per hylly: 15-20 kg<\/li>\n<li>Kokonaiskantavuus: 60 kg<\/li>\n<li>Asennus vaaditaan: Kyll\u00e4<\/li>\n<\/ul>\n","protected":false},"featured_media":10000099044,"comment_status":"closed","ping_status":"closed","template":"","meta":[],"product_brand":[],"product_cat":[84,8547],"product_tag":[],"class_list":{"0":"post-99044","1":"product","2":"type-product","3":"status-publish","4":"has-post-thumbnail","6":"product_cat-huonekalut","7":"product_cat-kirjahyllyt","9":"first","10":"instock","11":"taxable","12":"shipping-taxable","13":"purchasable","14":"product-type-simple"},"_links":{"self":[{"href":"https:\/\/www.otiumhome.fi\/index.php\/wp-json\/wp\/v2\/product\/99044","targetHints":{"allow":["GET"]}}],"collection":[{"href":"https:\/\/www.otiumhome.fi\/index.php\/wp-json\/wp\/v2\/product"}],"about":[{"href":"https:\/\/www.otiumhome.fi\/index.php\/wp-json\/wp\/v2\/types\/product"}],"replies":[{"embeddable":true,"href":"https:\/\/www.otiumhome.fi\/index.php\/wp-json\/wp\/v2\/comments?post=99044"}],"wp:featuredmedia":[{"embeddable":true,"href":"https:\/\/www.otiumhome.fi\/index.php\/wp-json\/"}],"wp:attachment":[{"href":"https:\/\/www.otiumhome.fi\/index.php\/wp-json\/wp\/v2\/media?parent=99044"}],"wp:term":[{"taxonomy":"product_brand","embeddable":true,"href":"https:\/\/www.otiumhome.fi\/index.php\/wp-json\/wp\/v2\/product_brand?post=99044"},{"taxonomy":"product_cat","embeddable":true,"href":"https:\/\/www.otiumhome.fi\/index.php\/wp-json\/wp\/v2\/product_cat?post=99044"},{"taxonomy":"product_tag","embeddable":true,"href":"https:\/\/www.otiumhome.fi\/index.php\/wp-json\/wp\/v2\/product_tag?post=99044"}],"curies":[{"name":"wp","href":"https:\/\/api.w.org\/{rel}","templated":true}]}}