{"id":99017,"date":"2024-12-15T10:10:35","date_gmt":"2024-12-15T10:10:35","guid":{"rendered":"https:\/\/www.otiumhome.fi\/?p=99017"},"modified":"2025-09-29T23:28:23","modified_gmt":"2025-09-29T23:28:23","slug":"huoneenjakaja-kirjahylly-3-tasoinen-valkoinen-99x29x99-cm-puu","status":"publish","type":"product","link":"https:\/\/www.otiumhome.fi\/index.php\/tuote\/huoneenjakaja-kirjahylly-3-tasoinen-valkoinen-99x29x99-cm-puu\/","title":{"rendered":"Huoneenjakaja Kirjahylly 3-tasoinen Valkoinen 99x29x99 cm Puu"},"content":{"rendered":"<p>Kolmikerroksisessa huoneenjakajassa on kuusi kuutiomaista lokeroa, jotka sopivat t\u00e4ydellisesti tilan tyylikk\u00e4\u00e4seen j\u00e4rjest\u00e4miseen!<\/p>\n<ul>\n<li>Vakaa ja kest\u00e4v\u00e4 materiaali: Puu on kest\u00e4v\u00e4 ja vakaa materiaali, jonka sile\u00e4 pinta kest\u00e4\u00e4 kosteutta, v\u00e4\u00e4ntymist\u00e4 ja halkeilua, joten se on luotettava valinta erilaisiin projekteihin.<\/li>\n<li>Runsaasti s\u00e4ilytystilaa: Kirjahyllyss\u00e4 on kuusi kuutiomaista lokeroa, jotka sopivat t\u00e4ydellisesti kirjojen, koristeiden ja muiden kodintarvikkeiden j\u00e4rjest\u00e4miseen.<\/li>\n<li>Joustavat sijoitteluvaihtoehdot: Hylly voidaan sijoittaa joko leveys- tai korkeussuunnassa lattiaan, mik\u00e4 tarjoaa monipuolisia huoneen asetteluvaihtoehtoja.<\/li>\n<li>Monipuoliset k\u00e4ytt\u00f6mahdollisuudet: Hylly\u00e4 voidaan k\u00e4ytt\u00e4\u00e4 my\u00f6s huoneenjakajana, joka sopii helposti mihin tahansa huonetyyppiin. Voit sijoittaa sen olohuoneeseen koristeiden esillepanoon, ty\u00f6huoneeseen kirjojen ja asiakirjojen s\u00e4ilytt\u00e4miseen, makuuhuoneeseen arkip\u00e4iv\u00e4isten tavaroiden s\u00e4ilytt\u00e4miseen ja kellariin tavaroiden s\u00e4ilytt\u00e4miseen.<\/li>\n<li>Helppo huolto: Sile\u00e4n pinnan ansiosta s\u00e4ilytystilan jakajan kirjahylly on helppo puhdistaa kostealla liinalla ja vaatii v\u00e4hemm\u00e4n huoltoa.<\/li>\n<\/ul>\n<p>Varoitus:<\/p>\n<ul>\n<li>Jotta tuote ei kaadu, sit\u00e4 on k\u00e4ytett\u00e4v\u00e4 mukana toimitetun sein\u00e4kiinnikkeen kanssa.<\/li>\n<\/ul>\n<p>Hyv\u00e4 tiet\u00e4\u00e4:<\/p>\n<ul>\n<li>Sein\u00e4n sis\u00e4puolelle tarkoitetut ruuvit ja tulpat eiv\u00e4t sis\u00e4lly toimitukseen. Suosittelemme, ett\u00e4 etsit ja k\u00e4yt\u00e4t seinillesi sopivia ruuveja ja tulppia. Jos et ole varma, voit kysy\u00e4 ammattilaiselta. Lue ja noudata ohjeiden jokaista vaihetta.<\/li>\n<\/ul>\n<ul>\n<li>V\u00e4ri: Valkoinen<\/li>\n<li>Materiaali: Puu<\/li>\n<li>Kokonaismitat: 99 x 29 x 99 cm (L x S x K)<\/li>\n<li>Kuution mitat: 31 x 29 x 31 cm (L x S x K)<\/li>\n<li>Kokonaispainokapasiteetti: 80 kg<\/li>\n<li>Kuution painokapasiteetti: 10 kg<\/li>\n<li>Porrasmainen muotoilu<\/li>\n<li>Toimii my\u00f6s tilanjakajana<\/li>\n<li>Kokoaminen vaaditaan: Kyll\u00e4<\/li>\n<li>Legal Documents:\n<p><span>Lis\u00e4tietoja huonekalujesi kaatumisen est\u00e4misest\u00e4 voit l\u00f6yt\u00e4\u00e4 <span style=\"text-decoration: underline\"><strong><a title=\"https:\/\/bit.ly\/3bVwkQp\" href=\"https:\/\/bit.ly\/3bVwkQp\" target=\"_blank\">t\u00e4\u00e4lt\u00e4<\/a><\/strong><\/span><\/span><\/p>\n<\/li>\n<\/ul>\n","protected":false},"excerpt":{"rendered":"<ul>\n<li>V\u00e4ri: Valkoinen<\/li>\n<li>Materiaali: Puu<\/li>\n<li>Kokonaismitat: 99 x 29 x 99 cm (L x S x K)<\/li>\n<li>Kuution mitat: 31 x 29 x 31 cm (L x S x K)<\/li>\n<li>Kokonaispainokapasiteetti: 80 kg<\/li>\n<li>Kuution painokapasiteetti: 10 kg<\/li>\n<li>Porrasmainen muotoilu<\/li>\n<li>Toimii my\u00f6s tilanjakajana<\/li>\n<li>Kokoaminen vaaditaan: Kyll\u00e4<\/li>\n<li>Legal Documents:\n<p><span>Lis\u00e4tietoja huonekalujesi kaatumisen est\u00e4misest\u00e4 voit l\u00f6yt\u00e4\u00e4 <span style=\"text-decoration: underline\"><strong><a title=\"https:\/\/bit.ly\/3bVwkQp\" href=\"https:\/\/bit.ly\/3bVwkQp\" target=\"_blank\">t\u00e4\u00e4lt\u00e4<\/a><\/strong><\/span><\/span><\/p>\n<\/li>\n<\/ul>\n","protected":false},"featured_media":10000099017,"comment_status":"closed","ping_status":"closed","template":"","meta":[],"product_brand":[],"product_cat":[84,8547],"product_tag":[],"class_list":{"0":"post-99017","1":"product","2":"type-product","3":"status-publish","4":"has-post-thumbnail","6":"product_cat-huonekalut","7":"product_cat-kirjahyllyt","9":"first","10":"instock","11":"taxable","12":"shipping-taxable","13":"purchasable","14":"product-type-simple"},"_links":{"self":[{"href":"https:\/\/www.otiumhome.fi\/index.php\/wp-json\/wp\/v2\/product\/99017","targetHints":{"allow":["GET"]}}],"collection":[{"href":"https:\/\/www.otiumhome.fi\/index.php\/wp-json\/wp\/v2\/product"}],"about":[{"href":"https:\/\/www.otiumhome.fi\/index.php\/wp-json\/wp\/v2\/types\/product"}],"replies":[{"embeddable":true,"href":"https:\/\/www.otiumhome.fi\/index.php\/wp-json\/wp\/v2\/comments?post=99017"}],"wp:featuredmedia":[{"embeddable":true,"href":"https:\/\/www.otiumhome.fi\/index.php\/wp-json\/"}],"wp:attachment":[{"href":"https:\/\/www.otiumhome.fi\/index.php\/wp-json\/wp\/v2\/media?parent=99017"}],"wp:term":[{"taxonomy":"product_brand","embeddable":true,"href":"https:\/\/www.otiumhome.fi\/index.php\/wp-json\/wp\/v2\/product_brand?post=99017"},{"taxonomy":"product_cat","embeddable":true,"href":"https:\/\/www.otiumhome.fi\/index.php\/wp-json\/wp\/v2\/product_cat?post=99017"},{"taxonomy":"product_tag","embeddable":true,"href":"https:\/\/www.otiumhome.fi\/index.php\/wp-json\/wp\/v2\/product_tag?post=99017"}],"curies":[{"name":"wp","href":"https:\/\/api.w.org\/{rel}","templated":true}]}}