{"id":97502,"date":"2024-12-15T09:20:46","date_gmt":"2024-12-15T09:20:46","guid":{"rendered":"https:\/\/www.otiumhome.fi\/?p=97502"},"modified":"2025-06-06T15:37:57","modified_gmt":"2025-06-06T15:37:57","slug":"5-tasoinen-kirjahylly-tammi-60x276x1585-cm-tekninen-puu","status":"publish","type":"product","link":"https:\/\/www.otiumhome.fi\/index.php\/tuote\/5-tasoinen-kirjahylly-tammi-60x276x1585-cm-tekninen-puu\/","title":{"rendered":"5-tasoinen kirjahylly tammi 60&#215;27,6&#215;158,5 cm tekninen puu"},"content":{"rendered":"<p>T\u00e4t\u00e4 5-kerroksista kirjahyllykaappia voidaan k\u00e4ytt\u00e4\u00e4 olohuoneen kirjahyllyn\u00e4, koriste-esineiden esillepanoon, patiolla kasvien s\u00e4ilytt\u00e4miseen jne. Se on ajaton lis\u00e4 kotisi sisustukseen.<\/p>\n<\/p>\n<p>Hylly on valmistettu teknisest\u00e4 puusta, joten se on helppo puhdistaa kostealla liinalla. Vankka ter\u00e4srakenne tekee siit\u00e4 ruosteenkest\u00e4v\u00e4n ja lis\u00e4\u00e4 sen teollista tyyli\u00e4. S\u00e4ilytysteline on kompakti, joten se vie vain v\u00e4h\u00e4n tilaa. T\u00e4ss\u00e4 kaapissa on viisi kerrosta, joten se tarjoaa sinulle runsaasti tilaa kirjakokoelmasi, kukkien, CD-levyjen, DVD-levyjen ja muiden koriste-esineiden s\u00e4ilytt\u00e4mist\u00e4 ja esille laittamista varten.<\/p>\n<\/p>\n<p>Hylly on helppo koota.<\/p>\n<ul>\n<li>V\u00e4ri: tammi ja valkoinen<\/li>\n<li>Materiaali: tekninen puu, ter\u00e4s<\/li>\n<li>Kokonaismitat: 60 x 27,6 x 158,5 cm (P x L x K)<\/li>\n<li>Kunkin vaakahyllyn mitat: 56 x 27,6 x 1,5 cm (P x L x K)<\/li>\n<li>Kunkin pystysuoran hyllyn mitat: 56 x 6,8 x 1,5 cm (P x L x K)<\/li>\n<li>5 hylly\u00e4<\/li>\n<li>Reilusti s\u00e4ilytystilaa<\/li>\n<li>Hiottu, maalattu ja lakattu<\/li>\n<li>Helppo puhdistaa<\/li>\n<li>Enimm\u00e4iskantavuus (yhteens\u00e4): 75 kg<\/li>\n<li>Maksimikantavuus per hylly: 15 kg<\/li>\n<li>Asennus vaaditaan: kyll\u00e4<\/li>\n<\/ul>\n","protected":false},"excerpt":{"rendered":"<ul>\n<li>V\u00e4ri: tammi ja valkoinen<\/li>\n<li>Materiaali: tekninen puu, ter\u00e4s<\/li>\n<li>Kokonaismitat: 60 x 27,6 x 158,5 cm (P x L x K)<\/li>\n<li>Kunkin vaakahyllyn mitat: 56 x 27,6 x 1,5 cm (P x L x K)<\/li>\n<li>Kunkin pystysuoran hyllyn mitat: 56 x 6,8 x 1,5 cm (P x L x K)<\/li>\n<li>5 hylly\u00e4<\/li>\n<li>Reilusti s\u00e4ilytystilaa<\/li>\n<li>Hiottu, maalattu ja lakattu<\/li>\n<li>Helppo puhdistaa<\/li>\n<li>Enimm\u00e4iskantavuus (yhteens\u00e4): 75 kg<\/li>\n<li>Maksimikantavuus per hylly: 15 kg<\/li>\n<li>Asennus vaaditaan: kyll\u00e4<\/li>\n<\/ul>\n","protected":false},"featured_media":10000097502,"comment_status":"closed","ping_status":"closed","template":"","meta":[],"product_brand":[],"product_cat":[84,8547],"product_tag":[],"class_list":{"0":"post-97502","1":"product","2":"type-product","3":"status-publish","4":"has-post-thumbnail","6":"product_cat-huonekalut","7":"product_cat-kirjahyllyt","9":"first","10":"instock","11":"taxable","12":"shipping-taxable","13":"purchasable","14":"product-type-simple"},"_links":{"self":[{"href":"https:\/\/www.otiumhome.fi\/index.php\/wp-json\/wp\/v2\/product\/97502","targetHints":{"allow":["GET"]}}],"collection":[{"href":"https:\/\/www.otiumhome.fi\/index.php\/wp-json\/wp\/v2\/product"}],"about":[{"href":"https:\/\/www.otiumhome.fi\/index.php\/wp-json\/wp\/v2\/types\/product"}],"replies":[{"embeddable":true,"href":"https:\/\/www.otiumhome.fi\/index.php\/wp-json\/wp\/v2\/comments?post=97502"}],"wp:featuredmedia":[{"embeddable":true,"href":"https:\/\/www.otiumhome.fi\/index.php\/wp-json\/"}],"wp:attachment":[{"href":"https:\/\/www.otiumhome.fi\/index.php\/wp-json\/wp\/v2\/media?parent=97502"}],"wp:term":[{"taxonomy":"product_brand","embeddable":true,"href":"https:\/\/www.otiumhome.fi\/index.php\/wp-json\/wp\/v2\/product_brand?post=97502"},{"taxonomy":"product_cat","embeddable":true,"href":"https:\/\/www.otiumhome.fi\/index.php\/wp-json\/wp\/v2\/product_cat?post=97502"},{"taxonomy":"product_tag","embeddable":true,"href":"https:\/\/www.otiumhome.fi\/index.php\/wp-json\/wp\/v2\/product_tag?post=97502"}],"curies":[{"name":"wp","href":"https:\/\/api.w.org\/{rel}","templated":true}]}}