{"id":97438,"date":"2024-12-15T09:20:40","date_gmt":"2024-12-15T09:20:40","guid":{"rendered":"https:\/\/www.otiumhome.fi\/?p=97438"},"modified":"2025-06-06T15:37:55","modified_gmt":"2025-06-06T15:37:55","slug":"kirjahylly-5-tasoa-60x30x180-cm-kierratetty-puu","status":"publish","type":"product","link":"https:\/\/www.otiumhome.fi\/index.php\/tuote\/kirjahylly-5-tasoa-60x30x180-cm-kierratetty-puu\/","title":{"rendered":"Kirjahylly 5 tasoa 60x30x180 cm kierr\u00e4tetty puu"},"content":{"rendered":"<p>Luo kotiisi tai toimistoosi ripaus teollista tunnelmaa 5-tasoisella puusta valmistetulla kirjahyllyll\u00e4mme. T\u00e4m\u00e4 kirjahylly tarjoaa ihanteellisen ratkaisun kirjakokoelman, lehtien ja asiakirjojen s\u00e4ilytt\u00e4miseen tai koriste-esineiden kuten valokuvakehysten ja ker\u00e4ilyesineiden esille asettamiseen.<\/p>\n<\/p>\n<p>Kirjahyllyss\u00e4 on vakaa jauhemaalattu ter\u00e4srunko, joka antaa sille teollisen ilmeen. Retrohyllyt on valmistettu t\u00e4ydest\u00e4 kierr\u00e4tetyst\u00e4 puusta, joka on per\u00e4isin purettujen vanhojen rakennusten pylv\u00e4ist\u00e4, lattioista ja tukipalkeista. Kierr\u00e4tetty puu voi koostua erilaisista puulajeista, kuten m\u00e4nnyst\u00e4, tiikist\u00e4, py\u00f6kist\u00e4, tammesta sek\u00e4 setri-, mango- ja akaasiapuusta jne., joten se pit\u00e4\u00e4 sis\u00e4ll\u00e4\u00e4n kaikkien n\u00e4iden puiden ominaisuuksia. Kierr\u00e4tetty puu on vanhempaa, kulunutta ja kuivunutta, joten se ei kutistu tai taivu. Jokainen ty\u00f6vaihe kiillotuksesta maalaukseen sek\u00e4 lakkaukseen on suoritettu eritt\u00e4in huolellisesti. Laadukas k\u00e4sity\u00f6 ja silm\u00e4\u00e4npist\u00e4v\u00e4t puukuviot tekev\u00e4t jokaisesta huonekalusta erottuvan ja hieman erilaisen kuin muut.<\/p>\n<\/p>\n<p>Kirjahylly on helppo koota. T\u00e4rke\u00e4 huomio: V\u00e4rit ja puun syyt saattavat vaihdella kappaleittain, joten jokainen kirjahylly on ainutlaatuinen. Toimitus on satunnainen.<\/p>\n<ul>\n<li>Materiaali: t\u00e4ysi kierr\u00e4tyspuu, jauhemaalattu ter\u00e4s<\/li>\n<li>Mitat: 60 x 30 x 180 cm (L x S x K)<\/li>\n<li>Hiottu, maalattu ja lakattu<\/li>\n<li><strong>VAROITUS:<\/strong> Kaatumisen est\u00e4miseksi t\u00e4t\u00e4 tuotetta on k\u00e4ytett\u00e4v\u00e4 mukana toimitetun sein\u00e4kiinnityslaitteen kanssa<\/li>\n<li>Legal Documents:\n<p><span>Lis\u00e4tietoja huonekalujesi kaatumisen est\u00e4misest\u00e4 voit l\u00f6yt\u00e4\u00e4 <span style=\"text-decoration: underline\"><strong><a title=\"https:\/\/bit.ly\/3bVwkQp\" href=\"https:\/\/bit.ly\/3bVwkQp\" target=\"_blank\">t\u00e4\u00e4lt\u00e4<\/a><\/strong><\/span><\/span><\/p>\n<\/li>\n<\/ul>\n","protected":false},"excerpt":{"rendered":"<ul>\n<li>Materiaali: t\u00e4ysi kierr\u00e4tyspuu, jauhemaalattu ter\u00e4s<\/li>\n<li>Mitat: 60 x 30 x 180 cm (L x S x K)<\/li>\n<li>Hiottu, maalattu ja lakattu<\/li>\n<li><strong>VAROITUS:<\/strong> Kaatumisen est\u00e4miseksi t\u00e4t\u00e4 tuotetta on k\u00e4ytett\u00e4v\u00e4 mukana toimitetun sein\u00e4kiinnityslaitteen kanssa<\/li>\n<li>Legal Documents:\n<p><span>Lis\u00e4tietoja huonekalujesi kaatumisen est\u00e4misest\u00e4 voit l\u00f6yt\u00e4\u00e4 <span style=\"text-decoration: underline\"><strong><a title=\"https:\/\/bit.ly\/3bVwkQp\" href=\"https:\/\/bit.ly\/3bVwkQp\" target=\"_blank\">t\u00e4\u00e4lt\u00e4<\/a><\/strong><\/span><\/span><\/p>\n<\/li>\n<\/ul>\n","protected":false},"featured_media":10000097438,"comment_status":"closed","ping_status":"closed","template":"","meta":[],"product_brand":[],"product_cat":[84,8547],"product_tag":[],"class_list":{"0":"post-97438","1":"product","2":"type-product","3":"status-publish","4":"has-post-thumbnail","6":"product_cat-huonekalut","7":"product_cat-kirjahyllyt","9":"first","10":"instock","11":"taxable","12":"shipping-taxable","13":"purchasable","14":"product-type-simple"},"_links":{"self":[{"href":"https:\/\/www.otiumhome.fi\/index.php\/wp-json\/wp\/v2\/product\/97438","targetHints":{"allow":["GET"]}}],"collection":[{"href":"https:\/\/www.otiumhome.fi\/index.php\/wp-json\/wp\/v2\/product"}],"about":[{"href":"https:\/\/www.otiumhome.fi\/index.php\/wp-json\/wp\/v2\/types\/product"}],"replies":[{"embeddable":true,"href":"https:\/\/www.otiumhome.fi\/index.php\/wp-json\/wp\/v2\/comments?post=97438"}],"wp:featuredmedia":[{"embeddable":true,"href":"https:\/\/www.otiumhome.fi\/index.php\/wp-json\/"}],"wp:attachment":[{"href":"https:\/\/www.otiumhome.fi\/index.php\/wp-json\/wp\/v2\/media?parent=97438"}],"wp:term":[{"taxonomy":"product_brand","embeddable":true,"href":"https:\/\/www.otiumhome.fi\/index.php\/wp-json\/wp\/v2\/product_brand?post=97438"},{"taxonomy":"product_cat","embeddable":true,"href":"https:\/\/www.otiumhome.fi\/index.php\/wp-json\/wp\/v2\/product_cat?post=97438"},{"taxonomy":"product_tag","embeddable":true,"href":"https:\/\/www.otiumhome.fi\/index.php\/wp-json\/wp\/v2\/product_tag?post=97438"}],"curies":[{"name":"wp","href":"https:\/\/api.w.org\/{rel}","templated":true}]}}