{"id":96931,"date":"2024-12-15T08:55:32","date_gmt":"2024-12-15T08:55:32","guid":{"rendered":"https:\/\/www.otiumhome.fi\/?p=96931"},"modified":"2025-06-06T15:38:10","modified_gmt":"2025-06-06T15:38:10","slug":"kaappi-harmaa-sonoma-92x33x180-cm-tekninen-puu","status":"publish","type":"product","link":"https:\/\/www.otiumhome.fi\/index.php\/tuote\/kaappi-harmaa-sonoma-92x33x180-cm-tekninen-puu\/","title":{"rendered":"Kaappi harmaa Sonoma 92x33x180 cm tekninen puu"},"content":{"rendered":"<p>T\u00e4st\u00e4 klassisesta kaapista tulee sek\u00e4 koristeellinen ett\u00e4 k\u00e4yt\u00e4nn\u00f6llinen lis\u00e4 kotisi sisustukseen.<\/p>\n<\/p>\n<ul>\n<li>Vakaa ja kest\u00e4v\u00e4 materiaali: Tekninen puu on kest\u00e4v\u00e4 ja vakaa materiaali, jonka sile\u00e4 pinta kest\u00e4\u00e4 kosteutta, v\u00e4\u00e4ntymist\u00e4 ja halkeilua, joten se on luotettava valinta erilaisiin projekteihin.<\/li>\n<li>Runsaasti s\u00e4ilytystilaa: T\u00e4m\u00e4 kaappi tarjoaa runsaasti s\u00e4ilytystilaa p\u00e4ivitt\u00e4istavaroiden hyv\u00e4ss\u00e4 j\u00e4rjestyksess\u00e4 ja helposti ulottuvilla pit\u00e4miseen.<\/li>\n<li>K\u00e4yt\u00e4nn\u00f6llinen muotoilu: T\u00e4ss\u00e4 kaapissa on alakaappi ovilla, jotka suojaavat tavaroitasi p\u00f6lylt\u00e4 ja lialta.<\/li>\n<li>Laaja k\u00e4ytt\u00f6: T\u00e4t\u00e4 kaappia voidaan k\u00e4ytt\u00e4\u00e4 tarpeidesi mukaan kirjahyllyn\u00e4 tai esittelyhyllyn\u00e4 olohuoneessasi, makuuhuoneessasi tai toimistossasi.<\/li>\n<\/ul>\n<p>Varoitus:<\/p>\n<ul>\n<li>Kaatumisen est\u00e4miseksi t\u00e4t\u00e4 tuotetta on k\u00e4ytett\u00e4v\u00e4 mukana toimitetun sein\u00e4kiinnityslaitteen kanssa.<\/li>\n<\/ul>\n<p>Hyv\u00e4 tiet\u00e4\u00e4:<\/p>\n<ul>\n<li>Sein\u00e4\u00e4n kiinnitett\u00e4v\u00e4t ruuvit ja tulpat eiv\u00e4t sis\u00e4lly toimitukseen. Etsi ja k\u00e4yt\u00e4 sein\u00e4\u00e4si sopivia ruuveja ja tulppia. Jos olet ep\u00e4varma, kysy ammattilaisen neuvoa. Lue ja seuraa asennusohjeiden jokaista vaihetta huolella.<\/li>\n<\/ul>\n<ul>\n<li>V\u00e4ri: Harmaa Sonoma<\/li>\n<li>Materiaali: Tekninen puu<\/li>\n<li>Kokonaismitat: 92 x 33 x 180 cm (L x S x K)<\/li>\n<li>Hyllyn mitat (yl\u00e4): 89 x 31,5 x 39 cm (L x S x K)<\/li>\n<li>Hyllyn mitat (keski): 89 x 31,5 x 29 cm (L x S x K)<\/li>\n<li>Hyllyn mitat (ala): 28,5 x 31,5 x 19 cm (L x S x K)<\/li>\n<li>Kaapin mitat: 28,5 x 31,5 x 40 cm (L x S x K)<\/li>\n<li>Kantavuus per hylly: 20 kg<\/li>\n<li>Kokonaiskantavuus: 90 kg<\/li>\n<li>Asennus vaaditaan: Kyll\u00e4<\/li>\n<li>Legal Documents:\n<p><span>Lis\u00e4tietoja huonekalujesi kaatumisen est\u00e4misest\u00e4 voit l\u00f6yt\u00e4\u00e4 <span style=\"text-decoration: underline\"><strong><a title=\"https:\/\/bit.ly\/3bVwkQp\" href=\"https:\/\/bit.ly\/3bVwkQp\" target=\"_blank\">t\u00e4\u00e4lt\u00e4<\/a><\/strong><\/span><\/span><\/p>\n<\/li>\n<\/ul>\n","protected":false},"excerpt":{"rendered":"<ul>\n<li>V\u00e4ri: Harmaa Sonoma<\/li>\n<li>Materiaali: Tekninen puu<\/li>\n<li>Kokonaismitat: 92 x 33 x 180 cm (L x S x K)<\/li>\n<li>Hyllyn mitat (yl\u00e4): 89 x 31,5 x 39 cm (L x S x K)<\/li>\n<li>Hyllyn mitat (keski): 89 x 31,5 x 29 cm (L x S x K)<\/li>\n<li>Hyllyn mitat (ala): 28,5 x 31,5 x 19 cm (L x S x K)<\/li>\n<li>Kaapin mitat: 28,5 x 31,5 x 40 cm (L x S x K)<\/li>\n<li>Kantavuus per hylly: 20 kg<\/li>\n<li>Kokonaiskantavuus: 90 kg<\/li>\n<li>Asennus vaaditaan: Kyll\u00e4<\/li>\n<li>Legal Documents:\n<p><span>Lis\u00e4tietoja huonekalujesi kaatumisen est\u00e4misest\u00e4 voit l\u00f6yt\u00e4\u00e4 <span style=\"text-decoration: underline\"><strong><a title=\"https:\/\/bit.ly\/3bVwkQp\" href=\"https:\/\/bit.ly\/3bVwkQp\" target=\"_blank\">t\u00e4\u00e4lt\u00e4<\/a><\/strong><\/span><\/span><\/p>\n<\/li>\n<\/ul>\n","protected":false},"featured_media":10000096931,"comment_status":"closed","ping_status":"closed","template":"","meta":[],"product_brand":[],"product_cat":[84,8547],"product_tag":[],"class_list":{"0":"post-96931","1":"product","2":"type-product","3":"status-publish","4":"has-post-thumbnail","6":"product_cat-huonekalut","7":"product_cat-kirjahyllyt","9":"first","10":"instock","11":"taxable","12":"shipping-taxable","13":"purchasable","14":"product-type-simple"},"_links":{"self":[{"href":"https:\/\/www.otiumhome.fi\/index.php\/wp-json\/wp\/v2\/product\/96931","targetHints":{"allow":["GET"]}}],"collection":[{"href":"https:\/\/www.otiumhome.fi\/index.php\/wp-json\/wp\/v2\/product"}],"about":[{"href":"https:\/\/www.otiumhome.fi\/index.php\/wp-json\/wp\/v2\/types\/product"}],"replies":[{"embeddable":true,"href":"https:\/\/www.otiumhome.fi\/index.php\/wp-json\/wp\/v2\/comments?post=96931"}],"wp:featuredmedia":[{"embeddable":true,"href":"https:\/\/www.otiumhome.fi\/index.php\/wp-json\/"}],"wp:attachment":[{"href":"https:\/\/www.otiumhome.fi\/index.php\/wp-json\/wp\/v2\/media?parent=96931"}],"wp:term":[{"taxonomy":"product_brand","embeddable":true,"href":"https:\/\/www.otiumhome.fi\/index.php\/wp-json\/wp\/v2\/product_brand?post=96931"},{"taxonomy":"product_cat","embeddable":true,"href":"https:\/\/www.otiumhome.fi\/index.php\/wp-json\/wp\/v2\/product_cat?post=96931"},{"taxonomy":"product_tag","embeddable":true,"href":"https:\/\/www.otiumhome.fi\/index.php\/wp-json\/wp\/v2\/product_tag?post=96931"}],"curies":[{"name":"wp","href":"https:\/\/api.w.org\/{rel}","templated":true}]}}